{"id":1019666,"date":"2025-05-02T11:30:19","date_gmt":"2025-05-02T09:30:19","guid":{"rendered":"https:\/\/www.claret.cat\/llibre\/la-pastoral-del-papa-francisco-en-dialogo-con-la-filosofia-intersubjetiva-9788428842501\/"},"modified":"2025-05-06T11:14:02","modified_gmt":"2025-05-06T09:14:02","slug":"la-pastoral-del-papa-francisco-en-dialogo-con-la-filosofia-intersubjetiva-9788428842501","status":"publish","type":"product","link":"https:\/\/www.claret.cat\/es\/libro\/la-pastoral-del-papa-francisco-en-dialogo-con-la-filosofia-intersubjetiva-9788428842501\/","title":{"rendered":"LA PASTORAL DEL PAPA FRANCISCO EN DI\u00c1LOGO CON LA FILOSOF\u00cdA INTERSUBJETIVA"},"content":{"rendered":"<p>Aunque se insista en sobrevalorar la pastoral con respecto a la filosof\u00eda en los proyectos eclesiales, ambas se necesitan. Es lo que se trata de mostrar en el presente ensayo, estudiando la pastoral del <a href=\"https:\/\/www.claret.cat\/es\/catalogo\/?b=papa+francisco\"><strong>papa Francisco<\/strong> <\/a>\u2013que se desprende de su actividad como arzobispo de Buenos Aires y de sus documentos pontificios\u2013,la que vendr\u00e1 con el pr\u00f3ximo papa, la pastoral post-Francisco, y la propuesta que se hace de plantearnos la necesidad de una filosof\u00eda intersubjetiva.<\/p>\n","protected":false},"excerpt":{"rendered":"<p>JOS\u00c9 FRANCISCO G\u00d3MEZ HINOJOSA<\/p>\n","protected":false},"featured_media":1019667,"template":"","meta":{"_acf_changed":false,"om_disable_all_campaigns":false,"rs_blank_template":"","rs_page_bg_color":"","slide_template_v7":"","inline_featured_image":false,"_monsterinsights_skip_tracking":false,"_monsterinsights_sitenote_active":false,"_monsterinsights_sitenote_note":"","_monsterinsights_sitenote_category":0},"product_brand":[],"product_cat":[419,285],"product_tag":[],"class_list":{"0":"post-1019666","1":"product","2":"type-product","3":"status-publish","4":"has-post-thumbnail","6":"product_cat-pastoral-teologia-1_espiritualidad","7":"product_cat-pastoral-teologia","9":"first","10":"instock","11":"taxable","12":"shipping-taxable","13":"purchasable","14":"product-type-simple"},"acf":{"autor":"G\u00d3MEZ HINOJOSA , JOS\u00c9 FRANCISCO","codart":"842884250","libros-coleccion":"Cruce","ediciones":"1","encuadernacion":"R\u00fastica","fecha_de_publicacion":"30\/04\/2025","novedad":"1","paginas":"216","subtitulo":"COINCIDENCIAS Y DESAF\u00cdOS","orden":"0","portada":"1","idioma":"spa","booktrailer":"","resenas":"","editorial":[{"ID":6335,"post_author":"3","post_date":"2022-07-28 17:49:59","post_date_gmt":"2022-07-28 15:49:59","post_content":"","post_title":"PPC altres","post_excerpt":"","post_status":"publish","comment_status":"closed","ping_status":"closed","post_password":"","post_name":"ppc-altres","to_ping":"","pinged":"","post_modified":"2022-07-28 17:49:59","post_modified_gmt":"2022-07-28 15:49:59","post_content_filtered":"","post_parent":0,"guid":"http:\/\/dev.claret.cat\/editorial\/ppc-altres\/","menu_order":0,"post_type":"editorial","post_mime_type":"","comment_count":"0","filter":"raw"}],"autores-libros":"","traductores-libros":"","ilustradores-libros":"","formato":"","linkebook":"","precioebook":"","ebookportada":false,"ficha":"","muestra":"","presentacion":"","recomendamos":"","mas_vendido":""},"aioseo_notices":[],"_links":{"self":[{"href":"https:\/\/www.claret.cat\/es\/wp-json\/wp\/v2\/product\/1019666","targetHints":{"allow":["GET"]}}],"collection":[{"href":"https:\/\/www.claret.cat\/es\/wp-json\/wp\/v2\/product"}],"about":[{"href":"https:\/\/www.claret.cat\/es\/wp-json\/wp\/v2\/types\/product"}],"wp:featuredmedia":[{"embeddable":true,"href":"https:\/\/www.claret.cat\/es\/wp-json\/wp\/v2\/media\/1019667"}],"wp:attachment":[{"href":"https:\/\/www.claret.cat\/es\/wp-json\/wp\/v2\/media?parent=1019666"}],"wp:term":[{"taxonomy":"product_brand","embeddable":true,"href":"https:\/\/www.claret.cat\/es\/wp-json\/wp\/v2\/product_brand?post=1019666"},{"taxonomy":"product_cat","embeddable":true,"href":"https:\/\/www.claret.cat\/es\/wp-json\/wp\/v2\/product_cat?post=1019666"},{"taxonomy":"product_tag","embeddable":true,"href":"https:\/\/www.claret.cat\/es\/wp-json\/wp\/v2\/product_tag?post=1019666"}],"curies":[{"name":"wp","href":"https:\/\/api.w.org\/{rel}","templated":true}]}}