{"id":1019716,"date":"2025-05-02T16:11:01","date_gmt":"2025-05-02T14:11:01","guid":{"rendered":"https:\/\/www.claret.cat\/llibre\/la-cuina-de-lleida-la-vall-daran-i-la-franja-9788419474827\/"},"modified":"2025-05-05T19:40:21","modified_gmt":"2025-05-05T17:40:21","slug":"la-cuina-de-lleida-la-vall-daran-i-la-franja-9788419474827","status":"publish","type":"product","link":"https:\/\/www.claret.cat\/es\/libro\/la-cuina-de-lleida-la-vall-daran-i-la-franja-9788419474827\/","title":{"rendered":"LA CUINA DE LLEIDA, LA VALL D&#8221;ARAN I LA FRANJA"},"content":{"rendered":"<p>Allioli de codony, panadons d\u2019espinacs, caragols a la brutesca, olla aranesa, girella, trinxat, cassola de tros, conill farcit, orelletes, redorts&#8230;<br \/> La cuina de les terres de Lleida \u00e9s una cuina rica que es caracteritza per l\u2019autenticitat, l\u2019\u00fas de productes de proximitat i la influ\u00e8ncia de les tradicions agr\u00edcoles i ramaderes. Situada en una \u00e0rea que juxtaposa muntanya i plana, ofereix una \u00e0mplia gamma de plats que reflecteixen la diversitat del seu entorn.<br \/> Jaume F\u00e0brega, gastr\u00f2nom de refer\u00e8ncia, ha reunit m\u00e9s d\u2019un centenar de receptes que recullen des de la tradici\u00f3 dels productes de l\u2019horta fins a la ca\u00e7a i els embotits pirinencs, sense oblidar les conserves ni les begudes.  <br \/> Amb aquest llibre podrem preparar plats d\u2019una cuina tan variada com deliciosa i retre homenatge als productes del territori.<\/p>\n","protected":false},"excerpt":{"rendered":"<p>F\u00c0BREGA, JAUME<\/p>\n","protected":false},"featured_media":1019966,"template":"","meta":{"_acf_changed":false,"om_disable_all_campaigns":false,"rs_blank_template":"","rs_page_bg_color":"","slide_template_v7":"","inline_featured_image":false,"_monsterinsights_skip_tracking":false,"_monsterinsights_sitenote_active":false,"_monsterinsights_sitenote_note":"","_monsterinsights_sitenote_category":0},"product_brand":[],"product_cat":[553,103],"product_tag":[],"class_list":{"0":"post-1019716","1":"product","2":"type-product","3":"status-publish","4":"has-post-thumbnail","6":"product_cat-cocina","7":"product_cat-cuina","9":"first","10":"instock","11":"taxable","12":"shipping-taxable","13":"purchasable","14":"product-type-simple"},"acf":{"autor":"F\u00c0BREGA, JAUME","codart":"841947482","libros-coleccion":"Milfulls","ediciones":"1","encuadernacion":"R\u00fastica","fecha_de_publicacion":"01\/05\/2025","novedad":"1","paginas":"320","subtitulo":"","orden":"0","portada":"0","idioma":"cat","booktrailer":"","resenas":"","editorial":[{"ID":6392,"post_author":"3","post_date":"2022-07-28 17:51:10","post_date_gmt":"2022-07-28 15:51:10","post_content":"","post_title":"Viena","post_excerpt":"","post_status":"publish","comment_status":"closed","ping_status":"closed","post_password":"","post_name":"viena","to_ping":"","pinged":"","post_modified":"2022-07-28 17:51:10","post_modified_gmt":"2022-07-28 15:51:10","post_content_filtered":"","post_parent":0,"guid":"http:\/\/dev.claret.cat\/editorial\/viena\/","menu_order":0,"post_type":"editorial","post_mime_type":"","comment_count":"0","filter":"raw"}]},"aioseo_notices":[],"_links":{"self":[{"href":"https:\/\/www.claret.cat\/es\/wp-json\/wp\/v2\/product\/1019716","targetHints":{"allow":["GET"]}}],"collection":[{"href":"https:\/\/www.claret.cat\/es\/wp-json\/wp\/v2\/product"}],"about":[{"href":"https:\/\/www.claret.cat\/es\/wp-json\/wp\/v2\/types\/product"}],"wp:featuredmedia":[{"embeddable":true,"href":"https:\/\/www.claret.cat\/es\/wp-json\/wp\/v2\/media\/1019966"}],"wp:attachment":[{"href":"https:\/\/www.claret.cat\/es\/wp-json\/wp\/v2\/media?parent=1019716"}],"wp:term":[{"taxonomy":"product_brand","embeddable":true,"href":"https:\/\/www.claret.cat\/es\/wp-json\/wp\/v2\/product_brand?post=1019716"},{"taxonomy":"product_cat","embeddable":true,"href":"https:\/\/www.claret.cat\/es\/wp-json\/wp\/v2\/product_cat?post=1019716"},{"taxonomy":"product_tag","embeddable":true,"href":"https:\/\/www.claret.cat\/es\/wp-json\/wp\/v2\/product_tag?post=1019716"}],"curies":[{"name":"wp","href":"https:\/\/api.w.org\/{rel}","templated":true}]}}