{"id":1019876,"date":"2025-05-05T11:30:02","date_gmt":"2025-05-05T09:30:02","guid":{"rendered":"https:\/\/www.claret.cat\/llibre\/tierra-fertil-luminosa-y-alegre-9788431340216\/"},"modified":"2026-01-19T11:35:38","modified_gmt":"2026-01-19T10:35:38","slug":"tierra-fertil-luminosa-y-alegre-9788431340216","status":"publish","type":"product","link":"https:\/\/www.claret.cat\/es\/libro\/tierra-fertil-luminosa-y-alegre-9788431340216\/","title":{"rendered":"TIERRA F\u00c9RTIL, LUMINOSA Y ALEGRE"},"content":{"rendered":"<p>Hace m\u00e1s de 70 a\u00f1os, un grupo de hombres y mujeres llegaron a Culiac\u00e1n, Sinaloa, con la misi\u00f3n de expandir la labor del Opus Dei en M\u00e9xico. Sembraron una semilla en una tierra f\u00e9rtil, que pronto se convert\u00eda en un semillero de vocaciones. Descubrieron una tierra luminosa, donde el sol inspira a la gente a trabajar, a salir adelante a pesar de las dificultades, a hacer crecer sus familias, sus trabajos, su persona. Se adentraron en un lugar donde sus habitantes irradian luz propia. Encontraron personas alegres que les abrieron las puertas de sus hogares y que, con mucho amor y entusiasmo, adoptaron la misi\u00f3n de la Obra como propia. Llegaron a casa e hicieron de Sinaloa su hogar.<br \/> A lo largo de estas p\u00e1ginas se narran an\u00e9cdotas de muchas personas que encontraron en el Opus Dei el camino para hacer una vida buena, llena de logros, de alegr\u00eda y de amor y que, durante este tiempo, han trabajado para continuar haciendo de esta una tierra f\u00e9rtil, luminosa y alegre. Y as\u00ed seguir\u00e1 siendo. Mientras existan personas de buena fe que salgan al campo a echar semillas en una tierra buena, siempre habr\u00e1 mejores frutos.<\/p>\n","protected":false},"excerpt":{"rendered":"<p>VEL\u00c1ZQUEZ VIZCARRA, MARIO ENRIQUE<\/p>\n","protected":false},"featured_media":1019890,"template":"","meta":{"_acf_changed":false,"om_disable_all_campaigns":false,"rs_blank_template":"","rs_page_bg_color":"","slide_template_v7":"","inline_featured_image":false,"_monsterinsights_skip_tracking":false,"_monsterinsights_sitenote_active":false,"_monsterinsights_sitenote_note":"","_monsterinsights_sitenote_category":0},"product_brand":[],"product_cat":[92,542],"product_tag":[],"class_list":{"0":"post-1019876","1":"product","2":"type-product","3":"status-publish","4":"has-post-thumbnail","6":"product_cat-vida-religiosa","7":"product_cat-vida-religiosa-1_espiritualidad-spa","9":"first","10":"instock","11":"taxable","12":"shipping-taxable","13":"purchasable","14":"product-type-simple"},"acf":{"autor":"VEL\u00c1ZQUEZ VIZCARRA, MARIO ENRIQUE","codart":"843134021","libros-coleccion":"FUERA DE COLECCI\u00d3N","ediciones":"1","encuadernacion":"R\u00fastica","fecha_de_publicacion":"01\/04\/2025","novedad":"1","paginas":"248","subtitulo":"RELATOS DE LOS PRIMEROS PASOS DEL OPUS DEI EN SINALOA","orden":"0","portada":"0","idioma":"spa","booktrailer":"","resenas":"","editorial":[{"ID":6251,"post_author":"3","post_date":"2022-07-28 17:48:11","post_date_gmt":"2022-07-28 15:48:11","post_content":"","post_title":"EUNSA. EDICIONES UNIVERSIDAD DE NAVARRA","post_excerpt":"","post_status":"publish","comment_status":"closed","ping_status":"closed","post_password":"","post_name":"eunsa-ediciones-universidad-de-navarra","to_ping":"","pinged":"","post_modified":"2022-07-28 17:48:11","post_modified_gmt":"2022-07-28 15:48:11","post_content_filtered":"","post_parent":0,"guid":"http:\/\/dev.claret.cat\/editorial\/eunsa-ediciones-universidad-de-navarra\/","menu_order":0,"post_type":"editorial","post_mime_type":"","comment_count":"0","filter":"raw"}]},"aioseo_notices":[],"_links":{"self":[{"href":"https:\/\/www.claret.cat\/es\/wp-json\/wp\/v2\/product\/1019876","targetHints":{"allow":["GET"]}}],"collection":[{"href":"https:\/\/www.claret.cat\/es\/wp-json\/wp\/v2\/product"}],"about":[{"href":"https:\/\/www.claret.cat\/es\/wp-json\/wp\/v2\/types\/product"}],"wp:featuredmedia":[{"embeddable":true,"href":"https:\/\/www.claret.cat\/es\/wp-json\/wp\/v2\/media\/1019890"}],"wp:attachment":[{"href":"https:\/\/www.claret.cat\/es\/wp-json\/wp\/v2\/media?parent=1019876"}],"wp:term":[{"taxonomy":"product_brand","embeddable":true,"href":"https:\/\/www.claret.cat\/es\/wp-json\/wp\/v2\/product_brand?post=1019876"},{"taxonomy":"product_cat","embeddable":true,"href":"https:\/\/www.claret.cat\/es\/wp-json\/wp\/v2\/product_cat?post=1019876"},{"taxonomy":"product_tag","embeddable":true,"href":"https:\/\/www.claret.cat\/es\/wp-json\/wp\/v2\/product_tag?post=1019876"}],"curies":[{"name":"wp","href":"https:\/\/api.w.org\/{rel}","templated":true}]}}