{"id":1019898,"date":"2025-05-05T12:15:02","date_gmt":"2025-05-05T10:15:02","guid":{"rendered":"https:\/\/www.claret.cat\/llibre\/colapso-9788490329085\/"},"modified":"2025-05-06T18:20:12","modified_gmt":"2025-05-06T16:20:12","slug":"colapso-9788490329085","status":"publish","type":"product","link":"https:\/\/www.claret.cat\/es\/libro\/colapso-9788490329085\/","title":{"rendered":"COLAPSO"},"content":{"rendered":"<p>Jared Diamond se pregunta c\u00f3mo unas sociedades que han desaparecido sin apenas dejar huella de su evoluci\u00f3n han alcanzado una pr\u00f3spera civilizaci\u00f3n material y cultural. A trav\u00e9s de sus amplios conocimientos en sociolog\u00eda, econom\u00eda, ling\u00fc\u00edstica, biolog\u00eda o antropolog\u00eda, Diamond trata de explicar la desaparici\u00f3n de sociedades del pasado y se pregunta si podemos aprender la lecci\u00f3n y evitar desastres parecidos en el futuro. El punto de partida es una rigurosa investigaci\u00f3n de los casos de culturas que no han perdurado: historias tr\u00e1gicas como la de los mayas, la de la Isla de Pascua o la de los indios anasazi en Norteam\u00e9rica; historias menos terribles como la de Islandia o de Jap\u00f3n, culturas que han sabido reaccionar con \u00e9xito a desaf\u00edos ambientales; historias tambi\u00e9n de vencedores y vencidos, como el caso de la Rep\u00fablica Dominicana y de Hait\u00ed, dos pueblos que a pesar de compartir el mismo medio ambiente han evolucionado de modos muy distintos, y finalmente historias a\u00fan abiertas como las de China o Australia, que est\u00e1n buscando soluciones innovadoras a sus desaf\u00edos ecol\u00f3gicos y sociales. \u00bfQu\u00e9 lecci\u00f3n podemos aprender del pasado? \u00bfEst\u00e1 nuestro futuro en peligro? Las respuestas que ofrece este libro no son catastr\u00f3ficas, pero al mismo tiempo nos advierten de la urgencia de tomar decisiones cuanto antes si queremos seguir admirando las ruinas de otros pueblos que nos han precedido.Rese\u00f1as:<br \/>\u00abUno de los proyectos intelectuales m\u00e1s significativos de nuestra generaci\u00f3n.\u00bb<br \/>The New York Times \u00abEn conjunto, Armas, g\u00e9rmenes y acero y Colapso representan uno de los proyectos m\u00e1s importantes en los que se ha embarcado ning\u00fan intelectual de nuestra generaci\u00f3n.\u00bb<br \/>Gregg Easterbrook, The New York Time Book Review<\/p>\n","protected":false},"excerpt":{"rendered":"<p>DIAMOND, JARED<\/p>\n","protected":false},"featured_media":1019899,"template":"","meta":{"_acf_changed":false,"om_disable_all_campaigns":false,"rs_blank_template":"","rs_page_bg_color":"","slide_template_v7":"","inline_featured_image":false,"_monsterinsights_skip_tracking":false,"_monsterinsights_sitenote_active":false,"_monsterinsights_sitenote_note":"","_monsterinsights_sitenote_category":0},"product_brand":[],"product_cat":[157,370],"product_tag":[],"class_list":{"0":"post-1019898","1":"product","2":"type-product","3":"status-publish","4":"has-post-thumbnail","6":"product_cat-investigacio-i-corrents","7":"product_cat-investigacion-y-corrientes","9":"first","10":"instock","11":"taxable","12":"shipping-taxable","13":"purchasable","14":"product-type-simple"},"acf":{"autor":"DIAMOND, JARED","codart":"849032908","libros-coleccion":"FORA DE COL.LECCI\u00d3","ediciones":"1","encuadernacion":"R\u00fastica","fecha_de_publicacion":"01\/01\/2007","novedad":"1","paginas":"764","subtitulo":"POR QU\u00c9 UNAS SOCIEDADES PERDURAN Y OTRAS DESAPARECEN","orden":"0","portada":"0","idioma":"spa","booktrailer":"","resenas":"","editorial":[{"ID":6178,"post_author":"3","post_date":"2022-07-28 17:46:34","post_date_gmt":"2022-07-28 15:46:34","post_content":"","post_title":"DEBOLSILLO","post_excerpt":"","post_status":"publish","comment_status":"closed","ping_status":"closed","post_password":"","post_name":"debolsillo","to_ping":"","pinged":"","post_modified":"2022-07-28 17:46:34","post_modified_gmt":"2022-07-28 15:46:34","post_content_filtered":"","post_parent":0,"guid":"http:\/\/dev.claret.cat\/editorial\/debolsillo\/","menu_order":0,"post_type":"editorial","post_mime_type":"","comment_count":"0","filter":"raw"}]},"aioseo_notices":[],"_links":{"self":[{"href":"https:\/\/www.claret.cat\/es\/wp-json\/wp\/v2\/product\/1019898","targetHints":{"allow":["GET"]}}],"collection":[{"href":"https:\/\/www.claret.cat\/es\/wp-json\/wp\/v2\/product"}],"about":[{"href":"https:\/\/www.claret.cat\/es\/wp-json\/wp\/v2\/types\/product"}],"wp:featuredmedia":[{"embeddable":true,"href":"https:\/\/www.claret.cat\/es\/wp-json\/wp\/v2\/media\/1019899"}],"wp:attachment":[{"href":"https:\/\/www.claret.cat\/es\/wp-json\/wp\/v2\/media?parent=1019898"}],"wp:term":[{"taxonomy":"product_brand","embeddable":true,"href":"https:\/\/www.claret.cat\/es\/wp-json\/wp\/v2\/product_brand?post=1019898"},{"taxonomy":"product_cat","embeddable":true,"href":"https:\/\/www.claret.cat\/es\/wp-json\/wp\/v2\/product_cat?post=1019898"},{"taxonomy":"product_tag","embeddable":true,"href":"https:\/\/www.claret.cat\/es\/wp-json\/wp\/v2\/product_tag?post=1019898"}],"curies":[{"name":"wp","href":"https:\/\/api.w.org\/{rel}","templated":true}]}}