{"id":1019914,"date":"2025-05-05T13:20:02","date_gmt":"2025-05-05T11:20:02","guid":{"rendered":"https:\/\/www.claret.cat\/llibre\/enigma-de-pedro-barrantes-9788410023857\/"},"modified":"2025-05-05T13:36:22","modified_gmt":"2025-05-05T11:36:22","slug":"enigma-de-pedro-barrantes-9788410023857","status":"publish","type":"product","link":"https:\/\/www.claret.cat\/es\/libro\/enigma-de-pedro-barrantes-9788410023857\/","title":{"rendered":"ENIGMA DE PEDRO BARRANTES"},"content":{"rendered":"<p><span>Misterio. Esta palabra nos evoca algo que no ha sido aclarado a\u00fan por la raz\u00f3n o el conocimiento. A veces, tambi\u00e9n, los misterios permanecen ocultos porque nadie se dedica a sacarlos a la luz. Si no hay evidencia de misterio no hay misterio. En la experiencia vital de Pedro Barrantes estar\u00edamos en este caso. \u00bfQu\u00e9 misterio puede existir en la vida de un hombre bueno que la mayor parte de su vida se dedic\u00f3 en Burgos a amar a sus hermanos, y que muri\u00f3 santamente, rodeado de la admiraci\u00f3n de sus semejantes?<\/span><\/p>\n<p><span>Todo hombre excepcional como \u00e9l, encierra un misterio que algunos de sus contempor\u00e1neos quiz\u00e1s atisbaron a ver, y que podemos comprobar a trav\u00e9s de la lectura de las homil\u00edas que le dedicaron benem\u00e9ritos sacerdotes tras su muerte.<\/span><\/p>\n<p><span>Pero el misterio de Pedro Barrantes va m\u00e1s all\u00e1 de su muerte y llega hasta nuestros d\u00edas. Misterio, porque a pesar de su fama de santo, se olvidaron tan misteriosamente de \u00e9l que se les olvid\u00f3 d\u00f3nde estaba enterrado en la Catedral de Burgos. Y cuando finalmente se descubri\u00f3 la ubicaci\u00f3n de la caja mortuoria, y hasta en dos ocasiones, se tap\u00f3, literalmente el misterio, que rodeaba a su contenido.<\/span><\/p>\n<p><span>Lo importante de Pedro Barrantes, para los burgaleses del siglo XXI, son sus virtudes, reunidas en un mismo ser humano, un misterio que modestamente desvelo y que es digno de que imitemos todos. Hay otro misterio que a trav\u00e9s de las modernas tecnolog\u00edas, si alguien quiere, puede ser aclarado definitivamente, y que comento en este peque\u00f1o op\u00fasculo; pero, en absoluto, su conocimiento, sustituir\u00e1 a la gran figura humana que describo en este libro, en todo caso ayudar\u00e1 a potenciarla a\u00fan m\u00e1s. Desvelemos el misterio.<\/span><\/p>\n","protected":false},"excerpt":{"rendered":"<p>C\u00c1MARA MORAL, MANUEL<\/p>\n","protected":false},"featured_media":1019945,"template":"","meta":{"_acf_changed":false,"om_disable_all_campaigns":false,"rs_blank_template":"","rs_page_bg_color":"","slide_template_v7":"","inline_featured_image":false,"_monsterinsights_skip_tracking":false,"_monsterinsights_sitenote_active":false,"_monsterinsights_sitenote_note":"","_monsterinsights_sitenote_category":0},"product_brand":[],"product_cat":[92,542],"product_tag":[],"class_list":{"0":"post-1019914","1":"product","2":"type-product","3":"status-publish","4":"has-post-thumbnail","6":"product_cat-vida-religiosa","7":"product_cat-vida-religiosa-1_espiritualidad-spa","9":"first","10":"instock","11":"taxable","12":"shipping-taxable","13":"purchasable","14":"product-type-simple"},"acf":{"autor":"C\u00c1MARA MORAL, MANUEL","codart":"841002385","libros-coleccion":"","ediciones":"1","encuadernacion":"R\u00fastica","fecha_de_publicacion":"05\/05\/2025","novedad":"1","paginas":"118","subtitulo":"","orden":"0","portada":"0","idioma":"spa","booktrailer":"","resenas":"","editorial":[{"ID":6309,"post_author":"3","post_date":"2022-07-28 17:49:25","post_date_gmt":"2022-07-28 15:49:25","post_content":"","post_title":"Monte Carmelo","post_excerpt":"","post_status":"publish","comment_status":"closed","ping_status":"closed","post_password":"","post_name":"monte-carmelo","to_ping":"","pinged":"","post_modified":"2022-07-28 17:49:25","post_modified_gmt":"2022-07-28 15:49:25","post_content_filtered":"","post_parent":0,"guid":"http:\/\/dev.claret.cat\/editorial\/monte-carmelo\/","menu_order":0,"post_type":"editorial","post_mime_type":"","comment_count":"0","filter":"raw"}]},"aioseo_notices":[],"_links":{"self":[{"href":"https:\/\/www.claret.cat\/es\/wp-json\/wp\/v2\/product\/1019914","targetHints":{"allow":["GET"]}}],"collection":[{"href":"https:\/\/www.claret.cat\/es\/wp-json\/wp\/v2\/product"}],"about":[{"href":"https:\/\/www.claret.cat\/es\/wp-json\/wp\/v2\/types\/product"}],"wp:featuredmedia":[{"embeddable":true,"href":"https:\/\/www.claret.cat\/es\/wp-json\/wp\/v2\/media\/1019945"}],"wp:attachment":[{"href":"https:\/\/www.claret.cat\/es\/wp-json\/wp\/v2\/media?parent=1019914"}],"wp:term":[{"taxonomy":"product_brand","embeddable":true,"href":"https:\/\/www.claret.cat\/es\/wp-json\/wp\/v2\/product_brand?post=1019914"},{"taxonomy":"product_cat","embeddable":true,"href":"https:\/\/www.claret.cat\/es\/wp-json\/wp\/v2\/product_cat?post=1019914"},{"taxonomy":"product_tag","embeddable":true,"href":"https:\/\/www.claret.cat\/es\/wp-json\/wp\/v2\/product_tag?post=1019914"}],"curies":[{"name":"wp","href":"https:\/\/api.w.org\/{rel}","templated":true}]}}