{"id":102023,"date":"2022-10-12T08:15:11","date_gmt":"2022-10-12T06:15:11","guid":{"rendered":"http:\/\/dev.claret.cat\/producte\/rosas-muertas\/"},"modified":"2025-01-20T17:20:39","modified_gmt":"2025-01-20T16:20:39","slug":"rosas-muertas-9788491871675","status":"publish","type":"product","link":"https:\/\/www.claret.cat\/es\/libro\/rosas-muertas-9788491871675\/","title":{"rendered":"ROSAS MUERTAS"},"content":{"rendered":"<p>A los pies de la tumba de J\u00f3n Sigur\u00f0sson, el hist\u00f3rico h\u00e9roe de la independencia islandesa, yace el cad\u00e1ver de una joven desnuda. Nadie sabe qui\u00e9n es ni porque la han abandonado en un lugar tan emblem\u00e1tico rodeada de flores. La polic\u00edao ha averiguado que era drogadicta y que abusaron de ella. Al frente de la investigaci\u00f3n, Erneldur Sveinsson va a ir descubriendo que la chica tan solo es una pieza m\u00e1s en un juego de corrupci\u00f3n, negocios turbios y af\u00e1n desmedido de poder.<\/p>\n","protected":false},"excerpt":{"rendered":"<p>INDRIDASON ARNALDUR<\/p>\n","protected":false},"featured_media":102024,"template":"","meta":{"_acf_changed":false,"om_disable_all_campaigns":false,"rs_blank_template":"","rs_page_bg_color":"","slide_template_v7":"","inline_featured_image":false,"_monsterinsights_skip_tracking":false,"_monsterinsights_sitenote_active":false,"_monsterinsights_sitenote_note":"","_monsterinsights_sitenote_category":0},"product_brand":[],"product_cat":[127,357],"product_tag":[],"class_list":{"0":"post-102023","1":"product","2":"type-product","3":"status-publish","4":"has-post-thumbnail","6":"product_cat-novella-contemporania","7":"product_cat-novela-contemporanea","9":"first","10":"instock","11":"taxable","12":"shipping-taxable","13":"purchasable","14":"product-type-simple"},"acf":{"editorial":[{"ID":148734,"post_author":"3","post_date":"2022-10-14 12:00:33","post_date_gmt":"2022-10-14 10:00:33","post_content":"","post_title":"RBA Bolsillo","post_excerpt":"","post_status":"publish","comment_status":"closed","ping_status":"closed","post_password":"","post_name":"rba-bolsillo","to_ping":"","pinged":"","post_modified":"2022-10-14 12:00:33","post_modified_gmt":"2022-10-14 10:00:33","post_content_filtered":"","post_parent":0,"guid":"http:\/\/dev.claret.cat\/editorial\/rba-bolsillo\/","menu_order":0,"post_type":"editorial","post_mime_type":"","comment_count":"0","filter":"raw"}],"autor":"INDRIDASON ARNALDUR","codart":"849187167","libros-coleccion":"NOVELA POLIC\u00cdACA BIB","ediciones":"1","encuadernacion":"Carton\u00e9","fecha_de_publicacion":"01\/10\/2020","novedad":"1","paginas":"263","subtitulo":"","orden":"0","portada":"0","idioma":"spa","autores-libros":[{"ID":157884,"post_author":"3","post_date":"2022-10-14 15:32:24","post_date_gmt":"2022-10-14 13:32:24","post_content":"","post_title":"INDRIDASON ARNALDUR","post_excerpt":"","post_status":"publish","comment_status":"closed","ping_status":"closed","post_password":"","post_name":"indridason-arnaldur","to_ping":"","pinged":"","post_modified":"2022-10-14 15:32:24","post_modified_gmt":"2022-10-14 13:32:24","post_content_filtered":"","post_parent":0,"guid":"http:\/\/dev.claret.cat\/autor\/indridason-arnaldur\/","menu_order":0,"post_type":"autor","post_mime_type":"","comment_count":"0","filter":"raw"}]},"aioseo_notices":[],"_links":{"self":[{"href":"https:\/\/www.claret.cat\/es\/wp-json\/wp\/v2\/product\/102023","targetHints":{"allow":["GET"]}}],"collection":[{"href":"https:\/\/www.claret.cat\/es\/wp-json\/wp\/v2\/product"}],"about":[{"href":"https:\/\/www.claret.cat\/es\/wp-json\/wp\/v2\/types\/product"}],"wp:featuredmedia":[{"embeddable":true,"href":"https:\/\/www.claret.cat\/es\/wp-json\/wp\/v2\/media\/102024"}],"wp:attachment":[{"href":"https:\/\/www.claret.cat\/es\/wp-json\/wp\/v2\/media?parent=102023"}],"wp:term":[{"taxonomy":"product_brand","embeddable":true,"href":"https:\/\/www.claret.cat\/es\/wp-json\/wp\/v2\/product_brand?post=102023"},{"taxonomy":"product_cat","embeddable":true,"href":"https:\/\/www.claret.cat\/es\/wp-json\/wp\/v2\/product_cat?post=102023"},{"taxonomy":"product_tag","embeddable":true,"href":"https:\/\/www.claret.cat\/es\/wp-json\/wp\/v2\/product_tag?post=102023"}],"curies":[{"name":"wp","href":"https:\/\/api.w.org\/{rel}","templated":true}]}}