{"id":1020282,"date":"2025-05-07T17:40:18","date_gmt":"2025-05-07T15:40:18","guid":{"rendered":"https:\/\/www.claret.cat\/llibre\/la-fantastica-expedicio-plena-de-perills-9788412979718\/"},"modified":"2025-05-07T19:12:05","modified_gmt":"2025-05-07T17:12:05","slug":"la-fantastica-expedicio-plena-de-perills-9788412979718","status":"publish","type":"product","link":"https:\/\/www.claret.cat\/es\/libro\/la-fantastica-expedicio-plena-de-perills-9788412979718\/","title":{"rendered":"LA FANT\u00c0STICA EXPEDICI\u00d3 PLENA DE PERILLS"},"content":{"rendered":"<p>Trobes a la nevera de casa teva un ou vermell i blanc molt estrany. \u00c9s un ou d&#8221;una esp\u00e8cie molt rara que es creia que havia desaparegut. No pots perdre ni un segon! Porta l&#8221;ou a la seva propiet\u00e0ria, que viu als confins de la sabana africana&#8230; entre els animals salvatges!\u00a0<br \/> Una hist\u00f2ria plena de sorpreses i giragonses esgarrifoses i&#8230; molt divertides! <br \/> A cada p\u00e0gina, resol enigmes, jerogl\u00edfics i altres jocs, i despr\u00e9s tria el teu cam\u00ed anant a una de les p\u00e0gines que se&#8221;t proposen. Endavant i bona aventura!<\/p>\n","protected":false},"excerpt":{"rendered":"<p>\u00c9PARVIER, HERV\u00c9 \/ LANGUE, JEAN-MARC<\/p>\n","protected":false},"featured_media":1020283,"template":"","meta":{"_acf_changed":false,"om_disable_all_campaigns":false,"rs_blank_template":"","rs_page_bg_color":"","slide_template_v7":"","inline_featured_image":false,"_monsterinsights_skip_tracking":false,"_monsterinsights_sitenote_active":false,"_monsterinsights_sitenote_note":"","_monsterinsights_sitenote_category":0},"product_brand":[],"product_cat":[131,361],"product_tag":[],"class_list":{"0":"post-1020282","1":"product","2":"type-product","3":"status-publish","4":"has-post-thumbnail","6":"product_cat-contes-per-infants-0-6-anys","7":"product_cat-cuentos-para-ninos-0-6-anos","9":"first","10":"instock","11":"taxable","12":"shipping-taxable","13":"purchasable","14":"product-type-simple"},"acf":{"autor":"\u00c9PARVIER, HERV\u00c9 \/ LANGUE, JEAN-MARC","codart":"841297971","libros-coleccion":"FORA DE COL.LECCI\u00d3","ediciones":"1","encuadernacion":"Carton\u00e9","fecha_de_publicacion":"01\/03\/2025","novedad":"1","paginas":"56","subtitulo":"","orden":"0","portada":"0","idioma":"cat","booktrailer":"","resenas":"","editorial":[{"ID":1020281,"post_author":"3","post_date":"2025-05-07 17:40:15","post_date_gmt":"2025-05-07 15:40:15","post_content":"","post_title":"Bayard Kids","post_excerpt":"","post_status":"publish","comment_status":"closed","ping_status":"closed","post_password":"","post_name":"bayard-kids","to_ping":"","pinged":"","post_modified":"2025-05-07 17:40:15","post_modified_gmt":"2025-05-07 15:40:15","post_content_filtered":"","post_parent":0,"guid":"https:\/\/www.claret.cat\/editorial\/bayard-kids\/","menu_order":0,"post_type":"editorial","post_mime_type":"","comment_count":"0","filter":"raw"}]},"aioseo_notices":[],"_links":{"self":[{"href":"https:\/\/www.claret.cat\/es\/wp-json\/wp\/v2\/product\/1020282","targetHints":{"allow":["GET"]}}],"collection":[{"href":"https:\/\/www.claret.cat\/es\/wp-json\/wp\/v2\/product"}],"about":[{"href":"https:\/\/www.claret.cat\/es\/wp-json\/wp\/v2\/types\/product"}],"wp:featuredmedia":[{"embeddable":true,"href":"https:\/\/www.claret.cat\/es\/wp-json\/wp\/v2\/media\/1020283"}],"wp:attachment":[{"href":"https:\/\/www.claret.cat\/es\/wp-json\/wp\/v2\/media?parent=1020282"}],"wp:term":[{"taxonomy":"product_brand","embeddable":true,"href":"https:\/\/www.claret.cat\/es\/wp-json\/wp\/v2\/product_brand?post=1020282"},{"taxonomy":"product_cat","embeddable":true,"href":"https:\/\/www.claret.cat\/es\/wp-json\/wp\/v2\/product_cat?post=1020282"},{"taxonomy":"product_tag","embeddable":true,"href":"https:\/\/www.claret.cat\/es\/wp-json\/wp\/v2\/product_tag?post=1020282"}],"curies":[{"name":"wp","href":"https:\/\/api.w.org\/{rel}","templated":true}]}}