{"id":1020303,"date":"2025-05-07T17:55:36","date_gmt":"2025-05-07T15:55:36","guid":{"rendered":"https:\/\/www.claret.cat\/llibre\/recetas-asiaticas-en-un-pis-pas-9788411325660\/"},"modified":"2025-05-29T17:21:11","modified_gmt":"2025-05-29T15:21:11","slug":"recetas-asiaticas-en-un-pis-pas-9788411325660","status":"publish","type":"product","link":"https:\/\/www.claret.cat\/es\/libro\/recetas-asiaticas-en-un-pis-pas-9788411325660\/","title":{"rendered":"RECETAS ASI\u00c1TICAS EN UN PIS PAS"},"content":{"rendered":"<p> Te presentamos 100 recetas, llegadas directamente de Asia, \u00a1para realizar en un plis plas!  \u00bfTe apetece demostrar tu creatividad culinaria, pero no tienes tiempo para descifrar recetas con 25 l\u00edneas de texto? \u00bfTe encantar\u00eda saborear un buen ramen o un pho reconstituyente, pero no tienes ni idea de c\u00f3mo prepararlos? \u00bfSue\u00f1as con una velada asi\u00e1tica, pero la idea de pasarte m\u00e1s de 30 minutos en la cocina te horroriza? \u00a1Descubre estas 100 recetas instintivas y muy f\u00e1ciles de preparar para deleitarte cada d\u00eda! Es sencillo: suma los ingredientes, sigue las flechas y obtendr\u00e1s tu plato. Estas recetas te permitir\u00e1n hacer maravillas.  Foto a foto, podr\u00e1s seguir visualmente todos los pasos para cocinar unos platos asi\u00e1ticos deliciosos y facil\u00edsimos. \u00a1Bienvenidos a la cocina de la simplicidad!<\/p>\n","protected":false},"excerpt":{"rendered":"<p>VV. AA.<\/p>\n","protected":false},"featured_media":1020304,"template":"","meta":{"_acf_changed":false,"om_disable_all_campaigns":false,"rs_blank_template":"","rs_page_bg_color":"","slide_template_v7":"","inline_featured_image":false,"_monsterinsights_skip_tracking":false,"_monsterinsights_sitenote_active":false,"_monsterinsights_sitenote_note":"","_monsterinsights_sitenote_category":0},"product_brand":[],"product_cat":[553,103],"product_tag":[],"class_list":{"0":"post-1020303","1":"product","2":"type-product","3":"status-publish","4":"has-post-thumbnail","6":"product_cat-cocina","7":"product_cat-cuina","9":"first","10":"instock","11":"taxable","12":"shipping-taxable","13":"purchasable","14":"product-type-simple"},"acf":{"autor":"VV. AA.","codart":"841132566","libros-coleccion":"Gastronom\u00eda","ediciones":"1","encuadernacion":"Carton\u00e9","fecha_de_publicacion":"01\/05\/2025","novedad":"1","paginas":"224","subtitulo":"","orden":"0","portada":"0","idioma":"spa","booktrailer":"","resenas":"","editorial":[{"ID":148737,"post_author":"3","post_date":"2022-10-14 12:00:35","post_date_gmt":"2022-10-14 10:00:35","post_content":"","post_title":"RBA Libros","post_excerpt":"","post_status":"publish","comment_status":"closed","ping_status":"closed","post_password":"","post_name":"rba-libros","to_ping":"","pinged":"","post_modified":"2022-10-14 12:00:35","post_modified_gmt":"2022-10-14 10:00:35","post_content_filtered":"","post_parent":0,"guid":"http:\/\/dev.claret.cat\/editorial\/rba-libros\/","menu_order":0,"post_type":"editorial","post_mime_type":"","comment_count":"0","filter":"raw"}]},"aioseo_notices":[],"_links":{"self":[{"href":"https:\/\/www.claret.cat\/es\/wp-json\/wp\/v2\/product\/1020303","targetHints":{"allow":["GET"]}}],"collection":[{"href":"https:\/\/www.claret.cat\/es\/wp-json\/wp\/v2\/product"}],"about":[{"href":"https:\/\/www.claret.cat\/es\/wp-json\/wp\/v2\/types\/product"}],"wp:featuredmedia":[{"embeddable":true,"href":"https:\/\/www.claret.cat\/es\/wp-json\/wp\/v2\/media\/1020304"}],"wp:attachment":[{"href":"https:\/\/www.claret.cat\/es\/wp-json\/wp\/v2\/media?parent=1020303"}],"wp:term":[{"taxonomy":"product_brand","embeddable":true,"href":"https:\/\/www.claret.cat\/es\/wp-json\/wp\/v2\/product_brand?post=1020303"},{"taxonomy":"product_cat","embeddable":true,"href":"https:\/\/www.claret.cat\/es\/wp-json\/wp\/v2\/product_cat?post=1020303"},{"taxonomy":"product_tag","embeddable":true,"href":"https:\/\/www.claret.cat\/es\/wp-json\/wp\/v2\/product_tag?post=1020303"}],"curies":[{"name":"wp","href":"https:\/\/api.w.org\/{rel}","templated":true}]}}