{"id":1020312,"date":"2025-05-07T18:05:02","date_gmt":"2025-05-07T16:05:02","guid":{"rendered":"https:\/\/www.claret.cat\/llibre\/el-fin-de-la-paciencia-9788433946614\/"},"modified":"2025-05-08T10:15:57","modified_gmt":"2025-05-08T08:15:57","slug":"el-fin-de-la-paciencia-9788433946614","status":"publish","type":"product","link":"https:\/\/www.claret.cat\/es\/libro\/el-fin-de-la-paciencia-9788433946614\/","title":{"rendered":"EL FIN DE LA PACIENCIA"},"content":{"rendered":"<p>Un ensayo de teor\u00eda pol\u00edtica aplicada a las pol\u00edticas clim\u00e1ticas: una invitaci\u00f3n a crear un nuevo partido del clima, m\u00e1s all\u00e1 de siglas y fronteras. Actuar ante la crisis clim\u00e1tica no implica diluir nuestras ideas o nuestros horizontes, m\u00e1s bien todo lo contrario. La tarea actual es la construcci\u00f3n de un nuevo objetivo regulador \u2013la viabilidad ecol\u00f3gica de nuestra especie y las dem\u00e1s especies con las que compartimos la Tierra\u2013 y de su transformaci\u00f3n en santo y se\u00f1a de una posici\u00f3n de parte enfrentada a sus enemigos: los fascistas f\u00f3siles, los negacionistas clim\u00e1ticos y los nihilistas morales.\u00bfCu\u00e1les son las formas de organizaci\u00f3n eficaces para construir\u00a0una pol\u00edtica a la altura de los tiempos? Solo fundando un verdadero\u00a0partido del clima\u00a0tendremos alguna oportunidad\u00a0de seguir avanzando en este interregno sin perder el rumbo.<\/p>\n","protected":false},"excerpt":{"rendered":"<p>L\u00d3PEZ, XAN<\/p>\n","protected":false},"featured_media":1020377,"template":"","meta":{"_acf_changed":false,"om_disable_all_campaigns":false,"rs_blank_template":"","rs_page_bg_color":"","slide_template_v7":"","inline_featured_image":false,"_monsterinsights_skip_tracking":false,"_monsterinsights_sitenote_active":false,"_monsterinsights_sitenote_note":"","_monsterinsights_sitenote_category":0},"product_brand":[],"product_cat":[162,436],"product_tag":[],"class_list":{"0":"post-1020312","1":"product","2":"type-product","3":"status-publish","4":"has-post-thumbnail","6":"product_cat-economica-i-politica","7":"product_cat-economica-y-politica","9":"first","10":"instock","11":"taxable","12":"shipping-taxable","13":"purchasable","14":"product-type-simple"},"acf":{"autor":"L\u00d3PEZ, XAN","codart":"843394661","libros-coleccion":"Nuevos cuadernos Anagrama","ediciones":"1","encuadernacion":"R\u00fastica","fecha_de_publicacion":"01\/05\/2025","novedad":"1","paginas":"152","subtitulo":"UN ENSAYO SOBRE POL\u00cdTICA CLIM\u00c1TICA","orden":"0","portada":"0","idioma":"spa","booktrailer":"","resenas":"","editorial":[{"ID":147428,"post_author":"3","post_date":"2022-10-14 11:50:30","post_date_gmt":"2022-10-14 09:50:30","post_content":"","post_title":"ANAGRAMA","post_excerpt":"","post_status":"publish","comment_status":"closed","ping_status":"closed","post_password":"","post_name":"anagrama","to_ping":"","pinged":"","post_modified":"2022-10-14 11:50:30","post_modified_gmt":"2022-10-14 09:50:30","post_content_filtered":"","post_parent":0,"guid":"http:\/\/dev.claret.cat\/editorial\/anagrama\/","menu_order":0,"post_type":"editorial","post_mime_type":"","comment_count":"0","filter":"raw"}]},"aioseo_notices":[],"_links":{"self":[{"href":"https:\/\/www.claret.cat\/es\/wp-json\/wp\/v2\/product\/1020312","targetHints":{"allow":["GET"]}}],"collection":[{"href":"https:\/\/www.claret.cat\/es\/wp-json\/wp\/v2\/product"}],"about":[{"href":"https:\/\/www.claret.cat\/es\/wp-json\/wp\/v2\/types\/product"}],"wp:featuredmedia":[{"embeddable":true,"href":"https:\/\/www.claret.cat\/es\/wp-json\/wp\/v2\/media\/1020377"}],"wp:attachment":[{"href":"https:\/\/www.claret.cat\/es\/wp-json\/wp\/v2\/media?parent=1020312"}],"wp:term":[{"taxonomy":"product_brand","embeddable":true,"href":"https:\/\/www.claret.cat\/es\/wp-json\/wp\/v2\/product_brand?post=1020312"},{"taxonomy":"product_cat","embeddable":true,"href":"https:\/\/www.claret.cat\/es\/wp-json\/wp\/v2\/product_cat?post=1020312"},{"taxonomy":"product_tag","embeddable":true,"href":"https:\/\/www.claret.cat\/es\/wp-json\/wp\/v2\/product_tag?post=1020312"}],"curies":[{"name":"wp","href":"https:\/\/api.w.org\/{rel}","templated":true}]}}