{"id":1020452,"date":"2025-05-08T14:15:25","date_gmt":"2025-05-08T12:15:25","guid":{"rendered":"https:\/\/www.claret.cat\/llibre\/pack-mensenyes-els-teus-xumets-nino-9788466158435\/"},"modified":"2026-01-20T13:14:57","modified_gmt":"2026-01-20T12:14:57","slug":"pack-mensenyes-els-teus-xumets-nino-9788466158435","status":"publish","type":"product","link":"https:\/\/www.claret.cat\/es\/libro\/pack-mensenyes-els-teus-xumets-nino-9788466158435\/","title":{"rendered":"PACK M&#8221;ENSENYES ELS TEUS XUMETS + NINO"},"content":{"rendered":"<p>El ratol\u00ed tafaner sempre ho vol saber tot. Avui descobrir\u00e0 com guarden el xumet tots els seus amics, i al final els donar\u00e0 una idea bon\u00edssima. Un llibre amb solapes que parla de la curiositat i de qu\u00e8 fer-ne, dels xumets.\u00a0 <br \/>  Lot amb el llibre M&#8221;ensenyes els teus xumets i un nino del protagonista.<\/p>\n","protected":false},"excerpt":{"rendered":"<p>VAN GENECHTEN, GUIDO<\/p>\n","protected":false},"featured_media":1074680,"template":"","meta":{"_acf_changed":false,"om_disable_all_campaigns":false,"rs_blank_template":"","rs_page_bg_color":"","slide_template_v7":"","inline_featured_image":false,"_monsterinsights_skip_tracking":false,"_monsterinsights_sitenote_active":false,"_monsterinsights_sitenote_note":"","_monsterinsights_sitenote_category":0},"product_brand":[],"product_cat":[131,361],"product_tag":[],"class_list":{"0":"post-1020452","1":"product","2":"type-product","3":"status-publish","4":"has-post-thumbnail","6":"product_cat-contes-per-infants-0-6-anys","7":"product_cat-cuentos-para-ninos-0-6-anos","9":"first","10":"instock","11":"taxable","12":"shipping-taxable","13":"purchasable","14":"product-type-simple"},"acf":{"autor":"VAN GENECHTEN, GUIDO","codart":"846615843","libros-coleccion":"FORA DE COL.LECCI\u00d3","ediciones":"1","encuadernacion":"Carton\u00e9","fecha_de_publicacion":"01\/05\/2025","novedad":"1","paginas":"1","subtitulo":"","orden":"0","portada":"0","idioma":"cat","booktrailer":"","resenas":"","editorial":[{"ID":147679,"post_author":"3","post_date":"2022-10-14 11:52:25","post_date_gmt":"2022-10-14 09:52:25","post_content":"","post_title":"CRUILLA \/SM-EDICIONS -VALENCIANO\/CATALAN","post_excerpt":"","post_status":"publish","comment_status":"closed","ping_status":"closed","post_password":"","post_name":"cruilla-sm-edicions-valenciano-catalan","to_ping":"","pinged":"","post_modified":"2022-10-14 11:52:25","post_modified_gmt":"2022-10-14 09:52:25","post_content_filtered":"","post_parent":0,"guid":"http:\/\/dev.claret.cat\/editorial\/cruilla-sm-edicions-valenciano-catalan\/","menu_order":0,"post_type":"editorial","post_mime_type":"","comment_count":"0","filter":"raw"}]},"aioseo_notices":[],"_links":{"self":[{"href":"https:\/\/www.claret.cat\/es\/wp-json\/wp\/v2\/product\/1020452","targetHints":{"allow":["GET"]}}],"collection":[{"href":"https:\/\/www.claret.cat\/es\/wp-json\/wp\/v2\/product"}],"about":[{"href":"https:\/\/www.claret.cat\/es\/wp-json\/wp\/v2\/types\/product"}],"wp:featuredmedia":[{"embeddable":true,"href":"https:\/\/www.claret.cat\/es\/wp-json\/wp\/v2\/media\/1074680"}],"wp:attachment":[{"href":"https:\/\/www.claret.cat\/es\/wp-json\/wp\/v2\/media?parent=1020452"}],"wp:term":[{"taxonomy":"product_brand","embeddable":true,"href":"https:\/\/www.claret.cat\/es\/wp-json\/wp\/v2\/product_brand?post=1020452"},{"taxonomy":"product_cat","embeddable":true,"href":"https:\/\/www.claret.cat\/es\/wp-json\/wp\/v2\/product_cat?post=1020452"},{"taxonomy":"product_tag","embeddable":true,"href":"https:\/\/www.claret.cat\/es\/wp-json\/wp\/v2\/product_tag?post=1020452"}],"curies":[{"name":"wp","href":"https:\/\/api.w.org\/{rel}","templated":true}]}}