{"id":1020502,"date":"2025-05-08T15:41:14","date_gmt":"2025-05-08T13:41:14","guid":{"rendered":"https:\/\/www.claret.cat\/llibre\/aprendo-a-leer-con-las-letras-divertidas-6-un-atracon-de-higos-9788469643402\/"},"modified":"2025-05-08T15:47:09","modified_gmt":"2025-05-08T13:47:09","slug":"aprendo-a-leer-con-las-letras-divertidas-6-un-atracon-de-higos-9788469643402","status":"publish","type":"product","link":"https:\/\/www.claret.cat\/es\/libro\/aprendo-a-leer-con-las-letras-divertidas-6-un-atracon-de-higos-9788469643402\/","title":{"rendered":"APRENDO A LEER CON LAS LETRAS DIVERTIDAS, 6. UN ATRAC\u00d3N DE HIGOS"},"content":{"rendered":"<p>\u00a1Aprende a leer con tus amigas las letras divertidas!Aventuras llenas de humor, con textos rimados muy claros y sencillos, para iniciarse en la lectura en MAY\u00daSCULAS.Al hada H, a la I inventora, a la O oculista, a la G granjera y a S\u00faper S les encanta cuidar del huerto de su cole, \u00a1pero se hacen tal l\u00edo que la profe Abeja tiene que poner orden! Y adem\u00e1s, deber\u00e1n enfrentarse a una oruga muy especial&#8230;Con juegos superentretenidos para afianzar lo le\u00eddo.<\/p>\n","protected":false},"excerpt":{"rendered":"<p>L\u00d3PEZ \u00c1VILA, PILAR<\/p>\n","protected":false},"featured_media":1020503,"template":"","meta":{"_acf_changed":false,"om_disable_all_campaigns":false,"rs_blank_template":"","rs_page_bg_color":"","slide_template_v7":"","inline_featured_image":false,"_monsterinsights_skip_tracking":false,"_monsterinsights_sitenote_active":false,"_monsterinsights_sitenote_note":"","_monsterinsights_sitenote_category":0},"product_brand":[],"product_cat":[131,361],"product_tag":[],"class_list":{"0":"post-1020502","1":"product","2":"type-product","3":"status-publish","4":"has-post-thumbnail","6":"product_cat-contes-per-infants-0-6-anys","7":"product_cat-cuentos-para-ninos-0-6-anos","9":"first","10":"instock","11":"taxable","12":"shipping-taxable","13":"purchasable","14":"product-type-simple"},"acf":{"autor":"L\u00d3PEZ \u00c1VILA, PILAR","codart":"846964340","libros-coleccion":"Castellano - A Partir De 3 A\u00f1os - Libros","ediciones":"1","encuadernacion":"R\u00fastica","fecha_de_publicacion":"01\/05\/2025","novedad":"1","paginas":"14","subtitulo":"TEXTOS RIMADOS Y EN MAY\u00daSCULAS","orden":"0","portada":"0","idioma":"spa","booktrailer":"","resenas":"","editorial":[{"ID":147936,"post_author":"3","post_date":"2022-10-14 11:54:22","post_date_gmt":"2022-10-14 09:54:22","post_content":"","post_title":"Editorial Bru\u00f1o","post_excerpt":"","post_status":"publish","comment_status":"closed","ping_status":"closed","post_password":"","post_name":"editorial-bruno","to_ping":"","pinged":"","post_modified":"2022-10-14 11:54:22","post_modified_gmt":"2022-10-14 09:54:22","post_content_filtered":"","post_parent":0,"guid":"http:\/\/dev.claret.cat\/editorial\/editorial-bruno\/","menu_order":0,"post_type":"editorial","post_mime_type":"","comment_count":"0","filter":"raw"}]},"aioseo_notices":[],"_links":{"self":[{"href":"https:\/\/www.claret.cat\/es\/wp-json\/wp\/v2\/product\/1020502","targetHints":{"allow":["GET"]}}],"collection":[{"href":"https:\/\/www.claret.cat\/es\/wp-json\/wp\/v2\/product"}],"about":[{"href":"https:\/\/www.claret.cat\/es\/wp-json\/wp\/v2\/types\/product"}],"wp:featuredmedia":[{"embeddable":true,"href":"https:\/\/www.claret.cat\/es\/wp-json\/wp\/v2\/media\/1020503"}],"wp:attachment":[{"href":"https:\/\/www.claret.cat\/es\/wp-json\/wp\/v2\/media?parent=1020502"}],"wp:term":[{"taxonomy":"product_brand","embeddable":true,"href":"https:\/\/www.claret.cat\/es\/wp-json\/wp\/v2\/product_brand?post=1020502"},{"taxonomy":"product_cat","embeddable":true,"href":"https:\/\/www.claret.cat\/es\/wp-json\/wp\/v2\/product_cat?post=1020502"},{"taxonomy":"product_tag","embeddable":true,"href":"https:\/\/www.claret.cat\/es\/wp-json\/wp\/v2\/product_tag?post=1020502"}],"curies":[{"name":"wp","href":"https:\/\/api.w.org\/{rel}","templated":true}]}}