{"id":1020575,"date":"2025-05-08T17:30:32","date_gmt":"2025-05-08T15:30:32","guid":{"rendered":"https:\/\/www.claret.cat\/llibre\/que-esconde-el-nido-de-un-pajaro-9788419158970\/"},"modified":"2025-05-08T17:41:25","modified_gmt":"2025-05-08T15:41:25","slug":"que-esconde-el-nido-de-un-pajaro-9788419158970","status":"publish","type":"product","link":"https:\/\/www.claret.cat\/es\/libro\/que-esconde-el-nido-de-un-pajaro-9788419158970\/","title":{"rendered":"\u00bfQU\u00c9 ESCONDE EL NIDO DE UN P\u00c1JARO?"},"content":{"rendered":"<p>\u00bfAlguna vez te has preguntando qu\u00e9 esconde el nido de un p\u00e1jaro? \u00bfQuieres aprender m\u00e1s sobre las aves que vuelan y cantan tras tu ventana? Pues, con este maravilloso libro que se convertir\u00e1 en tu preferido esta primavera, ha llegado el momento de conocer c\u00f3mo nacen, crecen, se alimentan, viajan y crean sus hogares.<br \/> El precioso y reconocible estilo de Rachel Ignotofsky revolotea por estas p\u00e1ginas, en las que aprenderemos lo necesario para conocer todo sobre nuestros amigos alados.<br \/> C\u00f3mo se emparejan y construyen sus nidos (\u00a1y sus trampas para enga\u00f1ar a los depredadores!); los diferentes tipos de cr\u00edas: algunas necesitan pasar d\u00edas en el nido, otras empiezan a andar y nadar desde que rompen el huevo; c\u00f3mo viajan a lo largo de las estaciones: \u00bfsab\u00edas que el 40 % de las aves emigra a otros pa\u00edses en invierno y en verano? Tambi\u00e9n observaremos la anatom\u00eda de un ave, los diferentes tipos de plumas, su forma de alimentarse y, lo m\u00e1s importante, por qu\u00e9 son esenciales para la Tierra. No cabe duda: para proteger nuestro planeta, lo primero es aprender sobre los seres vivos que lo habitamos.<\/p>\n","protected":false},"excerpt":{"rendered":"<p>IGNOTOFSKY, RACHEL<\/p>\n","protected":false},"featured_media":1020576,"template":"","meta":{"_acf_changed":false,"om_disable_all_campaigns":false,"rs_blank_template":"","rs_page_bg_color":"","slide_template_v7":"","inline_featured_image":false,"_monsterinsights_skip_tracking":false,"_monsterinsights_sitenote_active":false,"_monsterinsights_sitenote_note":"","_monsterinsights_sitenote_category":0},"product_brand":[],"product_cat":[132,362],"product_tag":[],"class_list":{"0":"post-1020575","1":"product","2":"type-product","3":"status-publish","4":"has-post-thumbnail","6":"product_cat-lectures-per-preadolescents-6-12-anys","7":"product_cat-libros-preadolescentes-6-12-anos","9":"first","10":"instock","11":"taxable","12":"shipping-taxable","13":"purchasable","14":"product-type-simple"},"acf":{"autor":"IGNOTOFSKY, RACHEL","codart":"841915897","libros-coleccion":"LOS PEQUE\u00d1OS SALVAJES","ediciones":"1","encuadernacion":"Carton\u00e9","fecha_de_publicacion":"01\/05\/2025","novedad":"1","paginas":"48","subtitulo":"Y OTROS MISTERIOS FASCINANTES SOBRE LA NATURALEZA Y EL CICLO DE LA VIDA","orden":"0","portada":"0","idioma":"spa","booktrailer":"","resenas":"","editorial":[{"ID":148106,"post_author":"3","post_date":"2022-10-14 11:55:41","post_date_gmt":"2022-10-14 09:55:41","post_content":"","post_title":"ERRATA NATURAE EDITORES","post_excerpt":"","post_status":"publish","comment_status":"closed","ping_status":"closed","post_password":"","post_name":"errata-naturae-editores","to_ping":"","pinged":"","post_modified":"2022-10-14 11:55:41","post_modified_gmt":"2022-10-14 09:55:41","post_content_filtered":"","post_parent":0,"guid":"http:\/\/dev.claret.cat\/editorial\/errata-naturae-editores\/","menu_order":0,"post_type":"editorial","post_mime_type":"","comment_count":"0","filter":"raw"}]},"aioseo_notices":[],"_links":{"self":[{"href":"https:\/\/www.claret.cat\/es\/wp-json\/wp\/v2\/product\/1020575","targetHints":{"allow":["GET"]}}],"collection":[{"href":"https:\/\/www.claret.cat\/es\/wp-json\/wp\/v2\/product"}],"about":[{"href":"https:\/\/www.claret.cat\/es\/wp-json\/wp\/v2\/types\/product"}],"wp:featuredmedia":[{"embeddable":true,"href":"https:\/\/www.claret.cat\/es\/wp-json\/wp\/v2\/media\/1020576"}],"wp:attachment":[{"href":"https:\/\/www.claret.cat\/es\/wp-json\/wp\/v2\/media?parent=1020575"}],"wp:term":[{"taxonomy":"product_brand","embeddable":true,"href":"https:\/\/www.claret.cat\/es\/wp-json\/wp\/v2\/product_brand?post=1020575"},{"taxonomy":"product_cat","embeddable":true,"href":"https:\/\/www.claret.cat\/es\/wp-json\/wp\/v2\/product_cat?post=1020575"},{"taxonomy":"product_tag","embeddable":true,"href":"https:\/\/www.claret.cat\/es\/wp-json\/wp\/v2\/product_tag?post=1020575"}],"curies":[{"name":"wp","href":"https:\/\/api.w.org\/{rel}","templated":true}]}}