{"id":1020599,"date":"2025-05-08T18:26:31","date_gmt":"2025-05-08T16:26:31","guid":{"rendered":"https:\/\/www.claret.cat\/llibre\/y-no-quedo-ninguno-9788467070514\/"},"modified":"2026-01-03T11:11:05","modified_gmt":"2026-01-03T10:11:05","slug":"y-no-quedo-ninguno-9788467070514","status":"publish","type":"product","link":"https:\/\/www.claret.cat\/es\/libro\/y-no-quedo-ninguno-9788467070514\/","title":{"rendered":"Y NO QUED\u00d3 NINGUNO"},"content":{"rendered":"<p>La obra maestra de Agatha Christie.Esta edici\u00f3n restituye el t\u00edtulo original de la novela mundialmente conocida como Diez negritos.<br \/> Diez personas que no se han visto nunca son invitadas por un hu\u00e9sped desconocido a pasar unos d\u00edas de vacaciones en una lujosa mansi\u00f3n, situada en una isla de la costa inglesa. Durante la cena, una misteriosa grabaci\u00f3n desvelar\u00e1 que cada uno de los presentes tiene algo que esconder y un crimen por el que pagar.<br \/> Cuando el cuerpo de uno de los invitados aparezca con signos de haber sido asesinado, la tensi\u00f3n estallar\u00e1: el asesino est\u00e1 entre ellos, prepar\u00e1ndose para actuar de nuevo, y solo una vieja canci\u00f3n infantil parece encerrar el misterio de la creciente pesadilla.<br \/> \u00abEl logro m\u00e1s colosal de una carrera colosal.\u00bb The Observer<br \/> \u00abLa historia m\u00e1s incre\u00edble, ingeniosa y redonda de la Dama del Crimen.\u00bb Daily Herald<\/p>\n","protected":false},"excerpt":{"rendered":"<p>CHRISTIE, AGATHA<\/p>\n","protected":false},"featured_media":1020600,"template":"","meta":{"_acf_changed":false,"om_disable_all_campaigns":false,"rs_blank_template":"","rs_page_bg_color":"","slide_template_v7":"","inline_featured_image":false,"_monsterinsights_skip_tracking":false,"_monsterinsights_sitenote_active":false,"_monsterinsights_sitenote_note":"","_monsterinsights_sitenote_category":0},"product_brand":[],"product_cat":[127,357],"product_tag":[],"class_list":{"0":"post-1020599","1":"product","2":"type-product","3":"status-publish","4":"has-post-thumbnail","6":"product_cat-novella-contemporania","7":"product_cat-novela-contemporanea","9":"first","10":"instock","11":"taxable","12":"shipping-taxable","13":"purchasable","14":"product-type-simple"},"acf":{"autor":"CHRISTIE, AGATHA","codart":"846707051","libros-coleccion":"Biblioteca Agatha Christie","ediciones":"1","encuadernacion":"R\u00fastica","fecha_de_publicacion":"01\/07\/2023","novedad":"1","paginas":"256","subtitulo":"","orden":"0","portada":"0","idioma":"spa","booktrailer":"","resenas":"","editorial":[{"ID":6247,"post_author":"3","post_date":"2022-07-28 17:48:06","post_date_gmt":"2022-07-28 15:48:06","post_content":"","post_title":"ESPASA, EDITORIAL","post_excerpt":"","post_status":"publish","comment_status":"closed","ping_status":"closed","post_password":"","post_name":"espasa-editorial","to_ping":"","pinged":"","post_modified":"2022-07-28 17:48:06","post_modified_gmt":"2022-07-28 15:48:06","post_content_filtered":"","post_parent":0,"guid":"http:\/\/dev.claret.cat\/editorial\/espasa-editorial\/","menu_order":0,"post_type":"editorial","post_mime_type":"","comment_count":"0","filter":"raw"}]},"aioseo_notices":[],"_links":{"self":[{"href":"https:\/\/www.claret.cat\/es\/wp-json\/wp\/v2\/product\/1020599","targetHints":{"allow":["GET"]}}],"collection":[{"href":"https:\/\/www.claret.cat\/es\/wp-json\/wp\/v2\/product"}],"about":[{"href":"https:\/\/www.claret.cat\/es\/wp-json\/wp\/v2\/types\/product"}],"wp:featuredmedia":[{"embeddable":true,"href":"https:\/\/www.claret.cat\/es\/wp-json\/wp\/v2\/media\/1020600"}],"wp:attachment":[{"href":"https:\/\/www.claret.cat\/es\/wp-json\/wp\/v2\/media?parent=1020599"}],"wp:term":[{"taxonomy":"product_brand","embeddable":true,"href":"https:\/\/www.claret.cat\/es\/wp-json\/wp\/v2\/product_brand?post=1020599"},{"taxonomy":"product_cat","embeddable":true,"href":"https:\/\/www.claret.cat\/es\/wp-json\/wp\/v2\/product_cat?post=1020599"},{"taxonomy":"product_tag","embeddable":true,"href":"https:\/\/www.claret.cat\/es\/wp-json\/wp\/v2\/product_tag?post=1020599"}],"curies":[{"name":"wp","href":"https:\/\/api.w.org\/{rel}","templated":true}]}}