{"id":1020612,"date":"2025-05-09T10:25:02","date_gmt":"2025-05-09T08:25:02","guid":{"rendered":"https:\/\/www.claret.cat\/llibre\/creacion-divina-sin-pecado-humano-9788410023635\/"},"modified":"2025-05-09T10:28:20","modified_gmt":"2025-05-09T08:28:20","slug":"creacion-divina-sin-pecado-humano-9788410023635","status":"publish","type":"product","link":"https:\/\/www.claret.cat\/es\/libro\/creacion-divina-sin-pecado-humano-9788410023635\/","title":{"rendered":"CREACI\u00d3N DIVINA, SIN PECADO HUMANO"},"content":{"rendered":"<p><span>\u00bfFue verdaderamente comprendida la famosa historia que se encuentra al inicio de la Biblia?\u2026 No fue comprendida\u2026 El Dios antiguo\u2026 se va de paseo por su jard\u00edn: pero se aburre\u2026 \u00bfQu\u00e9 hace entonces? Inventa al hombre \u2013 el hombre divierte\u2026 Pero el hombre tambi\u00e9n se aburre\u2026 Entonces Dios cre\u00f3 a la mujer. Y desde ese momento se acab\u00f3 el aburrimiento; pero tambi\u00e9n se acabaron otras cosas. La mujer fue el segundo error de Dios. \u00abLa mujer es, en su esencia, la serpiente, Eva\u00bb \u2013 todos los curas lo saben. \u00abTodos los males vinieron al mundo por su causa\u00bb \u2013 tambi\u00e9n todos los curas lo saben.<\/span><\/p>\n<p><span>Del mismo modo que esta lectura provocativa que el fil\u00f3sofo F. Nietzsche hizo de G\u00e9nesis 2-3 (El Anticristo, \u00a7 48) se hicieron otras dentro y fuera del Cristianismo, igualmente inquietantes. Pero generan un problema: est\u00e1n descontextualizadas; como si ese relato b\u00edblico no reflejase una \u00e9poca, una cultura, una religiosidad. Aqu\u00ed ofrecemos la interpretaci\u00f3n nueva que hoy ha llegado a ser posible. Cuando contextualizada, la narraci\u00f3n no vincula con la creaci\u00f3n divina un pecado cometido por la pareja humana primordial, que no es hist\u00f3rica y que est\u00e1 en proceso de creaci\u00f3n hasta el fin de la narraci\u00f3n. Su intenci\u00f3n es sublimar los aspectos bellos y los pesados de la vida, vincul\u00e1ndolos con Dios como Creador.<\/span><\/p>\n","protected":false},"excerpt":{"rendered":"<p>VAZ, ARMINDO DOS SANTOS<\/p>\n","protected":false},"featured_media":1020613,"template":"","meta":{"_acf_changed":false,"om_disable_all_campaigns":false,"rs_blank_template":"","rs_page_bg_color":"","slide_template_v7":"","inline_featured_image":false,"_monsterinsights_skip_tracking":false,"_monsterinsights_sitenote_active":false,"_monsterinsights_sitenote_note":"","_monsterinsights_sitenote_category":0},"product_brand":[],"product_cat":[195,458],"product_tag":[],"class_list":{"0":"post-1020612","1":"product","2":"type-product","3":"status-publish","4":"has-post-thumbnail","6":"product_cat-introduccio-a-t","7":"product_cat-introduccion-a-t","9":"first","10":"instock","11":"taxable","12":"shipping-taxable","13":"purchasable","14":"product-type-simple"},"acf":{"autor":"VAZ, ARMINDO DOS SANTOS","codart":"841002363","libros-coleccion":"La otra mirada","ediciones":"1","encuadernacion":"R\u00fastica","fecha_de_publicacion":"09\/05\/2025","novedad":"1","paginas":"314","subtitulo":"UNA HISTORIA CON SENTIDO: GENESIS 2-3","orden":"0","portada":"0","idioma":"spa","booktrailer":"","resenas":"","editorial":[{"ID":6309,"post_author":"3","post_date":"2022-07-28 17:49:25","post_date_gmt":"2022-07-28 15:49:25","post_content":"","post_title":"Monte Carmelo","post_excerpt":"","post_status":"publish","comment_status":"closed","ping_status":"closed","post_password":"","post_name":"monte-carmelo","to_ping":"","pinged":"","post_modified":"2022-07-28 17:49:25","post_modified_gmt":"2022-07-28 15:49:25","post_content_filtered":"","post_parent":0,"guid":"http:\/\/dev.claret.cat\/editorial\/monte-carmelo\/","menu_order":0,"post_type":"editorial","post_mime_type":"","comment_count":"0","filter":"raw"}]},"aioseo_notices":[],"_links":{"self":[{"href":"https:\/\/www.claret.cat\/es\/wp-json\/wp\/v2\/product\/1020612","targetHints":{"allow":["GET"]}}],"collection":[{"href":"https:\/\/www.claret.cat\/es\/wp-json\/wp\/v2\/product"}],"about":[{"href":"https:\/\/www.claret.cat\/es\/wp-json\/wp\/v2\/types\/product"}],"wp:featuredmedia":[{"embeddable":true,"href":"https:\/\/www.claret.cat\/es\/wp-json\/wp\/v2\/media\/1020613"}],"wp:attachment":[{"href":"https:\/\/www.claret.cat\/es\/wp-json\/wp\/v2\/media?parent=1020612"}],"wp:term":[{"taxonomy":"product_brand","embeddable":true,"href":"https:\/\/www.claret.cat\/es\/wp-json\/wp\/v2\/product_brand?post=1020612"},{"taxonomy":"product_cat","embeddable":true,"href":"https:\/\/www.claret.cat\/es\/wp-json\/wp\/v2\/product_cat?post=1020612"},{"taxonomy":"product_tag","embeddable":true,"href":"https:\/\/www.claret.cat\/es\/wp-json\/wp\/v2\/product_tag?post=1020612"}],"curies":[{"name":"wp","href":"https:\/\/api.w.org\/{rel}","templated":true}]}}