{"id":1020771,"date":"2025-05-09T16:25:20","date_gmt":"2025-05-09T14:25:20","guid":{"rendered":"https:\/\/www.claret.cat\/llibre\/el-dialogo-en-las-entranas-de-la-moral-9788429332568\/"},"modified":"2026-02-05T11:01:20","modified_gmt":"2026-02-05T10:01:20","slug":"el-dialogo-en-las-entranas-de-la-moral-9788429332568","status":"publish","type":"product","link":"https:\/\/www.claret.cat\/es\/libro\/el-dialogo-en-las-entranas-de-la-moral-9788429332568\/","title":{"rendered":"EL DI\u00c1LOGO EN LAS ENTRA\u00d1AS DE LA MORAL"},"content":{"rendered":"<p><strong>Una \u00e9tica para un mundo en crisis: fe, pensamiento y compromiso.<\/strong><\/p>\n<p>En este libro, <strong>Julio Mart\u00ednez, SJ<\/strong>, lanza un <strong>desaf\u00edo urgente<\/strong>: <strong>repensar la \u00e9tica<\/strong> en un contexto de <strong>complejidad global<\/strong>. No basta con <strong>buenas intenciones<\/strong> ni con esquemas cerrados. La clave est\u00e1 en <strong>escuchar la realidad<\/strong>, dejarse interpelar por ella y, desde ah\u00ed, <strong>iluminarla con el Evangelio<\/strong>.<\/p>\n<p>Con <strong>valent\u00eda<\/strong> y <strong>claridad<\/strong>, el autor recoge la invitaci\u00f3n del <strong>papa Francisco<\/strong> a una <strong>teolog\u00eda moral abierta<\/strong>, dialogante y profundamente <strong>comprometida con el mundo actual<\/strong>. Un enfoque que integra <strong>fe y justicia<\/strong>, <strong>raz\u00f3n y escucha<\/strong>, <strong>tradici\u00f3n viva<\/strong> y <strong>mirada cr\u00edtica<\/strong>.<\/p>\n<p>Una propuesta <strong>exigente<\/strong> y <strong>necesaria<\/strong> para quienes creen que el <strong>pensamiento \u00e9tico<\/strong> no es un lujo acad\u00e9mico, sino una forma de <strong>cuidar la vida<\/strong> y transformar el presente.<\/p>\n","protected":false},"excerpt":{"rendered":"<p>MART\u00cdNEZ MART\u00cdNEZ, JULIO LUIS<\/p>\n","protected":false},"featured_media":1081422,"template":"","meta":{"_acf_changed":false,"om_disable_all_campaigns":false,"rs_blank_template":"","rs_page_bg_color":"","slide_template_v7":"","inline_featured_image":false,"_monsterinsights_skip_tracking":false,"_monsterinsights_sitenote_active":false,"_monsterinsights_sitenote_note":"","_monsterinsights_sitenote_category":0},"product_brand":[],"product_cat":[515,289,516,290,288,514],"product_tag":[],"class_list":{"0":"post-1020771","1":"product","2":"type-product","3":"status-publish","4":"has-post-thumbnail","6":"product_cat-moral-de-la-persona-bioetica-teologia-1_espiritualidad","7":"product_cat-moral-de-la-persona-bioetica","8":"product_cat-moral-de-la-persona-sexualidad","9":"product_cat-moral-de-la-persona-sexualitat","10":"product_cat-moral-fonamental","11":"product_cat-moral-fundamental","13":"first","14":"instock","15":"taxable","16":"shipping-taxable","17":"purchasable","18":"product-type-simple"},"acf":{"autor":"MART\u00cdNEZ MART\u00cdNEZ, JULIO LUIS","codart":"842933256","libros-coleccion":"SAL TERRAE- PRESENCIA TEOL\u00d3GICA","ediciones":"1","encuadernacion":"R\u00fastica","fecha_de_publicacion":"09\/05\/2025","novedad":"1","paginas":"384","subtitulo":"","orden":"0","portada":"0","idioma":"spa","booktrailer":"","resenas":"","editorial":[{"ID":6351,"post_author":"3","post_date":"2022-07-28 17:50:19","post_date_gmt":"2022-07-28 15:50:19","post_content":"","post_title":"Sal Terrae","post_excerpt":"","post_status":"publish","comment_status":"closed","ping_status":"closed","post_password":"","post_name":"sal-terrae","to_ping":"","pinged":"","post_modified":"2022-07-28 17:50:19","post_modified_gmt":"2022-07-28 15:50:19","post_content_filtered":"","post_parent":0,"guid":"http:\/\/dev.claret.cat\/editorial\/sal-terrae\/","menu_order":0,"post_type":"editorial","post_mime_type":"","comment_count":"0","filter":"raw"}]},"aioseo_notices":[],"_links":{"self":[{"href":"https:\/\/www.claret.cat\/es\/wp-json\/wp\/v2\/product\/1020771","targetHints":{"allow":["GET"]}}],"collection":[{"href":"https:\/\/www.claret.cat\/es\/wp-json\/wp\/v2\/product"}],"about":[{"href":"https:\/\/www.claret.cat\/es\/wp-json\/wp\/v2\/types\/product"}],"wp:featuredmedia":[{"embeddable":true,"href":"https:\/\/www.claret.cat\/es\/wp-json\/wp\/v2\/media\/1081422"}],"wp:attachment":[{"href":"https:\/\/www.claret.cat\/es\/wp-json\/wp\/v2\/media?parent=1020771"}],"wp:term":[{"taxonomy":"product_brand","embeddable":true,"href":"https:\/\/www.claret.cat\/es\/wp-json\/wp\/v2\/product_brand?post=1020771"},{"taxonomy":"product_cat","embeddable":true,"href":"https:\/\/www.claret.cat\/es\/wp-json\/wp\/v2\/product_cat?post=1020771"},{"taxonomy":"product_tag","embeddable":true,"href":"https:\/\/www.claret.cat\/es\/wp-json\/wp\/v2\/product_tag?post=1020771"}],"curies":[{"name":"wp","href":"https:\/\/api.w.org\/{rel}","templated":true}]}}