{"id":1020896,"date":"2025-05-12T13:15:40","date_gmt":"2025-05-12T11:15:40","guid":{"rendered":"https:\/\/www.claret.cat\/llibre\/castillos-y-catapultazos-9788410940444\/"},"modified":"2025-05-12T13:22:23","modified_gmt":"2025-05-12T11:22:23","slug":"castillos-y-catapultazos-9788410940444","status":"publish","type":"product","link":"https:\/\/www.claret.cat\/es\/libro\/castillos-y-catapultazos-9788410940444\/","title":{"rendered":"CASTILLOS Y CATAPULTAZOS"},"content":{"rendered":"<p>La Edad Media no fue esa \u00e9poca oscura llena de mugre, fanatismo y dragones (ojal\u00e1 lo de los dragones fuera cierto) que te ha contado el cine, sino un periodo fascinante, diverso y crucial para la historia de la humanidad y para entender de d\u00f3nde venimos. El youtuber y escritor Andoni Garrido desgrana los mil a\u00f1os de historia medieval en Europa con su particular estilo riguroso a la par que desternillante y desvela las filias y las fobias de unos monarcas que quer\u00edan reinar mucho, pero, a veces, no mandaban ni en su casa. De la llegada de los visigodos a la uni\u00f3n din\u00e1stica de los Reyes Cat\u00f3licos, Castillos y Catapultazos  pone el foco en los hechos y personajes de la Pen\u00ednsula ib\u00e9rica y en la noble tarea de destruir los mitos y bulos que rodean el periodo. Ni los medievales pensaban que la Tierra, ni la Iglesia era un obst\u00e1culo para los avances tecnol\u00f3gicos, ni, por supuesto, ser el m\u00e1s sucio del barrio era un deporte nacional. Y s\u00ed, hubo cruzadas, inquisiciones y peste negra, pero tambi\u00e9n catedrales que a\u00fan nos dejan boquiabiertos, literatura que sigue inspir\u00e1ndonos y una ciencia en ciernes que sent\u00f3 las bases de lo que vendr\u00eda despu\u00e9s. Esta historia de se\u00f1ores feudales es lo menos aburrido que vas a leer nunca.<\/p>\n","protected":false},"excerpt":{"rendered":"<p>GARRIDO, ANDONI<\/p>\n","protected":false},"featured_media":1020897,"template":"","meta":{"_acf_changed":false,"om_disable_all_campaigns":false,"rs_blank_template":"","rs_page_bg_color":"","slide_template_v7":"","inline_featured_image":false,"_monsterinsights_skip_tracking":false,"_monsterinsights_sitenote_active":false,"_monsterinsights_sitenote_note":"","_monsterinsights_sitenote_category":0},"product_brand":[],"product_cat":[157,370,149,427],"product_tag":[],"class_list":{"0":"post-1020896","1":"product","2":"type-product","3":"status-publish","4":"has-post-thumbnail","6":"product_cat-investigacio-i-corrents","7":"product_cat-investigacion-y-corrientes","8":"product_cat-medieval","9":"product_cat-medieval-historia-2_humanidades","11":"first","12":"instock","13":"taxable","14":"shipping-taxable","15":"purchasable","16":"product-type-simple"},"acf":{"autor":"GARRIDO, ANDONI","codart":"841094044","libros-coleccion":"Historia","ediciones":"1","encuadernacion":"R\u00fastica","fecha_de_publicacion":"01\/04\/2025","novedad":"1","paginas":"606","subtitulo":"UNA HISTORIA DE LA EDAD MEDIA PARA NO ABURRIR(TE)","orden":"0","portada":"0","idioma":"spa","booktrailer":"","resenas":"","editorial":[{"ID":6277,"post_author":"3","post_date":"2022-07-28 17:48:44","post_date_gmt":"2022-07-28 15:48:44","post_content":"","post_title":"LA ESFERA DE LOS LIBROS","post_excerpt":"","post_status":"publish","comment_status":"closed","ping_status":"closed","post_password":"","post_name":"la-esfera-de-los-libros","to_ping":"","pinged":"","post_modified":"2022-07-28 17:48:44","post_modified_gmt":"2022-07-28 15:48:44","post_content_filtered":"","post_parent":0,"guid":"http:\/\/dev.claret.cat\/editorial\/la-esfera-de-los-libros\/","menu_order":0,"post_type":"editorial","post_mime_type":"","comment_count":"0","filter":"raw"}]},"aioseo_notices":[],"_links":{"self":[{"href":"https:\/\/www.claret.cat\/es\/wp-json\/wp\/v2\/product\/1020896","targetHints":{"allow":["GET"]}}],"collection":[{"href":"https:\/\/www.claret.cat\/es\/wp-json\/wp\/v2\/product"}],"about":[{"href":"https:\/\/www.claret.cat\/es\/wp-json\/wp\/v2\/types\/product"}],"wp:featuredmedia":[{"embeddable":true,"href":"https:\/\/www.claret.cat\/es\/wp-json\/wp\/v2\/media\/1020897"}],"wp:attachment":[{"href":"https:\/\/www.claret.cat\/es\/wp-json\/wp\/v2\/media?parent=1020896"}],"wp:term":[{"taxonomy":"product_brand","embeddable":true,"href":"https:\/\/www.claret.cat\/es\/wp-json\/wp\/v2\/product_brand?post=1020896"},{"taxonomy":"product_cat","embeddable":true,"href":"https:\/\/www.claret.cat\/es\/wp-json\/wp\/v2\/product_cat?post=1020896"},{"taxonomy":"product_tag","embeddable":true,"href":"https:\/\/www.claret.cat\/es\/wp-json\/wp\/v2\/product_tag?post=1020896"}],"curies":[{"name":"wp","href":"https:\/\/api.w.org\/{rel}","templated":true}]}}