{"id":1020908,"date":"2025-05-12T13:21:38","date_gmt":"2025-05-12T11:21:38","guid":{"rendered":"https:\/\/www.claret.cat\/llibre\/jugar-por-jugar-9791387568924\/"},"modified":"2025-05-12T13:22:16","modified_gmt":"2025-05-12T11:22:16","slug":"jugar-por-jugar-9791387568924","status":"publish","type":"product","link":"https:\/\/www.claret.cat\/es\/libro\/jugar-por-jugar-9791387568924\/","title":{"rendered":"JUGAR POR JUGAR"},"content":{"rendered":"<p>El juego es mucho m\u00e1s que entretenimiento: es un instinto primario y una herramienta clave para nuestro desarrollo cognitivo, emocional y social. Sin embargo, en una sociedad obsesionada con la productividad, hemos olvidado c\u00f3mo jugar libremente. Este libro es un manifiesto que aboga por recuperar el juego en su forma m\u00e1s pura: desestructurado, creativo y sin la presi\u00f3n de competir o ganar. Con un enfoque basado en la biolog\u00eda, la psicolog\u00eda y la educaci\u00f3n, Jugar por jugar nos invita a redescubrir el placer del juego como una forma esencial de aprender, crecer y conectarse, tanto para los ni\u00f1os como para los adultos.<\/p>\n","protected":false},"excerpt":{"rendered":"<p>RODR\u00cdGUEZ, JULIO<\/p>\n","protected":false},"featured_media":1020909,"template":"","meta":{"_acf_changed":false,"om_disable_all_campaigns":false,"rs_blank_template":"","rs_page_bg_color":"","slide_template_v7":"","inline_featured_image":false,"_monsterinsights_skip_tracking":false,"_monsterinsights_sitenote_active":false,"_monsterinsights_sitenote_note":"","_monsterinsights_sitenote_category":0},"product_brand":[],"product_cat":[191,454,451,186,187,452,188,381],"product_tag":[],"class_list":{"0":"post-1020908","1":"product","2":"type-product","3":"status-publish","4":"has-post-thumbnail","6":"product_cat-educacio-en-valors-pedagogia-2_humanitats","7":"product_cat-educacion-en-valores","8":"product_cat-estudios-e-investigacion-pedagogia-2_humanidades","9":"product_cat-estudis-i-investigacio-pedagogia-2_humanitats","10":"product_cat-organitzacio-i-gestio","11":"product_cat-organizacion-y-gestion","12":"product_cat-psicopedagogia","13":"product_cat-psicopedagogia-pedagogia-2_humanidades","15":"first","16":"instock","17":"taxable","18":"shipping-taxable","19":"purchasable","20":"product-type-simple"},"acf":{"autor":"RODR\u00cdGUEZ, JULIO","codart":"138756892","libros-coleccion":"","ediciones":"1","encuadernacion":"R\u00fastica","fecha_de_publicacion":"01\/04\/2025","novedad":"1","paginas":"276","subtitulo":"DONDE NACEN LA CREATIVIDAD, EL APRENDIZAJE Y LA FELICIDAD","orden":"0","portada":"0","idioma":"spa","booktrailer":"","resenas":"","editorial":[{"ID":6331,"post_author":"3","post_date":"2022-07-28 17:49:53","post_date_gmt":"2022-07-28 15:49:53","post_content":"","post_title":"PLATAFORMA EDITORIAL","post_excerpt":"","post_status":"publish","comment_status":"closed","ping_status":"closed","post_password":"","post_name":"plataforma-editorial","to_ping":"","pinged":"","post_modified":"2022-07-28 17:49:53","post_modified_gmt":"2022-07-28 15:49:53","post_content_filtered":"","post_parent":0,"guid":"http:\/\/dev.claret.cat\/editorial\/plataforma-editorial\/","menu_order":0,"post_type":"editorial","post_mime_type":"","comment_count":"0","filter":"raw"}]},"aioseo_notices":[],"_links":{"self":[{"href":"https:\/\/www.claret.cat\/es\/wp-json\/wp\/v2\/product\/1020908","targetHints":{"allow":["GET"]}}],"collection":[{"href":"https:\/\/www.claret.cat\/es\/wp-json\/wp\/v2\/product"}],"about":[{"href":"https:\/\/www.claret.cat\/es\/wp-json\/wp\/v2\/types\/product"}],"wp:featuredmedia":[{"embeddable":true,"href":"https:\/\/www.claret.cat\/es\/wp-json\/wp\/v2\/media\/1020909"}],"wp:attachment":[{"href":"https:\/\/www.claret.cat\/es\/wp-json\/wp\/v2\/media?parent=1020908"}],"wp:term":[{"taxonomy":"product_brand","embeddable":true,"href":"https:\/\/www.claret.cat\/es\/wp-json\/wp\/v2\/product_brand?post=1020908"},{"taxonomy":"product_cat","embeddable":true,"href":"https:\/\/www.claret.cat\/es\/wp-json\/wp\/v2\/product_cat?post=1020908"},{"taxonomy":"product_tag","embeddable":true,"href":"https:\/\/www.claret.cat\/es\/wp-json\/wp\/v2\/product_tag?post=1020908"}],"curies":[{"name":"wp","href":"https:\/\/api.w.org\/{rel}","templated":true}]}}