{"id":1021167,"date":"2025-05-13T14:11:00","date_gmt":"2025-05-13T12:11:00","guid":{"rendered":"https:\/\/www.claret.cat\/llibre\/el-mundo-de-escuela-de-monstruos-2-oficios-prisas-y-sonrisas-9788419357847\/"},"modified":"2026-04-08T17:11:19","modified_gmt":"2026-04-08T15:11:19","slug":"el-mundo-de-escuela-de-monstruos-2-oficios-prisas-y-sonrisas-9788419357847","status":"publish","type":"product","link":"https:\/\/www.claret.cat\/es\/libro\/el-mundo-de-escuela-de-monstruos-2-oficios-prisas-y-sonrisas-9788419357847\/","title":{"rendered":"EL MUNDO DE ESCUELA DE MONSTRUOS 2 &#8211; OFICIOS, PRISAS Y SONRISAS"},"content":{"rendered":"<p>APRENDE A LEER EN EL MUNDO DE ESCUELA DE MONSTRUOS, LA M\u00c1S APESTOSA Y DIVERTIDA QUE EXISTE.  M\u00e1s de 1 mill\u00f3n de peque\u00f1os lectores. Nuestras familias son muy monstruosas, ven y lo ver\u00e1s: \u00a1hacemos muchas cosas!  La madre de Sam es panadera, el hermano de Pedro es bibliotecario, \u00a1y la abuela de Yago es doctora! Descubre los diferentes oficios que los monstruos realizan y los incre\u00edbles lugares en los que trabajan. Descubre c\u00f3mo es el Mundo de Escuela de Monstruos y aprende a leer de forma sencilla y pertida. &#8211; Letra may\u00fascula &#8211; Frases rimadas &#8211; Ilustraciones a todo color &#8211; Incluye actividades &#8211; \u00a1Protagonizada por un grupo de monstruos! Con letra may\u00fascula y texto rimado, \u00a1aprender a leer est\u00e1 asegurado!<\/p>\n","protected":false},"excerpt":{"rendered":"<p>RIPPIN, SALLY<\/p>\n","protected":false},"featured_media":1021168,"template":"","meta":{"_acf_changed":false,"om_disable_all_campaigns":false,"rs_blank_template":"","rs_page_bg_color":"","slide_template_v7":"","inline_featured_image":false,"_monsterinsights_skip_tracking":false,"_monsterinsights_sitenote_active":false,"_monsterinsights_sitenote_note":"","_monsterinsights_sitenote_category":0},"product_brand":[],"product_cat":[132,362],"product_tag":[],"class_list":{"0":"post-1021167","1":"product","2":"type-product","3":"status-publish","4":"has-post-thumbnail","6":"product_cat-lectures-per-preadolescents-6-12-anys","7":"product_cat-libros-preadolescentes-6-12-anos","9":"first","10":"instock","11":"taxable","12":"shipping-taxable","13":"purchasable","14":"product-type-simple"},"acf":{"autor":"RIPPIN, SALLY","codart":"841935784","libros-coleccion":"Montena","ediciones":"1","encuadernacion":"Carton\u00e9","fecha_de_publicacion":"01\/05\/2025","novedad":"1","paginas":"45","subtitulo":"APRENDE NUEVAS PALABRAS EN ESTOS ESCENARIOS MONSTRUOSAMENTE DIVERTIDOS","orden":"0","portada":"0","idioma":"spa","booktrailer":"","resenas":"","editorial":[{"ID":6310,"post_author":"3","post_date":"2022-07-28 17:49:26","post_date_gmt":"2022-07-28 15:49:26","post_content":"","post_title":"MONTENA","post_excerpt":"","post_status":"publish","comment_status":"closed","ping_status":"closed","post_password":"","post_name":"montena","to_ping":"","pinged":"","post_modified":"2022-07-28 17:49:26","post_modified_gmt":"2022-07-28 15:49:26","post_content_filtered":"","post_parent":0,"guid":"http:\/\/dev.claret.cat\/editorial\/montena\/","menu_order":0,"post_type":"editorial","post_mime_type":"","comment_count":"0","filter":"raw"}]},"aioseo_notices":[],"_links":{"self":[{"href":"https:\/\/www.claret.cat\/es\/wp-json\/wp\/v2\/product\/1021167","targetHints":{"allow":["GET"]}}],"collection":[{"href":"https:\/\/www.claret.cat\/es\/wp-json\/wp\/v2\/product"}],"about":[{"href":"https:\/\/www.claret.cat\/es\/wp-json\/wp\/v2\/types\/product"}],"wp:featuredmedia":[{"embeddable":true,"href":"https:\/\/www.claret.cat\/es\/wp-json\/wp\/v2\/media\/1021168"}],"wp:attachment":[{"href":"https:\/\/www.claret.cat\/es\/wp-json\/wp\/v2\/media?parent=1021167"}],"wp:term":[{"taxonomy":"product_brand","embeddable":true,"href":"https:\/\/www.claret.cat\/es\/wp-json\/wp\/v2\/product_brand?post=1021167"},{"taxonomy":"product_cat","embeddable":true,"href":"https:\/\/www.claret.cat\/es\/wp-json\/wp\/v2\/product_cat?post=1021167"},{"taxonomy":"product_tag","embeddable":true,"href":"https:\/\/www.claret.cat\/es\/wp-json\/wp\/v2\/product_tag?post=1021167"}],"curies":[{"name":"wp","href":"https:\/\/api.w.org\/{rel}","templated":true}]}}