{"id":1021338,"date":"2025-05-13T16:41:24","date_gmt":"2025-05-13T14:41:24","guid":{"rendered":"https:\/\/www.claret.cat\/llibre\/cuaderno-blackie-books-vol-14-9788410323575\/"},"modified":"2025-07-31T20:00:34","modified_gmt":"2025-07-31T18:00:34","slug":"cuaderno-blackie-books-vol-14-9788410323575","status":"publish","type":"product","link":"https:\/\/www.claret.cat\/es\/libro\/cuaderno-blackie-books-vol-14-9788410323575\/","title":{"rendered":"CUADERNO BLACKIE BOOKS. VOL. 14"},"content":{"rendered":"<p>DISFRUTA Y APRENDE SIN PANTALLAS<\/p>\n<p>Nueva entrega del ya m\u00edtico cuaderno de actividades para adultos. Ejercicios y pasatiempos para desoxidar la mente y reforestar el cerebro. Para aprender disfrutando y disfrutar aprendiendo.<\/p>\n<p>Ejercicios y pasatiempos para desoxidar la mente y reforestar el cerebro. Para aprender disfrutando y disfrutar aprendiendo.<\/p>\n<p>\u2022 Creado por el campeo\u00b4n de Saber y ganar Daniel Lo\u00b4pez Valle y el reputado ilustrador Cristo\u00b4bal Fortu\u00b4nez.<\/p>\n<p>\u2022 \u00a1Ma\u00b4s de 250.000 ejemplares vendidos de sus anteriores ediciones!<\/p>\n<p>\u2022 150 EJERCICIOS.<\/p>\n<p>\u2022 120 HORAS DE DIVERSIO\u00b4N.<\/p>\n<p>\u2022 MU\u00b4SICA, CINE, SERIES, LITERATURA, CIENCIA, SEXO, DEPORTE, ARTE&#8230;<\/p>\n<p>Este Cuaderno contiene:<\/p>\n<p>\u2022 Pasatiempos<\/p>\n<p>\u2022 Juegos de lo\u00b4gica<\/p>\n<p>\u2022 Sopas de letras<\/p>\n<p>\u2022 Laberintos<\/p>\n<p>\u2022 Test<\/p>\n<p>\u2022 Crucigramas<\/p>\n<p>Apaga tu m\u00f3vil, coge un l\u00e1piz, \u00a1y disfruta aprendiendo!<\/p>\n","protected":false},"excerpt":{"rendered":"<p>L\u00d3PEZ VALLE, DANIEL\/ FORT\u00daNEZ, CRIST\u00d3BAL<\/p>\n","protected":false},"featured_media":1021339,"template":"","meta":{"_acf_changed":false,"om_disable_all_campaigns":false,"rs_blank_template":"","rs_page_bg_color":"","slide_template_v7":"","inline_featured_image":false,"_monsterinsights_skip_tracking":false,"_monsterinsights_sitenote_active":false,"_monsterinsights_sitenote_note":"","_monsterinsights_sitenote_category":0},"product_brand":[],"product_cat":[551,101],"product_tag":[],"class_list":{"0":"post-1021338","1":"product","2":"type-product","3":"status-publish","4":"has-post-thumbnail","6":"product_cat-manualidades","7":"product_cat-manualitats","9":"first","10":"instock","11":"taxable","12":"shipping-taxable","13":"purchasable","14":"product-type-simple"},"acf":{"autor":"L\u00d3PEZ VALLE, DANIEL\/ FORT\u00daNEZ, CRIST\u00d3BAL","codart":"841032357","libros-coleccion":"FORA DE COL.LECCI\u00d3","ediciones":"1","encuadernacion":"R\u00fastica","fecha_de_publicacion":"01\/05\/2025","novedad":"1","paginas":"95","subtitulo":"CUADERNO DE ACTIVIDADES PARA ADULTOS.","orden":"0","portada":"0","idioma":"spa","booktrailer":"","resenas":"","editorial":[{"ID":6146,"post_author":"3","post_date":"2022-07-28 17:45:52","post_date_gmt":"2022-07-28 15:45:52","post_content":"","post_title":"Blackie Books","post_excerpt":"","post_status":"publish","comment_status":"closed","ping_status":"closed","post_password":"","post_name":"blackie-books","to_ping":"","pinged":"","post_modified":"2022-07-28 17:45:52","post_modified_gmt":"2022-07-28 15:45:52","post_content_filtered":"","post_parent":0,"guid":"http:\/\/dev.claret.cat\/editorial\/blackie-books\/","menu_order":0,"post_type":"editorial","post_mime_type":"","comment_count":"0","filter":"raw"}]},"aioseo_notices":[],"_links":{"self":[{"href":"https:\/\/www.claret.cat\/es\/wp-json\/wp\/v2\/product\/1021338","targetHints":{"allow":["GET"]}}],"collection":[{"href":"https:\/\/www.claret.cat\/es\/wp-json\/wp\/v2\/product"}],"about":[{"href":"https:\/\/www.claret.cat\/es\/wp-json\/wp\/v2\/types\/product"}],"wp:featuredmedia":[{"embeddable":true,"href":"https:\/\/www.claret.cat\/es\/wp-json\/wp\/v2\/media\/1021339"}],"wp:attachment":[{"href":"https:\/\/www.claret.cat\/es\/wp-json\/wp\/v2\/media?parent=1021338"}],"wp:term":[{"taxonomy":"product_brand","embeddable":true,"href":"https:\/\/www.claret.cat\/es\/wp-json\/wp\/v2\/product_brand?post=1021338"},{"taxonomy":"product_cat","embeddable":true,"href":"https:\/\/www.claret.cat\/es\/wp-json\/wp\/v2\/product_cat?post=1021338"},{"taxonomy":"product_tag","embeddable":true,"href":"https:\/\/www.claret.cat\/es\/wp-json\/wp\/v2\/product_tag?post=1021338"}],"curies":[{"name":"wp","href":"https:\/\/api.w.org\/{rel}","templated":true}]}}