{"id":102149,"date":"2022-10-12T08:16:57","date_gmt":"2022-10-12T06:16:57","guid":{"rendered":"http:\/\/dev.claret.cat\/producte\/ahi-tienes-a-tu-madre\/"},"modified":"2024-05-02T05:49:31","modified_gmt":"2024-05-02T03:49:31","slug":"ahi-tienes-a-tu-madre-9788428835794","status":"publish","type":"product","link":"https:\/\/www.claret.cat\/es\/libro\/ahi-tienes-a-tu-madre-9788428835794\/","title":{"rendered":"\u00a1AH\u00cd TIENES A TU MADRE!"},"content":{"rendered":"<p>Hay momentos en la historia en los que el ser humano siente de forma radical su desvalimiento, confin\u00e1ndolo en la soledad. Todos hemos sido puestos en alg\u00fan momento de nuestra vida a los pies de la Cruz. En la escena primordial del primer Calvario, Jes\u00fas, mirando el desamparo de Juan, el disc\u00edpulo y amigo, le brinda la mejor de las compa\u00f1\u00edas: \u201c\u00a1Ah\u00ed tienes a tu madre!\u201d (Juan 19,27).Este libro nos lleva a la \u201cescuela de Mar\u00eda\u201d para que, sentados en su regazo, con 31 lecciones sencillas, nos gu\u00ede como madre y maestra por la contemplaci\u00f3n de los misterios de su Hijo y estimule en nosotros el deseo de seguirle.<\/p>\n","protected":false},"excerpt":{"rendered":"<p>CRESPO HIDALGO, ALFONSO<\/p>\n","protected":false},"featured_media":338077,"template":"","meta":{"_acf_changed":false,"om_disable_all_campaigns":false,"rs_blank_template":"","rs_page_bg_color":"","slide_template_v7":"","inline_featured_image":false,"_monsterinsights_skip_tracking":false,"_monsterinsights_sitenote_active":false,"_monsterinsights_sitenote_note":"","_monsterinsights_sitenote_category":0},"product_brand":[],"product_cat":[90,540],"product_tag":[],"class_list":{"0":"post-102149","1":"product","2":"type-product","3":"status-publish","4":"has-post-thumbnail","6":"product_cat-altres","7":"product_cat-otros","9":"first","10":"instock","11":"taxable","12":"shipping-taxable","13":"purchasable","14":"product-type-simple"},"acf":{"editorial":[{"ID":6335,"post_author":"3","post_date":"2022-07-28 17:49:59","post_date_gmt":"2022-07-28 15:49:59","post_content":"","post_title":"PPC altres","post_excerpt":"","post_status":"publish","comment_status":"closed","ping_status":"closed","post_password":"","post_name":"ppc-altres","to_ping":"","pinged":"","post_modified":"2022-07-28 17:49:59","post_modified_gmt":"2022-07-28 15:49:59","post_content_filtered":"","post_parent":0,"guid":"http:\/\/dev.claret.cat\/editorial\/ppc-altres\/","menu_order":0,"post_type":"editorial","post_mime_type":"","comment_count":"0","filter":"raw"}],"autor":"CRESPO HIDALGO, ALFONSO","codart":"842883579","libros-coleccion":"","ediciones":"1","encuadernacion":"Carton\u00e9","fecha_de_publicacion":"10\/11\/2020","novedad":"1","paginas":"194","subtitulo":"MAR\u00cdA, MAESTRA DE ESPIRITUALIDAD. 31 LECCIONES","orden":"0","portada":"0","idioma":"spa","autores-libros":[{"ID":149753,"post_author":"3","post_date":"2022-10-14 14:27:25","post_date_gmt":"2022-10-14 12:27:25","post_content":"","post_title":"ALFONSO CRESPO HIDALGO","post_excerpt":"","post_status":"publish","comment_status":"closed","ping_status":"closed","post_password":"","post_name":"alfonso-crespo-hidalgo","to_ping":"","pinged":"","post_modified":"2022-10-14 14:27:25","post_modified_gmt":"2022-10-14 12:27:25","post_content_filtered":"","post_parent":0,"guid":"http:\/\/dev.claret.cat\/autor\/alfonso-crespo-hidalgo\/","menu_order":0,"post_type":"autor","post_mime_type":"","comment_count":"0","filter":"raw"}]},"aioseo_notices":[],"_links":{"self":[{"href":"https:\/\/www.claret.cat\/es\/wp-json\/wp\/v2\/product\/102149","targetHints":{"allow":["GET"]}}],"collection":[{"href":"https:\/\/www.claret.cat\/es\/wp-json\/wp\/v2\/product"}],"about":[{"href":"https:\/\/www.claret.cat\/es\/wp-json\/wp\/v2\/types\/product"}],"wp:featuredmedia":[{"embeddable":true,"href":"https:\/\/www.claret.cat\/es\/wp-json\/wp\/v2\/media\/338077"}],"wp:attachment":[{"href":"https:\/\/www.claret.cat\/es\/wp-json\/wp\/v2\/media?parent=102149"}],"wp:term":[{"taxonomy":"product_brand","embeddable":true,"href":"https:\/\/www.claret.cat\/es\/wp-json\/wp\/v2\/product_brand?post=102149"},{"taxonomy":"product_cat","embeddable":true,"href":"https:\/\/www.claret.cat\/es\/wp-json\/wp\/v2\/product_cat?post=102149"},{"taxonomy":"product_tag","embeddable":true,"href":"https:\/\/www.claret.cat\/es\/wp-json\/wp\/v2\/product_tag?post=102149"}],"curies":[{"name":"wp","href":"https:\/\/api.w.org\/{rel}","templated":true}]}}