{"id":102155,"date":"2022-10-12T08:17:01","date_gmt":"2022-10-12T06:17:01","guid":{"rendered":"http:\/\/dev.claret.cat\/producte\/agenda-2021-promesas-de-animo-con-cierre-marron-negro\/"},"modified":"2023-01-28T07:57:19","modified_gmt":"2023-01-28T06:57:19","slug":"agenda-2021-promesas-de-animo-con-cierre-marron-negro","status":"publish","type":"product","link":"https:\/\/www.claret.cat\/es\/libro\/agenda-2021-promesas-de-animo-con-cierre-marron-negro\/","title":{"rendered":"AGENDA 2021 PROMESAS DE \u00c1NIMO CON CIERRE MARR\u00d3N\/NEGRO"},"content":{"rendered":"<p>Si necesitas planificar las tareas, reuniones&#8230;de 2021 la Agenda 2021 Promesas de \u00e1nimo es la agenda que te recomendamos. Es una agenda anual, as\u00ed que de enero a diciembre tendr\u00e1s disponible una p\u00e1gina para cada d\u00eda del a\u00f1o. En esta agenda adem\u00e1s de organizarte podr\u00e1s leer un vers\u00edculo de \u00e1nimo diario y una frase c\u00e9lebre de un autor cristiano.<\/p>\n<p>Caracter\u00edsticas de la Agenda 2021 Promesas de \u00c1nimo:<br \/>Color caf\u00e9<br \/>Vista de d\u00eda por p\u00e1gina<br \/>Minicalendarios del mes previo y siguiente<br \/>Planificador mensual<br \/>Planificador anual<br \/>Ribbon para marcar las p\u00e1ginas<br \/>Espacio para notas o apuntes<br \/>Vers\u00edculo inspirador de la Biblia<br \/>Cita de autores reconocidos<br \/>Plan de lectura para leer la Biblia en un a\u00f1o<br \/>Con bolsillo trasero<br \/>Dise\u00f1o atractivo y lleno de color<br \/>400 p\u00e1ginas<br \/>Cubiertas PU leather de varios colores.<br \/>Tama\u00f1o A5, es decir 14,8 x 21 cm.<br \/>Con cierre para mantenerla siempre en buen estado<br \/>La agenda 2021 Promesas de \u00e1nimo es el regalo ideal para estas navidades y una herramienta imprescindible para tomar \u00e1nimo cada d\u00eda en un tiempo dif\u00edcil como el que nos ha tocado vivir.<\/p>\n","protected":false},"excerpt":{"rendered":"<p>ABBA<\/p>\n","protected":false},"featured_media":102156,"template":"","meta":{"_acf_changed":false,"om_disable_all_campaigns":false,"rs_blank_template":"","rs_page_bg_color":"","slide_template_v7":"","inline_featured_image":false,"_monsterinsights_skip_tracking":false,"_monsterinsights_sitenote_active":false,"_monsterinsights_sitenote_note":"","_monsterinsights_sitenote_category":0},"product_brand":[],"product_cat":[552,102],"product_tag":[],"class_list":{"0":"post-102155","1":"product","2":"type-product","3":"status-publish","4":"has-post-thumbnail","6":"product_cat-calendarios-y-agendas","7":"product_cat-calendaris-i-agendes","9":"first","10":"instock","11":"taxable","12":"shipping-taxable","13":"purchasable","14":"product-type-simple"},"acf":{"autor":"ABBA","codart":"061292251","libros-coleccion":"","ediciones":"1","encuadernacion":"R\u00fastica","fecha_de_publicacion":"10\/11\/2020","novedad":"1","paginas":"400","subtitulo":"","orden":"0","portada":"0","idioma":"spa","editorial":[{"ID":148718,"post_author":"3","post_date":"2022-10-14 12:00:26","post_date_gmt":"2022-10-14 10:00:26","post_content":"","post_title":"PURA VIDA BOOKS","post_excerpt":"","post_status":"publish","comment_status":"closed","ping_status":"closed","post_password":"","post_name":"pura-vida-books","to_ping":"","pinged":"","post_modified":"2022-10-14 12:00:26","post_modified_gmt":"2022-10-14 10:00:26","post_content_filtered":"","post_parent":0,"guid":"http:\/\/dev.claret.cat\/editorial\/pura-vida-books\/","menu_order":0,"post_type":"editorial","post_mime_type":"","comment_count":"0","filter":"raw"}],"autores-libros":[{"ID":149059,"post_author":"3","post_date":"2022-10-14 14:21:49","post_date_gmt":"2022-10-14 12:21:49","post_content":"","post_title":"ABBA","post_excerpt":"","post_status":"publish","comment_status":"closed","ping_status":"closed","post_password":"","post_name":"abba","to_ping":"","pinged":"","post_modified":"2022-10-14 14:21:49","post_modified_gmt":"2022-10-14 12:21:49","post_content_filtered":"","post_parent":0,"guid":"http:\/\/dev.claret.cat\/autor\/abba\/","menu_order":0,"post_type":"autor","post_mime_type":"","comment_count":"0","filter":"raw"}]},"aioseo_notices":[],"_links":{"self":[{"href":"https:\/\/www.claret.cat\/es\/wp-json\/wp\/v2\/product\/102155","targetHints":{"allow":["GET"]}}],"collection":[{"href":"https:\/\/www.claret.cat\/es\/wp-json\/wp\/v2\/product"}],"about":[{"href":"https:\/\/www.claret.cat\/es\/wp-json\/wp\/v2\/types\/product"}],"wp:featuredmedia":[{"embeddable":true,"href":"https:\/\/www.claret.cat\/es\/wp-json\/wp\/v2\/media\/102156"}],"wp:attachment":[{"href":"https:\/\/www.claret.cat\/es\/wp-json\/wp\/v2\/media?parent=102155"}],"wp:term":[{"taxonomy":"product_brand","embeddable":true,"href":"https:\/\/www.claret.cat\/es\/wp-json\/wp\/v2\/product_brand?post=102155"},{"taxonomy":"product_cat","embeddable":true,"href":"https:\/\/www.claret.cat\/es\/wp-json\/wp\/v2\/product_cat?post=102155"},{"taxonomy":"product_tag","embeddable":true,"href":"https:\/\/www.claret.cat\/es\/wp-json\/wp\/v2\/product_tag?post=102155"}],"curies":[{"name":"wp","href":"https:\/\/api.w.org\/{rel}","templated":true}]}}