{"id":1021849,"date":"2025-05-16T10:30:02","date_gmt":"2025-05-16T08:30:02","guid":{"rendered":"https:\/\/www.claret.cat\/llibre\/de-la-oscuridad-a-la-luz-9788428842709\/"},"modified":"2025-05-16T10:30:38","modified_gmt":"2025-05-16T08:30:38","slug":"de-la-oscuridad-a-la-luz-9788428842709","status":"publish","type":"product","link":"https:\/\/www.claret.cat\/es\/libro\/de-la-oscuridad-a-la-luz-9788428842709\/","title":{"rendered":"DE LA OSCURIDAD A LA LUZ"},"content":{"rendered":"<p class='ql-align-justify'>La mayor\u00eda de las v\u00edctimas llegan a terapia solicitando ayuda frente a una serie de situaciones vitales estresantes o muy dif\u00edciles de atravesar. Han experimentado el l\u00edmite de sus propias capacidades para resolver esas situaciones, y eso hace que pidan ayuda en un contexto en las que se encuentran vulnerables.<\/p>\n<p class='ql-align-justify'>Este texto pretende ayudar a las personas que acompa\u00f1an a aquellas que han sido v\u00edctimas de abuso sexual. Y especialmente quiere ser una fuente de inspiraci\u00f3n para tantas personas que, o bien se encuentran sufriendo una situaci\u00f3n de abuso sexual, o bien se encuentran en proceso de desvelamiento o de resignificaci\u00f3n.<\/p>\n<p><\/p>\n","protected":false},"excerpt":{"rendered":"<p>MORAND\u00c9 D\u00c4TTWYLER, MARGARITA ; SUSAETA RACERO, YOLANDA <\/p>\n","protected":false},"featured_media":1021850,"template":"","meta":{"_acf_changed":false,"om_disable_all_campaigns":false,"rs_blank_template":"","rs_page_bg_color":"","slide_template_v7":"","inline_featured_image":false,"_monsterinsights_skip_tracking":false,"_monsterinsights_sitenote_active":false,"_monsterinsights_sitenote_note":"","_monsterinsights_sitenote_category":0},"product_brand":[],"product_cat":[516,290],"product_tag":[],"class_list":{"0":"post-1021849","1":"product","2":"type-product","3":"status-publish","4":"has-post-thumbnail","6":"product_cat-moral-de-la-persona-sexualidad","7":"product_cat-moral-de-la-persona-sexualitat","9":"first","10":"instock","11":"taxable","12":"shipping-taxable","13":"purchasable","14":"product-type-simple"},"acf":{"autor":"MORAND\u00c9 D\u00c4TTWYLER, MARGARITA ; SUSAETA RACERO, YOLANDA ","codart":"842884270","libros-coleccion":"GS","ediciones":"1","encuadernacion":"R\u00fastica","fecha_de_publicacion":"15\/05\/2025","novedad":"1","paginas":"80","subtitulo":"CUANDO EL ABUSO SEXUAL SE ABRE EN LA VIDA ADULTA ","orden":"0","portada":"0","idioma":"spa","booktrailer":"","resenas":"","editorial":[{"ID":6335,"post_author":"3","post_date":"2022-07-28 17:49:59","post_date_gmt":"2022-07-28 15:49:59","post_content":"","post_title":"PPC altres","post_excerpt":"","post_status":"publish","comment_status":"closed","ping_status":"closed","post_password":"","post_name":"ppc-altres","to_ping":"","pinged":"","post_modified":"2022-07-28 17:49:59","post_modified_gmt":"2022-07-28 15:49:59","post_content_filtered":"","post_parent":0,"guid":"http:\/\/dev.claret.cat\/editorial\/ppc-altres\/","menu_order":0,"post_type":"editorial","post_mime_type":"","comment_count":"0","filter":"raw"}]},"aioseo_notices":[],"_links":{"self":[{"href":"https:\/\/www.claret.cat\/es\/wp-json\/wp\/v2\/product\/1021849","targetHints":{"allow":["GET"]}}],"collection":[{"href":"https:\/\/www.claret.cat\/es\/wp-json\/wp\/v2\/product"}],"about":[{"href":"https:\/\/www.claret.cat\/es\/wp-json\/wp\/v2\/types\/product"}],"wp:featuredmedia":[{"embeddable":true,"href":"https:\/\/www.claret.cat\/es\/wp-json\/wp\/v2\/media\/1021850"}],"wp:attachment":[{"href":"https:\/\/www.claret.cat\/es\/wp-json\/wp\/v2\/media?parent=1021849"}],"wp:term":[{"taxonomy":"product_brand","embeddable":true,"href":"https:\/\/www.claret.cat\/es\/wp-json\/wp\/v2\/product_brand?post=1021849"},{"taxonomy":"product_cat","embeddable":true,"href":"https:\/\/www.claret.cat\/es\/wp-json\/wp\/v2\/product_cat?post=1021849"},{"taxonomy":"product_tag","embeddable":true,"href":"https:\/\/www.claret.cat\/es\/wp-json\/wp\/v2\/product_tag?post=1021849"}],"curies":[{"name":"wp","href":"https:\/\/api.w.org\/{rel}","templated":true}]}}