{"id":102197,"date":"2022-10-12T08:17:37","date_gmt":"2022-10-12T06:17:37","guid":{"rendered":"http:\/\/dev.claret.cat\/producte\/atlas-obscura\/"},"modified":"2024-02-12T17:18:19","modified_gmt":"2024-02-12T16:18:19","slug":"atlas-obscura-9786075571300","status":"publish","type":"product","link":"https:\/\/www.claret.cat\/es\/libro\/atlas-obscura-9786075571300\/","title":{"rendered":"ATLAS OBSCURA"},"content":{"rendered":"<p>Un libro para ni\u00f1os que sirve de gu\u00eda lo mismo para los viajes reales que para los imaginados.<br \/> A lo largo de sus p\u00e1ginas los autores nos transportan por 100 misteriosos e hipn\u00f3ticos destinos en 47 pa\u00edses del mundo: el viaje arranca en el cr\u00e1ter de un volc\u00e1n en Islandia que lleva 4 000 a\u00f1os inactivo, nos lleva a la extraordinaria mina de cristales gigantes de Chihuahua, en M\u00e9xico, pasa por una asombrosa ciudad de estatuas sumergidas en las Canarias y termina explorando el coraz\u00f3n del volc\u00e1n Villarrica en Chile. Al final, un mapa le muestra al lector el recorrido que emprendi\u00f3 alrededor del mundo.<br \/> Cada p\u00e1gina, fant\u00e1sticamente ilustrada, es un destino que nos conduce al siguiente por una conexi\u00f3n sorprendente e inesperada que revela lo \u00edntimamente imbricados que est\u00e1n todos los entornos terrestres, tanto los naturales como los humanos.<\/p>\n","protected":false},"excerpt":{"rendered":"<p>THURAS, DYLAN \/ MOSCO, ROSEMARY \/ ANG, JOY<\/p>\n","protected":false},"featured_media":273618,"template":"","meta":{"_acf_changed":false,"om_disable_all_campaigns":false,"rs_blank_template":"","rs_page_bg_color":"","slide_template_v7":"","inline_featured_image":false,"_monsterinsights_skip_tracking":false,"_monsterinsights_sitenote_active":false,"_monsterinsights_sitenote_note":"","_monsterinsights_sitenote_category":0},"product_brand":[],"product_cat":[90,540],"product_tag":[],"class_list":{"0":"post-102197","1":"product","2":"type-product","3":"status-publish","4":"has-post-thumbnail","6":"product_cat-altres","7":"product_cat-otros","9":"first","10":"instock","11":"taxable","12":"shipping-taxable","13":"purchasable","14":"product-type-simple"},"acf":{"editorial":[{"ID":6319,"post_author":"3","post_date":"2022-07-28 17:49:38","post_date_gmt":"2022-07-28 15:49:38","post_content":"","post_title":"Oc\u00e9ano Traves\u00eda","post_excerpt":"","post_status":"publish","comment_status":"closed","ping_status":"closed","post_password":"","post_name":"oceano-travesia","to_ping":"","pinged":"","post_modified":"2022-07-28 17:49:38","post_modified_gmt":"2022-07-28 15:49:38","post_content_filtered":"","post_parent":0,"guid":"http:\/\/dev.claret.cat\/editorial\/oceano-travesia\/","menu_order":0,"post_type":"editorial","post_mime_type":"","comment_count":"0","filter":"raw"}],"autores-libros":[{"ID":154435,"post_author":"3","post_date":"2022-10-14 15:04:47","post_date_gmt":"2022-10-14 13:04:47","post_content":"","post_title":"DYLAN THURAS","post_excerpt":"","post_status":"publish","comment_status":"closed","ping_status":"closed","post_password":"","post_name":"dylan-thuras","to_ping":"","pinged":"","post_modified":"2022-10-14 15:04:47","post_modified_gmt":"2022-10-14 13:04:47","post_content_filtered":"","post_parent":0,"guid":"http:\/\/dev.claret.cat\/autor\/dylan-thuras\/","menu_order":0,"post_type":"autor","post_mime_type":"","comment_count":"0","filter":"raw"},{"ID":168571,"post_author":"3","post_date":"2022-10-14 22:20:10","post_date_gmt":"2022-10-14 20:20:10","post_content":"","post_title":"ROSEMARY MOSCO","post_excerpt":"","post_status":"publish","comment_status":"closed","ping_status":"closed","post_password":"","post_name":"rosemary-mosco","to_ping":"","pinged":"","post_modified":"2022-10-14 22:20:10","post_modified_gmt":"2022-10-14 20:20:10","post_content_filtered":"","post_parent":0,"guid":"http:\/\/dev.claret.cat\/autor\/rosemary-mosco\/","menu_order":0,"post_type":"autor","post_mime_type":"","comment_count":"0","filter":"raw"},{"ID":160911,"post_author":"3","post_date":"2022-10-14 15:56:52","post_date_gmt":"2022-10-14 13:56:52","post_content":"","post_title":"JOY ANG","post_excerpt":"","post_status":"publish","comment_status":"closed","ping_status":"closed","post_password":"","post_name":"joy-ang","to_ping":"","pinged":"","post_modified":"2022-10-14 15:56:52","post_modified_gmt":"2022-10-14 13:56:52","post_content_filtered":"","post_parent":0,"guid":"http:\/\/dev.claret.cat\/autor\/joy-ang\/","menu_order":0,"post_type":"autor","post_mime_type":"","comment_count":"0","filter":"raw"}],"autor":"THURAS, DYLAN \/ MOSCO, ROSEMARY \/ ANG, JOY","codart":"607557130","libros-coleccion":"El libro Oc\u00e9ano de ...","ediciones":"1","encuadernacion":"Carton\u00e9","fecha_de_publicacion":"01\/05\/2020","novedad":"1","paginas":"45","subtitulo":"","orden":"0","portada":"0","idioma":"spa"},"aioseo_notices":[],"_links":{"self":[{"href":"https:\/\/www.claret.cat\/es\/wp-json\/wp\/v2\/product\/102197","targetHints":{"allow":["GET"]}}],"collection":[{"href":"https:\/\/www.claret.cat\/es\/wp-json\/wp\/v2\/product"}],"about":[{"href":"https:\/\/www.claret.cat\/es\/wp-json\/wp\/v2\/types\/product"}],"wp:featuredmedia":[{"embeddable":true,"href":"https:\/\/www.claret.cat\/es\/wp-json\/wp\/v2\/media\/273618"}],"wp:attachment":[{"href":"https:\/\/www.claret.cat\/es\/wp-json\/wp\/v2\/media?parent=102197"}],"wp:term":[{"taxonomy":"product_brand","embeddable":true,"href":"https:\/\/www.claret.cat\/es\/wp-json\/wp\/v2\/product_brand?post=102197"},{"taxonomy":"product_cat","embeddable":true,"href":"https:\/\/www.claret.cat\/es\/wp-json\/wp\/v2\/product_cat?post=102197"},{"taxonomy":"product_tag","embeddable":true,"href":"https:\/\/www.claret.cat\/es\/wp-json\/wp\/v2\/product_tag?post=102197"}],"curies":[{"name":"wp","href":"https:\/\/api.w.org\/{rel}","templated":true}]}}