{"id":102203,"date":"2022-10-12T08:17:42","date_gmt":"2022-10-12T06:17:42","guid":{"rendered":"http:\/\/dev.claret.cat\/producte\/marie-curie-i-la-radioactivitat\/"},"modified":"2023-05-15T12:57:50","modified_gmt":"2023-05-15T10:57:50","slug":"marie-curie-i-la-radioactivitat-9788417599645","status":"publish","type":"product","link":"https:\/\/www.claret.cat\/es\/libro\/marie-curie-i-la-radioactivitat-9788417599645\/","title":{"rendered":"MARIE CURIE I LA RADIOACTIVITAT"},"content":{"rendered":"<p>Marie Curie va descobrir la radioactivitat i va utilitzar els seus estudis per salvar vides durant la Primera Guerra Mundial i per aprendre els secrets del m\u00f3n natural. Vols saber-ne m\u00e9s? Amb tires c\u00f2miques i requadres amb dades curioses!<\/p>\n","protected":false},"excerpt":{"rendered":"<p>GRAHAM, IAN<\/p>\n","protected":false},"featured_media":317997,"template":"","meta":{"_acf_changed":false,"om_disable_all_campaigns":false,"rs_blank_template":"","rs_page_bg_color":"","slide_template_v7":"","inline_featured_image":false,"_monsterinsights_skip_tracking":false,"_monsterinsights_sitenote_active":false,"_monsterinsights_sitenote_note":"","_monsterinsights_sitenote_category":0},"product_brand":[],"product_cat":[132,362],"product_tag":[],"class_list":{"0":"post-102203","1":"product","2":"type-product","3":"status-publish","4":"has-post-thumbnail","6":"product_cat-lectures-per-preadolescents-6-12-anys","7":"product_cat-libros-preadolescentes-6-12-anos","9":"first","10":"instock","11":"taxable","12":"shipping-taxable","13":"purchasable","14":"product-type-simple"},"acf":{"editorial":[{"ID":6123,"post_author":"3","post_date":"2022-07-28 17:45:23","post_date_gmt":"2022-07-28 15:45:23","post_content":"","post_title":"ANIMALLIBRES","post_excerpt":"","post_status":"publish","comment_status":"closed","ping_status":"closed","post_password":"","post_name":"animallibres","to_ping":"","pinged":"","post_modified":"2022-07-28 17:45:23","post_modified_gmt":"2022-07-28 15:45:23","post_content_filtered":"","post_parent":0,"guid":"http:\/\/dev.claret.cat\/editorial\/animallibres\/","menu_order":0,"post_type":"editorial","post_mime_type":"","comment_count":"0","filter":"raw"}],"autor":"GRAHAM, IAN","codart":"841759964","libros-coleccion":"La biblioteca dels ratolins","ediciones":"1","encuadernacion":"Carton\u00e9","fecha_de_publicacion":"01\/10\/2020","novedad":"1","paginas":"142","subtitulo":"","orden":"0","portada":"0","idioma":"cat","autores-libros":[{"ID":157708,"post_author":"3","post_date":"2022-10-14 15:30:59","post_date_gmt":"2022-10-14 13:30:59","post_content":"","post_title":"IAN GRAHAM","post_excerpt":"","post_status":"publish","comment_status":"closed","ping_status":"closed","post_password":"","post_name":"ian-graham","to_ping":"","pinged":"","post_modified":"2022-10-14 15:30:59","post_modified_gmt":"2022-10-14 13:30:59","post_content_filtered":"","post_parent":0,"guid":"http:\/\/dev.claret.cat\/autor\/ian-graham\/","menu_order":0,"post_type":"autor","post_mime_type":"","comment_count":"0","filter":"raw"}]},"aioseo_notices":[],"_links":{"self":[{"href":"https:\/\/www.claret.cat\/es\/wp-json\/wp\/v2\/product\/102203","targetHints":{"allow":["GET"]}}],"collection":[{"href":"https:\/\/www.claret.cat\/es\/wp-json\/wp\/v2\/product"}],"about":[{"href":"https:\/\/www.claret.cat\/es\/wp-json\/wp\/v2\/types\/product"}],"wp:featuredmedia":[{"embeddable":true,"href":"https:\/\/www.claret.cat\/es\/wp-json\/wp\/v2\/media\/317997"}],"wp:attachment":[{"href":"https:\/\/www.claret.cat\/es\/wp-json\/wp\/v2\/media?parent=102203"}],"wp:term":[{"taxonomy":"product_brand","embeddable":true,"href":"https:\/\/www.claret.cat\/es\/wp-json\/wp\/v2\/product_brand?post=102203"},{"taxonomy":"product_cat","embeddable":true,"href":"https:\/\/www.claret.cat\/es\/wp-json\/wp\/v2\/product_cat?post=102203"},{"taxonomy":"product_tag","embeddable":true,"href":"https:\/\/www.claret.cat\/es\/wp-json\/wp\/v2\/product_tag?post=102203"}],"curies":[{"name":"wp","href":"https:\/\/api.w.org\/{rel}","templated":true}]}}