{"id":1022073,"date":"2025-05-19T13:00:54","date_gmt":"2025-05-19T11:00:54","guid":{"rendered":"https:\/\/www.claret.cat\/llibre\/els-100-millors-suplements-i-aliments-que-et-canviaran-la-vida-9788410451056\/"},"modified":"2025-07-16T13:55:07","modified_gmt":"2025-07-16T11:55:07","slug":"els-100-millors-suplements-i-aliments-que-et-canviaran-la-vida-9788410451056","status":"publish","type":"product","link":"https:\/\/www.claret.cat\/es\/libro\/els-100-millors-suplements-i-aliments-que-et-canviaran-la-vida-9788410451056\/","title":{"rendered":"ELS 100 MILLORS SUPLEMENTS I ALIMENTS QUE ET CANVIARAN LA VIDA"},"content":{"rendered":"<p>VOLS POTENCIAR LA TEVA SALUT I EL TEU RENDIMENT A TRAV\u00c9S DELS MILLORS SUPLEMENTS I ALIMENTS?<\/p>\n<p> En aquest llibre hi trobar\u00e0s la resposta, ja que, gr\u00e0cies al Dr. \u00c0lex Y\u00e1\u00f1ez, descobrir\u00e0s els 100 millors suplements i aliments que et cuidaran el cos i la ment. A m\u00e9s, tota la informaci\u00f3 que es reuneix aqu\u00ed surt acompanyada i amb el suport de tota l\u2019evid\u00e8ncia cient\u00edfica actual al respecte (m\u00e9s de 2.000 refer\u00e8ncies cient\u00edfiques i bibliogr\u00e0fiques). <br \/> Aquesta guia actualitzada presenta els principals beneficis de cadascun dels seus cent aliments i suplements, la seva utilitat a l\u2019hora de combatre certes malalties i mals, si tenen contraindicacions o efectes secundaris i tamb\u00e9 la seva correcta posologia. Un llibre diferent i \u00fanic per la seva profunda base cient\u00edfica, pel gran nombre de suplements i aliments que s\u2019hi analitzen i per la seva actualitat.<\/p>\n","protected":false},"excerpt":{"rendered":"<p>Y\u00c1\u00d1EZ DE LA CAL, \u00c0LEX<\/p>\n","protected":false},"featured_media":1022179,"template":"","meta":{"_acf_changed":false,"om_disable_all_campaigns":false,"rs_blank_template":"","rs_page_bg_color":"","slide_template_v7":"","inline_featured_image":false,"_monsterinsights_skip_tracking":false,"_monsterinsights_sitenote_active":false,"_monsterinsights_sitenote_note":"","_monsterinsights_sitenote_category":0},"product_brand":[],"product_cat":[553,103,547,97],"product_tag":[],"class_list":{"0":"post-1022073","1":"product","2":"type-product","3":"status-publish","4":"has-post-thumbnail","6":"product_cat-cocina","7":"product_cat-cuina","8":"product_cat-salud","9":"product_cat-salut","11":"first","12":"instock","13":"taxable","14":"shipping-taxable","15":"purchasable","16":"product-type-simple"},"acf":{"autor":"Y\u00c1\u00d1EZ DE LA CAL, \u00c0LEX","codart":"841045105","libros-coleccion":"FORA DE COL.LECCI\u00d3","ediciones":"1","encuadernacion":"R\u00fastica","fecha_de_publicacion":"01\/05\/2025","novedad":"1","paginas":"231","subtitulo":"DESCOBREIX QUINS BENEFICIS APORTEN I QUINES MALALTIES AJUDEN A COMBATRE","orden":"0","portada":"0","idioma":"cat","booktrailer":"","resenas":"","editorial":[{"ID":147420,"post_author":"3","post_date":"2022-10-14 11:50:26","post_date_gmt":"2022-10-14 09:50:26","post_content":"","post_title":"AMAT EDITORIAL","post_excerpt":"","post_status":"publish","comment_status":"closed","ping_status":"closed","post_password":"","post_name":"amat-editorial","to_ping":"","pinged":"","post_modified":"2022-10-14 11:50:26","post_modified_gmt":"2022-10-14 09:50:26","post_content_filtered":"","post_parent":0,"guid":"http:\/\/dev.claret.cat\/editorial\/amat-editorial\/","menu_order":0,"post_type":"editorial","post_mime_type":"","comment_count":"0","filter":"raw"}]},"aioseo_notices":[],"_links":{"self":[{"href":"https:\/\/www.claret.cat\/es\/wp-json\/wp\/v2\/product\/1022073","targetHints":{"allow":["GET"]}}],"collection":[{"href":"https:\/\/www.claret.cat\/es\/wp-json\/wp\/v2\/product"}],"about":[{"href":"https:\/\/www.claret.cat\/es\/wp-json\/wp\/v2\/types\/product"}],"wp:featuredmedia":[{"embeddable":true,"href":"https:\/\/www.claret.cat\/es\/wp-json\/wp\/v2\/media\/1022179"}],"wp:attachment":[{"href":"https:\/\/www.claret.cat\/es\/wp-json\/wp\/v2\/media?parent=1022073"}],"wp:term":[{"taxonomy":"product_brand","embeddable":true,"href":"https:\/\/www.claret.cat\/es\/wp-json\/wp\/v2\/product_brand?post=1022073"},{"taxonomy":"product_cat","embeddable":true,"href":"https:\/\/www.claret.cat\/es\/wp-json\/wp\/v2\/product_cat?post=1022073"},{"taxonomy":"product_tag","embeddable":true,"href":"https:\/\/www.claret.cat\/es\/wp-json\/wp\/v2\/product_tag?post=1022073"}],"curies":[{"name":"wp","href":"https:\/\/api.w.org\/{rel}","templated":true}]}}