{"id":1022346,"date":"2025-05-19T17:11:36","date_gmt":"2025-05-19T15:11:36","guid":{"rendered":"https:\/\/www.claret.cat\/llibre\/historia-de-la-filosofia-moderna-curso-de-filosofia-tomista-9788425408816\/"},"modified":"2026-01-28T11:19:14","modified_gmt":"2026-01-28T10:19:14","slug":"historia-de-la-filosofia-moderna-curso-de-filosofia-tomista-9788425408816","status":"publish","type":"product","link":"https:\/\/www.claret.cat\/es\/libro\/historia-de-la-filosofia-moderna-curso-de-filosofia-tomista-9788425408816\/","title":{"rendered":"HISTORIA DE LA FILOSOFIA MODERNA, CURSO DE FILOSOFIA TOMISTA"},"content":{"rendered":"<p>Verneaux escribe una obra de iniciaci\u00f3n, orientada a los oque han de emprende el estudio de los fil\u00f3sofos modernos. El presentre volumen expone, a grandes rasgos, el pensamiento de los fil\u00f3sofos que habitualmente adscribimos a la filosof\u00eda moderna, desde Descartes a Hegel.<\/p>\n<p>El presente volumen expone, a grandes rasgos, el pensamiento de los fil\u00f3sofos que habitualmente adscribimos a la filosof\u00eda moderna \u2013desde Descartes a Hegel\u2013, y presenta las ideas directrices de la manera m\u00e1s clara y simple posible, con exactitud y profundidad. Se trata pues de un volumen conciso y orientado realmente a lo fundamental.<\/p>\n<p>Vernaux escribe una obra de iniciaci\u00f3n, orientada al servicio de los que han de emprender el estudio de los fil\u00f3sofos modernos. Tiende a presentar, en formulaciones claras y asequibles, el resultado de muchos a\u00f1os de estudio, para encaminar y guiar al alumno a un estudio m\u00e1s pormenorizado.<\/p>\n<p>Cada filosof\u00eda que estudia va precedida de un breve bosquejo biogr\u00e1fico, orientado a desvelar un poco la personalidad de cada fil\u00f3sofo, en orden a la mejor inteligencia de su sistema.<\/p>\n<p>Vernaux ha seguido un m\u00e9todo muy aceptable, que siendo eminentemente pe\u00adda\u00adg\u00f3\u00adgico, es, al mismo tiempo, cient\u00edfico: su exposici\u00f3n discurre como un comentario de texto, que a veces aclara y a veces confirma lo que \u00e9l mismo expone o quiere exponer.<\/p>\n<p>Finalmente, cabe resaltar el sabio criterio con que expone y enfoca cada uno de estos sistemas. Sin confundir el sistema o un sistema con la misma filosof\u00eda, tampoco diluye la filosof\u00eda en su historia; y lo hace en la convicci\u00f3n de que cualquier his\u00adto\u00adri\u00adcismo de este tipo no deja de ser un escepticismo, larvado e inconsistente.<\/p>\n","protected":false},"excerpt":{"rendered":"<p>VERNEAUX, ROGER<\/p>\n","protected":false},"featured_media":1022403,"template":"","meta":{"_acf_changed":false,"om_disable_all_campaigns":false,"rs_blank_template":"","rs_page_bg_color":"","slide_template_v7":"","inline_featured_image":false,"_monsterinsights_skip_tracking":false,"_monsterinsights_sitenote_active":false,"_monsterinsights_sitenote_note":"","_monsterinsights_sitenote_category":0},"product_brand":[],"product_cat":[373,166,165,438],"product_tag":[],"class_list":{"0":"post-1022346","1":"product","2":"type-product","3":"status-publish","4":"has-post-thumbnail","6":"product_cat-autores","7":"product_cat-autors-filosofia","8":"product_cat-historia-i-corrents-filosofia-2_humanitats","9":"product_cat-historia-y-corrientes-filosofia-2_humanidades","11":"first","12":"instock","13":"taxable","14":"shipping-taxable","15":"purchasable","16":"product-type-simple"},"acf":{"autor":"VERNEAUX, ROGER","codart":"842540881","libros-coleccion":"FORA DE COL.LECCI\u00d3","ediciones":"5","encuadernacion":"[EditValue is null]","fecha_de_publicacion":"01\/12\/1984","novedad":"0","paginas":"236","subtitulo":"","orden":"999","portada":"0","idioma":"spa","booktrailer":"","resenas":"","editorial":[{"ID":6266,"post_author":"3","post_date":"2022-07-28 17:48:31","post_date_gmt":"2022-07-28 15:48:31","post_content":"","post_title":"HERDER","post_excerpt":"","post_status":"publish","comment_status":"closed","ping_status":"closed","post_password":"","post_name":"herder","to_ping":"","pinged":"","post_modified":"2022-07-28 17:48:31","post_modified_gmt":"2022-07-28 15:48:31","post_content_filtered":"","post_parent":0,"guid":"http:\/\/dev.claret.cat\/editorial\/herder\/","menu_order":0,"post_type":"editorial","post_mime_type":"","comment_count":"0","filter":"raw"}],"autores-libros":[{"ID":280400,"post_author":"3","post_date":"2022-12-09 18:21:38","post_date_gmt":"2022-12-09 17:21:38","post_content":"","post_title":"ROGER VERNEAUX","post_excerpt":"","post_status":"publish","comment_status":"closed","ping_status":"closed","post_password":"","post_name":"roger-verneaux","to_ping":"","pinged":"","post_modified":"2022-12-09 18:21:38","post_modified_gmt":"2022-12-09 17:21:38","post_content_filtered":"","post_parent":0,"guid":"http:\/\/dev.claret.cat\/autor\/roger-verneaux\/","menu_order":0,"post_type":"autor","post_mime_type":"","comment_count":"0","filter":"raw"}]},"aioseo_notices":[],"_links":{"self":[{"href":"https:\/\/www.claret.cat\/es\/wp-json\/wp\/v2\/product\/1022346","targetHints":{"allow":["GET"]}}],"collection":[{"href":"https:\/\/www.claret.cat\/es\/wp-json\/wp\/v2\/product"}],"about":[{"href":"https:\/\/www.claret.cat\/es\/wp-json\/wp\/v2\/types\/product"}],"wp:featuredmedia":[{"embeddable":true,"href":"https:\/\/www.claret.cat\/es\/wp-json\/wp\/v2\/media\/1022403"}],"wp:attachment":[{"href":"https:\/\/www.claret.cat\/es\/wp-json\/wp\/v2\/media?parent=1022346"}],"wp:term":[{"taxonomy":"product_brand","embeddable":true,"href":"https:\/\/www.claret.cat\/es\/wp-json\/wp\/v2\/product_brand?post=1022346"},{"taxonomy":"product_cat","embeddable":true,"href":"https:\/\/www.claret.cat\/es\/wp-json\/wp\/v2\/product_cat?post=1022346"},{"taxonomy":"product_tag","embeddable":true,"href":"https:\/\/www.claret.cat\/es\/wp-json\/wp\/v2\/product_tag?post=1022346"}],"curies":[{"name":"wp","href":"https:\/\/api.w.org\/{rel}","templated":true}]}}