{"id":1022514,"date":"2025-05-20T12:05:28","date_gmt":"2025-05-20T10:05:28","guid":{"rendered":"https:\/\/www.claret.cat\/llibre\/el-aprendiz-de-gaudi-9788410940642\/"},"modified":"2026-04-24T09:56:12","modified_gmt":"2026-04-24T07:56:12","slug":"el-aprendiz-de-gaudi-9788410940642","status":"publish","type":"product","link":"https:\/\/www.claret.cat\/es\/libro\/el-aprendiz-de-gaudi-9788410940642\/","title":{"rendered":"EL APRENDIZ DE GAUD\u00cd"},"content":{"rendered":"<p>Barcelona, segunda mitad del siglo XIX. La ciudad se expande m\u00e1s all\u00e1 de los muros medievales y se abre al Modernismo. Antoni Gaud\u00ed comienza a elevar las torres de la bas\u00edlica de la Sagrada Familia.  Pau, criado en las calles, se convierte en uno de los disc\u00edpulos predilectos del genial arquitecto, con quien comparte los secretos del templo y de su arte.\u00a0 All\u00ed conocer\u00e1 a Rosetta, la sobrina de Gaud\u00ed, una enigm\u00e1tica joven, y sus vidas se entrelazan en una ciudad azotada por la desigualdad, los conflictos sociales y la crisis de una Espa\u00f1a encaminada a un incierto cambio de siglo.  Jes\u00fas Bastante firma una fascinante novela de amor prohibido, poder, belleza y locura a los pies de la torre de San Bernab\u00e9, la \u00fanica que el arquitecto logr\u00f3 concluir antes de su muerte.<\/p>\n","protected":false},"excerpt":{"rendered":"<p>BASTANTE, JES\u00daS<\/p>\n","protected":false},"featured_media":1046763,"template":"","meta":{"_acf_changed":false,"om_disable_all_campaigns":false,"rs_blank_template":"","rs_page_bg_color":"","slide_template_v7":"","inline_featured_image":false,"_monsterinsights_skip_tracking":false,"_monsterinsights_sitenote_active":false,"_monsterinsights_sitenote_note":"","_monsterinsights_sitenote_category":0},"product_brand":[],"product_cat":[308,130,360],"product_tag":[],"class_list":{"0":"post-1022514","1":"product","2":"type-product","3":"status-publish","4":"has-post-thumbnail","6":"product_cat-castella","7":"product_cat-novella-historica-i-ficcio","8":"product_cat-novela-historica-y-ficcion","10":"first","11":"instock","12":"taxable","13":"shipping-taxable","14":"purchasable","15":"product-type-simple"},"acf":{"autor":"BASTANTE, JES\u00daS","codart":"841094064","libros-coleccion":"NOVELA HISTORICA","ediciones":"1","encuadernacion":"R\u00fastica","fecha_de_publicacion":"01\/05\/2025","novedad":"1","paginas":"341","subtitulo":"","orden":"2","portada":"0","idioma":"spa","booktrailer":"","resenas":"","editorial":[{"ID":6277,"post_author":"3","post_date":"2022-07-28 17:48:44","post_date_gmt":"2022-07-28 15:48:44","post_content":"","post_title":"LA ESFERA DE LOS LIBROS","post_excerpt":"","post_status":"publish","comment_status":"closed","ping_status":"closed","post_password":"","post_name":"la-esfera-de-los-libros","to_ping":"","pinged":"","post_modified":"2022-07-28 17:48:44","post_modified_gmt":"2022-07-28 15:48:44","post_content_filtered":"","post_parent":0,"guid":"http:\/\/dev.claret.cat\/editorial\/la-esfera-de-los-libros\/","menu_order":0,"post_type":"editorial","post_mime_type":"","comment_count":"0","filter":"raw"}],"linkebook":"","ficha":"","muestra":"","precioebook":"0","presentacion":""},"aioseo_notices":[],"_links":{"self":[{"href":"https:\/\/www.claret.cat\/es\/wp-json\/wp\/v2\/product\/1022514","targetHints":{"allow":["GET"]}}],"collection":[{"href":"https:\/\/www.claret.cat\/es\/wp-json\/wp\/v2\/product"}],"about":[{"href":"https:\/\/www.claret.cat\/es\/wp-json\/wp\/v2\/types\/product"}],"wp:featuredmedia":[{"embeddable":true,"href":"https:\/\/www.claret.cat\/es\/wp-json\/wp\/v2\/media\/1046763"}],"wp:attachment":[{"href":"https:\/\/www.claret.cat\/es\/wp-json\/wp\/v2\/media?parent=1022514"}],"wp:term":[{"taxonomy":"product_brand","embeddable":true,"href":"https:\/\/www.claret.cat\/es\/wp-json\/wp\/v2\/product_brand?post=1022514"},{"taxonomy":"product_cat","embeddable":true,"href":"https:\/\/www.claret.cat\/es\/wp-json\/wp\/v2\/product_cat?post=1022514"},{"taxonomy":"product_tag","embeddable":true,"href":"https:\/\/www.claret.cat\/es\/wp-json\/wp\/v2\/product_tag?post=1022514"}],"curies":[{"name":"wp","href":"https:\/\/api.w.org\/{rel}","templated":true}]}}