{"id":1022529,"date":"2025-05-20T12:15:35","date_gmt":"2025-05-20T10:15:35","guid":{"rendered":"https:\/\/www.claret.cat\/llibre\/passatemps-irreverents-per-a-catalanoaddictes-2-9788410028500\/"},"modified":"2025-07-24T12:25:09","modified_gmt":"2025-07-24T10:25:09","slug":"passatemps-irreverents-per-a-catalanoaddictes-2-9788410028500","status":"publish","type":"product","link":"https:\/\/www.claret.cat\/es\/libro\/passatemps-irreverents-per-a-catalanoaddictes-2-9788410028500\/","title":{"rendered":"PASSATEMPS IRREVERENTS PER A CATALANOADDICTES 2"},"content":{"rendered":"<p>Prepareu-vos, catalanoaddictes gamberros irreverents, perqu\u00e8 ja som aqu\u00ed amb un nou volum dels passatemps m\u00e9s desitjats!\u00a0<\/p>\n<p> Noves propostes d&#8221;activitats intel\u00b7ligents i esbojarrades, pensades espec\u00edficament per al p\u00fablic catal\u00e0, que faran suar la cansalada a catalanoaddictes s\u00e8niors i novells, amb constants picades d&#8221;ullet a la\u00a0gastronomia, la televisi\u00f3, els esports, la pol\u00edtica, el sexe, o la cultura catalanes.<br \/> Torna el quadern d&#8221;estiu m\u00e9s catalanoaddictiu.\u00a0<br \/> ***<br \/> &#8211; Nous formats d&#8221;activitat, com un &#8216;busca i troba&#8217; de Puigdemont, m\u00e9s esports i noves personalitat catalanes que captaran l&#8221;atenci\u00f3 dels joves catalanoaddictes i posaran a prova els catalanoaddictes s\u00e8niors.\u00a0<br \/> &#8211; Activitats molt enginyoses i divertides dirigides espec\u00edficament al p\u00fablic catal\u00e0 i les seves d\u00e8ries, amb un humor irreverent i una punta de mala llet.\u00a0<br \/> &#8211; Encreuats, autodefinits, difer\u00e8ncies, acoloreix, laberints, sopes, jerogl\u00edfics, buscamots, penjats, relaciona, i molt m\u00e9s.\u00a0<br \/> &#8211; Totalment il\u00b7lustrat (Cristina Bueno) i amb tres nivells de dificultat.<\/p>\n","protected":false},"excerpt":{"rendered":"<p>VALS, LUCA<\/p>\n","protected":false},"featured_media":1022648,"template":"","meta":{"_acf_changed":false,"om_disable_all_campaigns":false,"rs_blank_template":"","rs_page_bg_color":"","slide_template_v7":"","inline_featured_image":false,"_monsterinsights_skip_tracking":false,"_monsterinsights_sitenote_active":false,"_monsterinsights_sitenote_note":"","_monsterinsights_sitenote_category":0},"product_brand":[],"product_cat":[551,101],"product_tag":[],"class_list":{"0":"post-1022529","1":"product","2":"type-product","3":"status-publish","4":"has-post-thumbnail","6":"product_cat-manualidades","7":"product_cat-manualitats","9":"first","10":"instock","11":"taxable","12":"shipping-taxable","13":"purchasable","14":"product-type-simple"},"acf":{"autor":"VALS, LUCA","codart":"841002850","libros-coleccion":"NO FICCI\u00d3","ediciones":"1","encuadernacion":"R\u00fastica","fecha_de_publicacion":"01\/05\/2025","novedad":"1","paginas":"75","subtitulo":"","orden":"0","portada":"0","idioma":"cat","booktrailer":"","resenas":"","editorial":[{"ID":6254,"post_author":"3","post_date":"2022-07-28 17:48:15","post_date_gmt":"2022-07-28 15:48:15","post_content":"","post_title":"FANBOOKS","post_excerpt":"","post_status":"publish","comment_status":"closed","ping_status":"closed","post_password":"","post_name":"fanbooks","to_ping":"","pinged":"","post_modified":"2022-07-28 17:48:15","post_modified_gmt":"2022-07-28 15:48:15","post_content_filtered":"","post_parent":0,"guid":"http:\/\/dev.claret.cat\/editorial\/fanbooks\/","menu_order":0,"post_type":"editorial","post_mime_type":"","comment_count":"0","filter":"raw"}]},"aioseo_notices":[],"_links":{"self":[{"href":"https:\/\/www.claret.cat\/es\/wp-json\/wp\/v2\/product\/1022529","targetHints":{"allow":["GET"]}}],"collection":[{"href":"https:\/\/www.claret.cat\/es\/wp-json\/wp\/v2\/product"}],"about":[{"href":"https:\/\/www.claret.cat\/es\/wp-json\/wp\/v2\/types\/product"}],"wp:featuredmedia":[{"embeddable":true,"href":"https:\/\/www.claret.cat\/es\/wp-json\/wp\/v2\/media\/1022648"}],"wp:attachment":[{"href":"https:\/\/www.claret.cat\/es\/wp-json\/wp\/v2\/media?parent=1022529"}],"wp:term":[{"taxonomy":"product_brand","embeddable":true,"href":"https:\/\/www.claret.cat\/es\/wp-json\/wp\/v2\/product_brand?post=1022529"},{"taxonomy":"product_cat","embeddable":true,"href":"https:\/\/www.claret.cat\/es\/wp-json\/wp\/v2\/product_cat?post=1022529"},{"taxonomy":"product_tag","embeddable":true,"href":"https:\/\/www.claret.cat\/es\/wp-json\/wp\/v2\/product_tag?post=1022529"}],"curies":[{"name":"wp","href":"https:\/\/api.w.org\/{rel}","templated":true}]}}