{"id":1022607,"date":"2025-05-20T13:25:28","date_gmt":"2025-05-20T11:25:28","guid":{"rendered":"https:\/\/www.claret.cat\/llibre\/50-discos-que-cambiaran-tu-vida-9791259575654\/"},"modified":"2025-05-20T13:25:48","modified_gmt":"2025-05-20T11:25:48","slug":"50-discos-que-cambiaran-tu-vida-9791259575654","status":"publish","type":"product","link":"https:\/\/www.claret.cat\/es\/libro\/50-discos-que-cambiaran-tu-vida-9791259575654\/","title":{"rendered":"50 DISCOS QUE CAMBIAR\u00c1N TU VIDA"},"content":{"rendered":"<p>\u00bfCU\u00c1L ES LA BANDA SONORA DE TU VIDA?Los mejores discos, por el mejor dealer musical.M\u00e1s de un mill\u00f3n y medio de personas ya forman parte de la comunidad de mel\u00f3manos de @oscarggc.Para algunos, la m\u00fasica puede ser simplemente un fondo sonoro, pero para otros, muchos, la m\u00fasica es una br\u00fajula emocional, una m\u00e1quina del tiempo y una forma de entender el mundo. En este libro, \u00d3scar Gim\u00e9nez (@oscarggc), el creador de contenido musical m\u00e1s ic\u00f3nico de las redes sociales, comparte los \u00e1lbumes que dejaron huella en su historia personal. Desde cl\u00e1sicos inmortales hasta himnos generacionales, cada disco es una invitaci\u00f3n a descubrir (o redescubrir) sonidos que nos han emocionado y nos emocionan, que nos han sorprendido y nos sorprenden, que nos han transformado y nos transforman. Con el estilo caracter\u00edstico que ha enganchado a m\u00e1s de un mill\u00f3n y medio de seguidores, \u00d3scar Gim\u00e9nez nos lleva por un viaje a trav\u00e9s de canciones que hicieron historia en la m\u00fasica y, de una forma u otra, tambi\u00e9n en la vida de cada uno de nosotros.SI AMAS LA M\u00daSICA, ESTE ES TU LIBRO.\u00abNo existe la culpabilidad en la m\u00fasica, al contrario: cuando no conoces un tema o un artista y alguien te dice: \u201c\u00bfEn serio no has escuchado esto?\u201d, hay que recibirlo con los brazos abiertos, abrazar la oportunidad. A m\u00ed me hace feliz, pues significa que voy a vivir una primera vez, algo que no se va a repetir. Ahora te toca a ti. Llama a quien sea, comparte este momento, y si ya lo conoc\u00edas, amigo m\u00edo, vuelve a darle al play.\u00bbAlgunos de los discos que encontrar\u00e1s en este libro:\u00a0The Doors &#8211; The Doors, 1967 \/ The Wall &#8211; Pink Floyd, 1979 \/ IV &#8211; Led Zeppelin, 1971 \/ The White Album &#8211; The Beatles, 1968 \/ The Freewheelin\u2019 &#8211; Bob Dylan, 1963 \/ Thriller &#8211; Michael Jackson, 1982 \/ Arrival &#8211; ABBA, 1976 \/ Toys in the Attic &#8211; Aerosmith, 1975 \/ OK Computer &#8211; Radiohead &#8211; 1997 \/ Legend &#8211; Bob Marley &amp; The Wailers, 1984 \/ A Night at the Opera &#8211; Queen, 1975 \/ The Queen Is Dead &#8211; The Smiths, 1986 \/ Ride the Lightning &#8211; Metallica, 1984 \/ Paranoid &#8211; Black Sabbath, 1970 \/ The New Abnormal &#8211; The Strokes, 2020 \/ Hotel California &#8211; The Eagles, 1976 \/ American Idiot &#8211; Green Day, 2004 \/ Sticky Fingers &#8211; The Rolling Stones, 1971 \/ Who\u2019s Next &#8211; The Who, 1971 \/ Nevermind &#8211; Nirvana, 1991 \/ Rebel Yell &#8211; Billy Idol, 1983 \/ Meteora &#8211; Linkin Park, 2003 \/ Too Fast for Love &#8211; M\u00f6tley Cr\u00fce, 1981 \/ Pearl &#8211; Janis Joplin, 1971 \/ Disintegration &#8211; The Cure, 1989 \/ Brothers in Arms &#8211; Dire Straits, 1985&#8230; y muchos m\u00e1s.<\/p>\n","protected":false},"excerpt":{"rendered":"<p>GIM\u00c9NEZ, \u00d3SCAR<\/p>\n","protected":false},"featured_media":1022608,"template":"","meta":{"_acf_changed":false,"om_disable_all_campaigns":false,"rs_blank_template":"","rs_page_bg_color":"","slide_template_v7":"","inline_featured_image":false,"_monsterinsights_skip_tracking":false,"_monsterinsights_sitenote_active":false,"_monsterinsights_sitenote_note":"","_monsterinsights_sitenote_category":0},"product_brand":[],"product_cat":[90,111,332,540],"product_tag":[],"class_list":{"0":"post-1022607","1":"product","2":"type-product","3":"status-publish","4":"has-post-thumbnail","6":"product_cat-altres","7":"product_cat-musica","8":"product_cat-musica-4_escolar-spa","9":"product_cat-otros","11":"first","12":"instock","13":"taxable","14":"shipping-taxable","15":"purchasable","16":"product-type-simple"},"acf":{"autor":"GIM\u00c9NEZ, \u00d3SCAR","codart":"125957565","libros-coleccion":"FORA DE COL.LECCI\u00d3","ediciones":"1","encuadernacion":"R\u00fastica","fecha_de_publicacion":"01\/05\/2025","novedad":"1","paginas":"400","subtitulo":"","orden":"0","portada":"0","idioma":"spa","booktrailer":"","resenas":"","editorial":[{"ID":148487,"post_author":"3","post_date":"2022-10-14 11:58:38","post_date_gmt":"2022-10-14 09:58:38","post_content":"","post_title":"MAGAZZINI SALANI","post_excerpt":"","post_status":"publish","comment_status":"closed","ping_status":"closed","post_password":"","post_name":"magazzini-salani","to_ping":"","pinged":"","post_modified":"2022-10-14 11:58:38","post_modified_gmt":"2022-10-14 09:58:38","post_content_filtered":"","post_parent":0,"guid":"http:\/\/dev.claret.cat\/editorial\/magazzini-salani\/","menu_order":0,"post_type":"editorial","post_mime_type":"","comment_count":"0","filter":"raw"}]},"aioseo_notices":[],"_links":{"self":[{"href":"https:\/\/www.claret.cat\/es\/wp-json\/wp\/v2\/product\/1022607","targetHints":{"allow":["GET"]}}],"collection":[{"href":"https:\/\/www.claret.cat\/es\/wp-json\/wp\/v2\/product"}],"about":[{"href":"https:\/\/www.claret.cat\/es\/wp-json\/wp\/v2\/types\/product"}],"wp:featuredmedia":[{"embeddable":true,"href":"https:\/\/www.claret.cat\/es\/wp-json\/wp\/v2\/media\/1022608"}],"wp:attachment":[{"href":"https:\/\/www.claret.cat\/es\/wp-json\/wp\/v2\/media?parent=1022607"}],"wp:term":[{"taxonomy":"product_brand","embeddable":true,"href":"https:\/\/www.claret.cat\/es\/wp-json\/wp\/v2\/product_brand?post=1022607"},{"taxonomy":"product_cat","embeddable":true,"href":"https:\/\/www.claret.cat\/es\/wp-json\/wp\/v2\/product_cat?post=1022607"},{"taxonomy":"product_tag","embeddable":true,"href":"https:\/\/www.claret.cat\/es\/wp-json\/wp\/v2\/product_tag?post=1022607"}],"curies":[{"name":"wp","href":"https:\/\/api.w.org\/{rel}","templated":true}]}}