{"id":1022686,"date":"2025-05-20T16:45:31","date_gmt":"2025-05-20T14:45:31","guid":{"rendered":"https:\/\/www.claret.cat\/llibre\/unidos-a-cristo-sacerdotes-para-la-mision-9788419797322\/"},"modified":"2026-02-26T13:45:40","modified_gmt":"2026-02-26T12:45:40","slug":"unidos-a-cristo-sacerdotes-para-la-mision-9788419797322","status":"publish","type":"product","link":"https:\/\/www.claret.cat\/es\/libro\/unidos-a-cristo-sacerdotes-para-la-mision-9788419797322\/","title":{"rendered":"UNIDOS A CRISTO. SACERDOTES PARA LA MISI\u00d3N"},"content":{"rendered":"<p>Las palabras que se recogen en este libro son veinticinco temas sacerdotales inspirados en las indicaciones que ha ido se\u00f1alando el papa Francisco a lo largo de su pontificado o de los papas anteriores, de la experiencia de vida sacerdotal, de la oraci\u00f3n de cada d\u00eda y de la importancia de ayudar a los sacerdotes en su mi\u00adnisterio presbiteral en el camino de una nueva evangelizaci\u00f3n.<\/p>\n<p>Los diversos temas han sido pensados como columna de una necesaria formaci\u00f3n permanente que ayude a compartir ya expresar c\u00f3mo estamos viviendo el ministerio sacerdotal, los logros y fracasos, las heridas que necesitan ser curadas, los aciertos y frutos en la evangelizaci\u00f3n que vamos realizando en nuestras comunidades cristianas, en el arciprestazgo y en la di\u00f3cesis.<\/p>\n","protected":false},"excerpt":{"rendered":"<p>ALBAR MAR\u00cdN, L\u00c1ZARO<\/p>\n","protected":false},"featured_media":1023676,"template":"","meta":{"_acf_changed":false,"om_disable_all_campaigns":false,"rs_blank_template":"","rs_page_bg_color":"","slide_template_v7":"","inline_featured_image":false,"_monsterinsights_skip_tracking":false,"_monsterinsights_sitenote_active":false,"_monsterinsights_sitenote_note":"","_monsterinsights_sitenote_category":0},"product_brand":[],"product_cat":[92,542],"product_tag":[],"class_list":{"0":"post-1022686","1":"product","2":"type-product","3":"status-publish","4":"has-post-thumbnail","6":"product_cat-vida-religiosa","7":"product_cat-vida-religiosa-1_espiritualidad-spa","9":"first","10":"instock","11":"taxable","12":"shipping-taxable","13":"purchasable","14":"product-type-simple"},"acf":{"autor":"ALBAR MAR\u00cdN, L\u00c1ZARO","codart":"841979732","libros-coleccion":"FORMACI\u00d3N PERMANENTE ","ediciones":"1","encuadernacion":"R\u00fastica","fecha_de_publicacion":"15\/05\/2025","novedad":"0","paginas":"296","subtitulo":"","orden":"999","portada":"0","idioma":"spa","booktrailer":"","resenas":"","editorial":[{"ID":6194,"post_author":"3","post_date":"2022-07-28 17:46:55","post_date_gmt":"2022-07-28 15:46:55","post_content":"","post_title":"EDICE - Conf. Episc.","post_excerpt":"","post_status":"publish","comment_status":"closed","ping_status":"closed","post_password":"","post_name":"edice-conf-episc","to_ping":"","pinged":"","post_modified":"2022-07-28 17:46:55","post_modified_gmt":"2022-07-28 15:46:55","post_content_filtered":"","post_parent":0,"guid":"http:\/\/dev.claret.cat\/editorial\/edice-conf-episc\/","menu_order":0,"post_type":"editorial","post_mime_type":"","comment_count":"0","filter":"raw"}]},"aioseo_notices":[],"_links":{"self":[{"href":"https:\/\/www.claret.cat\/es\/wp-json\/wp\/v2\/product\/1022686","targetHints":{"allow":["GET"]}}],"collection":[{"href":"https:\/\/www.claret.cat\/es\/wp-json\/wp\/v2\/product"}],"about":[{"href":"https:\/\/www.claret.cat\/es\/wp-json\/wp\/v2\/types\/product"}],"wp:featuredmedia":[{"embeddable":true,"href":"https:\/\/www.claret.cat\/es\/wp-json\/wp\/v2\/media\/1023676"}],"wp:attachment":[{"href":"https:\/\/www.claret.cat\/es\/wp-json\/wp\/v2\/media?parent=1022686"}],"wp:term":[{"taxonomy":"product_brand","embeddable":true,"href":"https:\/\/www.claret.cat\/es\/wp-json\/wp\/v2\/product_brand?post=1022686"},{"taxonomy":"product_cat","embeddable":true,"href":"https:\/\/www.claret.cat\/es\/wp-json\/wp\/v2\/product_cat?post=1022686"},{"taxonomy":"product_tag","embeddable":true,"href":"https:\/\/www.claret.cat\/es\/wp-json\/wp\/v2\/product_tag?post=1022686"}],"curies":[{"name":"wp","href":"https:\/\/api.w.org\/{rel}","templated":true}]}}