{"id":1022808,"date":"2025-05-21T13:02:33","date_gmt":"2025-05-21T11:02:33","guid":{"rendered":"https:\/\/www.claret.cat\/llibre\/anarquia-i-republica-a-la-cerdanya-19361939-9788491913702\/"},"modified":"2025-05-21T13:04:13","modified_gmt":"2025-05-21T11:04:13","slug":"anarquia-i-republica-a-la-cerdanya-19361939-9788491913702","status":"publish","type":"product","link":"https:\/\/www.claret.cat\/es\/libro\/anarquia-i-republica-a-la-cerdanya-19361939-9788491913702\/","title":{"rendered":"ANARQUIA I REP\u00daBLICA A LA CERDANYA (1936-1939)"},"content":{"rendered":"<p>El 27 d&#8217;abril de 1937, tot el poble de Bellver de Cerdanya es va unir en defensa d&#8217;un grup d&#8217;homes de la CNT-FAI que s&#8217;havien imposat a Puigcerd\u00e0 sense cap mena de l\u00edmit i que imposava la seva llei i la seva for\u00e7a a quasi tota la comarca. Bellver va ser l&#8217;excepci\u00f3 i es va arribar a defensar fins amb les armes a la m\u00e0 de l&#8217;agressi\u00f3 que sofria.<\/p>\n<p>Joan Pous \u00e9s historiador local i ex-alcalde de Bellver; Josep M. Sol\u00e9 Sabat\u00e9 \u00e9s historiador i resideix a temporades a Bellver.<\/p>\n","protected":false},"excerpt":{"rendered":"<p>POUS I PORTA , JOAN; SOL\u00c9 I SABAT\u00c9 , JOSEP MARIA <\/p>\n","protected":false},"featured_media":1022809,"template":"","meta":{"_acf_changed":false,"om_disable_all_campaigns":false,"rs_blank_template":"","rs_page_bg_color":"","slide_template_v7":"","inline_featured_image":false,"_monsterinsights_skip_tracking":false,"_monsterinsights_sitenote_active":false,"_monsterinsights_sitenote_note":"","_monsterinsights_sitenote_category":0},"product_brand":[],"product_cat":[430,153],"product_tag":[],"class_list":{"0":"post-1022808","1":"product","2":"type-product","3":"status-publish","4":"has-post-thumbnail","6":"product_cat-cataluna","7":"product_cat-catalunya","9":"first","10":"instock","11":"taxable","12":"shipping-taxable","13":"purchasable","14":"product-type-simple"},"acf":{"autor":"POUS I PORTA , JOAN; SOL\u00c9 I SABAT\u00c9 , JOSEP MARIA ","codart":"849191370","libros-coleccion":"","ediciones":"2","encuadernacion":"R\u00fastica","fecha_de_publicacion":"21\/05\/2025","novedad":"1","paginas":"233","subtitulo":"EL COJO DE M\u00c1LAGA I ELS FETS DE BELLVER","orden":"0","portada":"0","idioma":"cat","booktrailer":"","resenas":"","editorial":[{"ID":8266,"post_author":"3","post_date":"2022-09-30 09:21:36","post_date_gmt":"2022-09-30 07:21:36","post_content":"","post_title":"PUBLICACIONS DE L'ABADIA DE MONTSERRAT","post_excerpt":"","post_status":"publish","comment_status":"closed","ping_status":"closed","post_password":"","post_name":"publicacions-de-labadia-de-montserrat-5","to_ping":"","pinged":"","post_modified":"2022-09-30 09:21:36","post_modified_gmt":"2022-09-30 07:21:36","post_content_filtered":"","post_parent":0,"guid":"http:\/\/dev.claret.cat\/editorial\/publicacions-de-labadia-de-montserrat-5\/","menu_order":0,"post_type":"editorial","post_mime_type":"","comment_count":"0","filter":"raw"}]},"aioseo_notices":[],"_links":{"self":[{"href":"https:\/\/www.claret.cat\/es\/wp-json\/wp\/v2\/product\/1022808","targetHints":{"allow":["GET"]}}],"collection":[{"href":"https:\/\/www.claret.cat\/es\/wp-json\/wp\/v2\/product"}],"about":[{"href":"https:\/\/www.claret.cat\/es\/wp-json\/wp\/v2\/types\/product"}],"wp:featuredmedia":[{"embeddable":true,"href":"https:\/\/www.claret.cat\/es\/wp-json\/wp\/v2\/media\/1022809"}],"wp:attachment":[{"href":"https:\/\/www.claret.cat\/es\/wp-json\/wp\/v2\/media?parent=1022808"}],"wp:term":[{"taxonomy":"product_brand","embeddable":true,"href":"https:\/\/www.claret.cat\/es\/wp-json\/wp\/v2\/product_brand?post=1022808"},{"taxonomy":"product_cat","embeddable":true,"href":"https:\/\/www.claret.cat\/es\/wp-json\/wp\/v2\/product_cat?post=1022808"},{"taxonomy":"product_tag","embeddable":true,"href":"https:\/\/www.claret.cat\/es\/wp-json\/wp\/v2\/product_tag?post=1022808"}],"curies":[{"name":"wp","href":"https:\/\/api.w.org\/{rel}","templated":true}]}}