{"id":1022814,"date":"2025-05-21T13:03:01","date_gmt":"2025-05-21T11:03:01","guid":{"rendered":"https:\/\/www.claret.cat\/llibre\/benet-lhome-de-deu-9788491913665\/"},"modified":"2026-02-27T10:25:14","modified_gmt":"2026-02-27T09:25:14","slug":"benet-lhome-de-deu-9788491913665","status":"publish","type":"product","link":"https:\/\/www.claret.cat\/es\/libro\/benet-lhome-de-deu-9788491913665\/","title":{"rendered":"BENET, L&#8217;HOME DE D\u00c9U"},"content":{"rendered":"<p><strong>Descobreix la vida de sant Benet a trav\u00e9s dels Di\u00e0legs de sant Gregori el Gran.<\/strong><\/p>\n<p><span>Aquest volum presenta el <\/span><strong>segon llibre dels Di\u00e0legs de sant Gregori el Gran<\/strong>, l\u2019\u00fanica biografia antiga de <strong>sant Benet de N\u00farsia<\/strong>, pare del monaquisme occidental. Escrits al segle VI, aquests Di\u00e0legs s\u00f3n una obra clau de la <strong>literatura cristiana primitiva<\/strong>, i aquest segon llibre \u2014editat per <strong>Bernab\u00e9 Dalmau<\/strong>\u2014 ofereix una mirada espiritual profunda sobre la vida i els miracles de sant Benet.<\/p>\n<p>Amb un enfocament en la <strong>santedat local<\/strong> i la <strong>continu\u00eftat dels signes b\u00edblics<\/strong>, aquest text \u00e9s molt m\u00e9s que una biografia: \u00e9s un <strong>tractat espiritual<\/strong> que connecta la tradici\u00f3 b\u00edblica amb la vida dels sants del seu temps. Ideal per a estudiosos, creients i lectors interessats en la hist\u00f2ria del cristianisme i la vida mon\u00e0stica.<\/p>\n","protected":false},"excerpt":{"rendered":"<p>GREGORI EL GRAN, SANT<\/p>\n","protected":false},"featured_media":1023189,"template":"","meta":{"_acf_changed":false,"om_disable_all_campaigns":false,"rs_blank_template":"","rs_page_bg_color":"","slide_template_v7":"","inline_featured_image":false,"_monsterinsights_skip_tracking":false,"_monsterinsights_sitenote_active":false,"_monsterinsights_sitenote_note":"","_monsterinsights_sitenote_category":0},"product_brand":[],"product_cat":[239,490],"product_tag":[],"class_list":{"0":"post-1022814","1":"product","2":"type-product","3":"status-publish","4":"has-post-thumbnail","6":"product_cat-monastica","7":"product_cat-monastica-espiritualidad-1_espiritualidad","9":"first","10":"instock","11":"taxable","12":"shipping-taxable","13":"purchasable","14":"product-type-simple"},"acf":{"autor":"GREGORI EL GRAN, SANT","codart":"849191366","libros-coleccion":"GRA DE BLAT","ediciones":"1","encuadernacion":"R\u00fastica","fecha_de_publicacion":"21\/05\/2025","novedad":"1","paginas":"118","subtitulo":"","orden":"3","portada":"1","idioma":"cat","booktrailer":"","resenas":"","editorial":[{"ID":8266,"post_author":"3","post_date":"2022-09-30 09:21:36","post_date_gmt":"2022-09-30 07:21:36","post_content":"","post_title":"PUBLICACIONS DE L'ABADIA DE MONTSERRAT","post_excerpt":"","post_status":"publish","comment_status":"closed","ping_status":"closed","post_password":"","post_name":"publicacions-de-labadia-de-montserrat-5","to_ping":"","pinged":"","post_modified":"2022-09-30 09:21:36","post_modified_gmt":"2022-09-30 07:21:36","post_content_filtered":"","post_parent":0,"guid":"http:\/\/dev.claret.cat\/editorial\/publicacions-de-labadia-de-montserrat-5\/","menu_order":0,"post_type":"editorial","post_mime_type":"","comment_count":"0","filter":"raw"}],"linkebook":"","ficha":"","muestra":"","precioebook":"0","presentacion":""},"aioseo_notices":[],"_links":{"self":[{"href":"https:\/\/www.claret.cat\/es\/wp-json\/wp\/v2\/product\/1022814","targetHints":{"allow":["GET"]}}],"collection":[{"href":"https:\/\/www.claret.cat\/es\/wp-json\/wp\/v2\/product"}],"about":[{"href":"https:\/\/www.claret.cat\/es\/wp-json\/wp\/v2\/types\/product"}],"wp:featuredmedia":[{"embeddable":true,"href":"https:\/\/www.claret.cat\/es\/wp-json\/wp\/v2\/media\/1023189"}],"wp:attachment":[{"href":"https:\/\/www.claret.cat\/es\/wp-json\/wp\/v2\/media?parent=1022814"}],"wp:term":[{"taxonomy":"product_brand","embeddable":true,"href":"https:\/\/www.claret.cat\/es\/wp-json\/wp\/v2\/product_brand?post=1022814"},{"taxonomy":"product_cat","embeddable":true,"href":"https:\/\/www.claret.cat\/es\/wp-json\/wp\/v2\/product_cat?post=1022814"},{"taxonomy":"product_tag","embeddable":true,"href":"https:\/\/www.claret.cat\/es\/wp-json\/wp\/v2\/product_tag?post=1022814"}],"curies":[{"name":"wp","href":"https:\/\/api.w.org\/{rel}","templated":true}]}}