{"id":1022837,"date":"2025-05-21T13:30:17","date_gmt":"2025-05-21T11:30:17","guid":{"rendered":"https:\/\/www.claret.cat\/llibre\/juguem-9788411582056\/"},"modified":"2025-10-01T18:20:15","modified_gmt":"2025-10-01T16:20:15","slug":"juguem-9788411582056","status":"publish","type":"product","link":"https:\/\/www.claret.cat\/es\/libro\/juguem-9788411582056\/","title":{"rendered":"JUGUEM?"},"content":{"rendered":"<p>Una nova s\u00e8rie de novel\u00b7les gr\u00e0fiques de Jaume Copons i Liliana Fortuny per a nens a partir de 5 anys. Rob&amp;Ot neix amb un doble objectiu: entretenir, divertir i emocionar els primers lectors, amb el prop\u00f2sit de convertir-se en la porta d&#8221;entrada a biblioteques i llibreries, i de constituir una eina educativa que potenci\u00ef l&#8221;alfabetitzaci\u00f3 a trav\u00e9s de la transmissi\u00f3 de continguts educatius i valors positius.<\/p>\n","protected":false},"excerpt":{"rendered":"<p>COPONS RAMON, JAUME<\/p>\n","protected":false},"featured_media":1022838,"template":"","meta":{"_acf_changed":false,"om_disable_all_campaigns":false,"rs_blank_template":"","rs_page_bg_color":"","slide_template_v7":"","inline_featured_image":false,"_monsterinsights_skip_tracking":false,"_monsterinsights_sitenote_active":false,"_monsterinsights_sitenote_note":"","_monsterinsights_sitenote_category":0},"product_brand":[],"product_cat":[132,362],"product_tag":[],"class_list":{"0":"post-1022837","1":"product","2":"type-product","3":"status-publish","4":"has-post-thumbnail","6":"product_cat-lectures-per-preadolescents-6-12-anys","7":"product_cat-libros-preadolescentes-6-12-anos","9":"first","10":"instock","11":"taxable","12":"shipping-taxable","13":"purchasable","14":"product-type-simple"},"acf":{"autor":"COPONS RAMON, JAUME","codart":"841158205","libros-coleccion":"","ediciones":"1","encuadernacion":"R\u00fastica","fecha_de_publicacion":"01\/05\/2025","novedad":"1","paginas":"61","subtitulo":"","orden":"0","portada":"0","idioma":"cat","booktrailer":"","resenas":"","editorial":[{"ID":147649,"post_author":"3","post_date":"2022-10-14 11:52:11","post_date_gmt":"2022-10-14 09:52:11","post_content":"","post_title":"COMBEL EDITORIAL","post_excerpt":"","post_status":"publish","comment_status":"closed","ping_status":"closed","post_password":"","post_name":"combel-editorial","to_ping":"","pinged":"","post_modified":"2022-10-14 11:52:11","post_modified_gmt":"2022-10-14 09:52:11","post_content_filtered":"","post_parent":0,"guid":"http:\/\/dev.claret.cat\/editorial\/combel-editorial\/","menu_order":0,"post_type":"editorial","post_mime_type":"","comment_count":"0","filter":"raw"}]},"aioseo_notices":[],"_links":{"self":[{"href":"https:\/\/www.claret.cat\/es\/wp-json\/wp\/v2\/product\/1022837","targetHints":{"allow":["GET"]}}],"collection":[{"href":"https:\/\/www.claret.cat\/es\/wp-json\/wp\/v2\/product"}],"about":[{"href":"https:\/\/www.claret.cat\/es\/wp-json\/wp\/v2\/types\/product"}],"wp:featuredmedia":[{"embeddable":true,"href":"https:\/\/www.claret.cat\/es\/wp-json\/wp\/v2\/media\/1022838"}],"wp:attachment":[{"href":"https:\/\/www.claret.cat\/es\/wp-json\/wp\/v2\/media?parent=1022837"}],"wp:term":[{"taxonomy":"product_brand","embeddable":true,"href":"https:\/\/www.claret.cat\/es\/wp-json\/wp\/v2\/product_brand?post=1022837"},{"taxonomy":"product_cat","embeddable":true,"href":"https:\/\/www.claret.cat\/es\/wp-json\/wp\/v2\/product_cat?post=1022837"},{"taxonomy":"product_tag","embeddable":true,"href":"https:\/\/www.claret.cat\/es\/wp-json\/wp\/v2\/product_tag?post=1022837"}],"curies":[{"name":"wp","href":"https:\/\/api.w.org\/{rel}","templated":true}]}}