{"id":102287,"date":"2022-10-12T08:18:55","date_gmt":"2022-10-12T06:18:55","guid":{"rendered":"http:\/\/dev.claret.cat\/producte\/cuintes\/"},"modified":"2023-01-28T11:32:44","modified_gmt":"2023-01-28T10:32:44","slug":"cuintes-9788490349878","status":"publish","type":"product","link":"https:\/\/www.claret.cat\/es\/libro\/cuintes-9788490349878\/","title":{"rendered":"CUINTES"},"content":{"rendered":"<p>Cuintes, acr\u00f2nim de cuines i contes, cont\u00e9 un conjunt de textos de diferents textures i sabors, que tenen com a nexe el fet que giren entorn de la cuina i els aliments.  Hi trobareu la declaraci\u00f3 d&#8221;un jubilat detingut per desordre p\u00fablic; la narraci\u00f3 d&#8221;un regal original que consisteix en viure unes c\u00e0rregues policials des del mateix nucli d&#8221;una manifestaci\u00f3 moguda; el tast d&#8221;un nou producte sexual abans de ser llen\u00e7at al mercat; la trepidant arribada del primer pebrot a les nostres costes des del nou continent; els al\u00b7lucinants negocis en qu\u00e8 un cuiner triestrellat s&#8221;embarca despr\u00e9s d&#8221;haver tingut un accident de salut; el sorprenent final d&#8221;una obra de teatre; una angoixant carta de comiat escrita per la v\u00edctima per enc\u00e0rrec del mateix assass\u00ed; una entabanadora recepta m\u00e0gica, o el macabre relat que fa una taula per repassar la vida del seu amo.  Una barreja de misteri, ficci\u00f3, hist\u00f2ria, irrever\u00e8ncia, angoixa, sexe i m\u00e0gia per passar una bona estona lectora.  Bon profit a totes i tots!<\/p>\n","protected":false},"excerpt":{"rendered":"<p>SOL\u00c9 I TORN\u00c9, DAVID<\/p>\n","protected":false},"featured_media":320679,"template":"","meta":{"_acf_changed":false,"om_disable_all_campaigns":false,"rs_blank_template":"","rs_page_bg_color":"","slide_template_v7":"","inline_featured_image":false,"_monsterinsights_skip_tracking":false,"_monsterinsights_sitenote_active":false,"_monsterinsights_sitenote_note":"","_monsterinsights_sitenote_category":0},"product_brand":[],"product_cat":[127,357],"product_tag":[],"class_list":{"0":"post-102287","1":"product","2":"type-product","3":"status-publish","4":"has-post-thumbnail","6":"product_cat-novella-contemporania","7":"product_cat-novela-contemporanea","9":"first","10":"instock","11":"taxable","12":"shipping-taxable","13":"purchasable","14":"product-type-simple"},"acf":{"editorial":[{"ID":6171,"post_author":"3","post_date":"2022-07-28 17:46:25","post_date_gmt":"2022-07-28 15:46:25","post_content":"","post_title":"COSSETANIA EDICIONS","post_excerpt":"","post_status":"publish","comment_status":"closed","ping_status":"closed","post_password":"","post_name":"cossetania-edicions","to_ping":"","pinged":"","post_modified":"2022-07-28 17:46:25","post_modified_gmt":"2022-07-28 15:46:25","post_content_filtered":"","post_parent":0,"guid":"http:\/\/dev.claret.cat\/editorial\/cossetania-edicions\/","menu_order":0,"post_type":"editorial","post_mime_type":"","comment_count":"0","filter":"raw"}],"autor":"SOL\u00c9 I TORN\u00c9, DAVID","codart":"849034987","libros-coleccion":"Narrativa","ediciones":"1","encuadernacion":"R\u00fastica","fecha_de_publicacion":"01\/11\/2020","novedad":"1","paginas":"248","subtitulo":"","orden":"0","portada":"0","idioma":"cat","autores-libros":[{"ID":153960,"post_author":"3","post_date":"2022-10-14 15:00:56","post_date_gmt":"2022-10-14 13:00:56","post_content":"","post_title":"DAVID SOLE I TORNE","post_excerpt":"","post_status":"publish","comment_status":"closed","ping_status":"closed","post_password":"","post_name":"david-sole-i-torne","to_ping":"","pinged":"","post_modified":"2022-10-14 15:00:56","post_modified_gmt":"2022-10-14 13:00:56","post_content_filtered":"","post_parent":0,"guid":"http:\/\/dev.claret.cat\/autor\/david-sole-i-torne\/","menu_order":0,"post_type":"autor","post_mime_type":"","comment_count":"0","filter":"raw"}]},"aioseo_notices":[],"_links":{"self":[{"href":"https:\/\/www.claret.cat\/es\/wp-json\/wp\/v2\/product\/102287","targetHints":{"allow":["GET"]}}],"collection":[{"href":"https:\/\/www.claret.cat\/es\/wp-json\/wp\/v2\/product"}],"about":[{"href":"https:\/\/www.claret.cat\/es\/wp-json\/wp\/v2\/types\/product"}],"wp:featuredmedia":[{"embeddable":true,"href":"https:\/\/www.claret.cat\/es\/wp-json\/wp\/v2\/media\/320679"}],"wp:attachment":[{"href":"https:\/\/www.claret.cat\/es\/wp-json\/wp\/v2\/media?parent=102287"}],"wp:term":[{"taxonomy":"product_brand","embeddable":true,"href":"https:\/\/www.claret.cat\/es\/wp-json\/wp\/v2\/product_brand?post=102287"},{"taxonomy":"product_cat","embeddable":true,"href":"https:\/\/www.claret.cat\/es\/wp-json\/wp\/v2\/product_cat?post=102287"},{"taxonomy":"product_tag","embeddable":true,"href":"https:\/\/www.claret.cat\/es\/wp-json\/wp\/v2\/product_tag?post=102287"}],"curies":[{"name":"wp","href":"https:\/\/api.w.org\/{rel}","templated":true}]}}