{"id":1022872,"date":"2025-05-21T13:50:26","date_gmt":"2025-05-21T11:50:26","guid":{"rendered":"https:\/\/www.claret.cat\/llibre\/la-boda-de-la-asistenta-la-asistenta-9788491299646\/"},"modified":"2026-04-15T12:30:28","modified_gmt":"2026-04-15T10:30:28","slug":"la-boda-de-la-asistenta-la-asistenta-9788491299646","status":"publish","type":"product","link":"https:\/\/www.claret.cat\/es\/libro\/la-boda-de-la-asistenta-la-asistenta-9788491299646\/","title":{"rendered":"LA BODA DE LA ASISTENTA (LA ASISTENTA)"},"content":{"rendered":"<p>Un trepidante relato que completa la serie best seller La Asistenta.  Para los lectores que se quedaron con ganas de saber m\u00e1s sobre la historia de Millie y Enzo, llega una emocionante sorpresa&#8230; Hoy deber\u00eda ser el d\u00eda m\u00e1s feliz de mi vida. Estoy prometida con el hombre de mis sue\u00f1os y, en unas pocas horas, vamos a vernos delante de un juez que nos declarar\u00e1 marido y mujer hasta que la muerte nos separe. Pese a que el camino no ha sido f\u00e1cil, este d\u00eda es todo lo que siempre he deseado. Solo hay un problema. Ah\u00ed fuera hay alguien que no quiere que viva lo suficiente para dar el \u00abs\u00ed, quiero\u00bb. Y, si no tengo cuidado, podr\u00eda salirse con la suya. ***Nota del editor: La boda de la asistenta es una historia corta que puede leerse entre la segunda parte (El secreto de la asistenta) y la tercera (La asistenta te vigila) o al acabar la serie.***<\/p>\n","protected":false},"excerpt":{"rendered":"<p>MCFADDEN, FREIDA<\/p>\n","protected":false},"featured_media":1023096,"template":"","meta":{"_acf_changed":false,"om_disable_all_campaigns":false,"rs_blank_template":"","rs_page_bg_color":"","slide_template_v7":"","inline_featured_image":false,"_monsterinsights_skip_tracking":false,"_monsterinsights_sitenote_active":false,"_monsterinsights_sitenote_note":"","_monsterinsights_sitenote_category":0},"product_brand":[],"product_cat":[127,357],"product_tag":[],"class_list":{"0":"post-1022872","1":"product","2":"type-product","3":"status-publish","4":"has-post-thumbnail","6":"product_cat-novella-contemporania","7":"product_cat-novela-contemporanea","9":"first","10":"instock","11":"taxable","12":"shipping-taxable","13":"purchasable","14":"product-type-simple"},"acf":{"autor":"MCFADDEN, FREIDA","codart":"849129964","libros-coleccion":"SUMA","ediciones":"1","encuadernacion":"R\u00fastica","fecha_de_publicacion":"01\/05\/2025","novedad":"1","paginas":"88","subtitulo":"","orden":"0","portada":"0","idioma":"spa","booktrailer":"","resenas":"","editorial":[{"ID":6370,"post_author":"3","post_date":"2022-07-28 17:50:44","post_date_gmt":"2022-07-28 15:50:44","post_content":"","post_title":"SUMA","post_excerpt":"","post_status":"publish","comment_status":"closed","ping_status":"closed","post_password":"","post_name":"suma","to_ping":"","pinged":"","post_modified":"2022-07-28 17:50:44","post_modified_gmt":"2022-07-28 15:50:44","post_content_filtered":"","post_parent":0,"guid":"http:\/\/dev.claret.cat\/editorial\/suma\/","menu_order":0,"post_type":"editorial","post_mime_type":"","comment_count":"0","filter":"raw"}]},"aioseo_notices":[],"_links":{"self":[{"href":"https:\/\/www.claret.cat\/es\/wp-json\/wp\/v2\/product\/1022872","targetHints":{"allow":["GET"]}}],"collection":[{"href":"https:\/\/www.claret.cat\/es\/wp-json\/wp\/v2\/product"}],"about":[{"href":"https:\/\/www.claret.cat\/es\/wp-json\/wp\/v2\/types\/product"}],"wp:featuredmedia":[{"embeddable":true,"href":"https:\/\/www.claret.cat\/es\/wp-json\/wp\/v2\/media\/1023096"}],"wp:attachment":[{"href":"https:\/\/www.claret.cat\/es\/wp-json\/wp\/v2\/media?parent=1022872"}],"wp:term":[{"taxonomy":"product_brand","embeddable":true,"href":"https:\/\/www.claret.cat\/es\/wp-json\/wp\/v2\/product_brand?post=1022872"},{"taxonomy":"product_cat","embeddable":true,"href":"https:\/\/www.claret.cat\/es\/wp-json\/wp\/v2\/product_cat?post=1022872"},{"taxonomy":"product_tag","embeddable":true,"href":"https:\/\/www.claret.cat\/es\/wp-json\/wp\/v2\/product_tag?post=1022872"}],"curies":[{"name":"wp","href":"https:\/\/api.w.org\/{rel}","templated":true}]}}