{"id":1022875,"date":"2025-05-21T13:50:41","date_gmt":"2025-05-21T11:50:41","guid":{"rendered":"https:\/\/www.claret.cat\/llibre\/el-secret-de-lassistenta-lassistenta-2-9788419756961\/"},"modified":"2026-03-30T14:32:45","modified_gmt":"2026-03-30T12:32:45","slug":"el-secret-de-lassistenta-lassistenta-2-9788419756961","status":"publish","type":"product","link":"https:\/\/www.claret.cat\/es\/libro\/el-secret-de-lassistenta-lassistenta-2-9788419756961\/","title":{"rendered":"EL SECRET DE L\u2019ASSISTENTA (L&#8217;ASSISTENTA 2)"},"content":{"rendered":"<p>En aquesta casa perfecta nom\u00e9s hi ha una norma&#8230; No truquis a les portes tancades. \u00c9s dif\u00edcil trobar alg\u00fa que et doni feina sense fer preguntes sobre el teu passat. Aix\u00ed que dono gr\u00e0cies al cel que els Garrick m&#8221;hagin contractat perqu\u00e8 netegi el seu \u00e0tic impressionant amb vistes a tot Manhattan i els prepari \u00e0pats sofisticats en la seva cuina immensa. Puc treballar aqu\u00ed durant un temps i passar desapercebuda fins que arribi el moment d&#8221;obtenir el que desitjo. Sembla gaireb\u00e9 perfecte, si no fos que encara no he conegut la senyora Garrick ni he pogut veure qu\u00e8 s&#8221;amaga a l&#8221;habitaci\u00f3 de convidats. Estic conven\u00e7uda que la sento plorar. Quan faig la bugada trobo petites taques de sang al coll de les seves camises de dormir. I, un dia, no em puc resistir a trucar a la seva porta. Quan s&#8221;obre poc a poc, el que hi veig ho canvia tot&#8230; Llavors em faig una promesa. En Douglas Garrick ha com\u00e8s un error. I ho pagar\u00e0 car. \u00c9s nom\u00e9s una q\u00fcesti\u00f3 de fins on estic disposada a arribar.<\/p>\n","protected":false},"excerpt":{"rendered":"<p>MCFADDEN, FREIDA<\/p>\n","protected":false},"featured_media":1022876,"template":"","meta":{"_acf_changed":false,"om_disable_all_campaigns":false,"rs_blank_template":"","rs_page_bg_color":"","slide_template_v7":"","inline_featured_image":false,"_monsterinsights_skip_tracking":false,"_monsterinsights_sitenote_active":false,"_monsterinsights_sitenote_note":"","_monsterinsights_sitenote_category":0},"product_brand":[],"product_cat":[127,357],"product_tag":[],"class_list":{"0":"post-1022875","1":"product","2":"type-product","3":"status-publish","4":"has-post-thumbnail","6":"product_cat-novella-contemporania","7":"product_cat-novela-contemporanea","9":"first","10":"instock","11":"taxable","12":"shipping-taxable","13":"purchasable","14":"product-type-simple"},"acf":{"autor":"MCFADDEN, FREIDA","codart":"841975696","libros-coleccion":"Narrativa","ediciones":"1","encuadernacion":"R\u00fastica","fecha_de_publicacion":"01\/05\/2025","novedad":"1","paginas":"314","subtitulo":"","orden":"0","portada":"0","idioma":"cat","booktrailer":"","resenas":"","editorial":[{"ID":6350,"post_author":"3","post_date":"2022-07-28 17:50:18","post_date_gmt":"2022-07-28 15:50:18","post_content":"","post_title":"ROSA DELS VENTS","post_excerpt":"","post_status":"publish","comment_status":"closed","ping_status":"closed","post_password":"","post_name":"rosa-dels-vents","to_ping":"","pinged":"","post_modified":"2022-07-28 17:50:18","post_modified_gmt":"2022-07-28 15:50:18","post_content_filtered":"","post_parent":0,"guid":"http:\/\/dev.claret.cat\/editorial\/rosa-dels-vents\/","menu_order":0,"post_type":"editorial","post_mime_type":"","comment_count":"0","filter":"raw"}]},"aioseo_notices":[],"_links":{"self":[{"href":"https:\/\/www.claret.cat\/es\/wp-json\/wp\/v2\/product\/1022875","targetHints":{"allow":["GET"]}}],"collection":[{"href":"https:\/\/www.claret.cat\/es\/wp-json\/wp\/v2\/product"}],"about":[{"href":"https:\/\/www.claret.cat\/es\/wp-json\/wp\/v2\/types\/product"}],"wp:featuredmedia":[{"embeddable":true,"href":"https:\/\/www.claret.cat\/es\/wp-json\/wp\/v2\/media\/1022876"}],"wp:attachment":[{"href":"https:\/\/www.claret.cat\/es\/wp-json\/wp\/v2\/media?parent=1022875"}],"wp:term":[{"taxonomy":"product_brand","embeddable":true,"href":"https:\/\/www.claret.cat\/es\/wp-json\/wp\/v2\/product_brand?post=1022875"},{"taxonomy":"product_cat","embeddable":true,"href":"https:\/\/www.claret.cat\/es\/wp-json\/wp\/v2\/product_cat?post=1022875"},{"taxonomy":"product_tag","embeddable":true,"href":"https:\/\/www.claret.cat\/es\/wp-json\/wp\/v2\/product_tag?post=1022875"}],"curies":[{"name":"wp","href":"https:\/\/api.w.org\/{rel}","templated":true}]}}