{"id":1022881,"date":"2025-05-21T13:55:02","date_gmt":"2025-05-21T11:55:02","guid":{"rendered":"https:\/\/www.claret.cat\/llibre\/atmosfera-de-bulos-9788466679466\/"},"modified":"2025-05-21T17:53:14","modified_gmt":"2025-05-21T15:53:14","slug":"atmosfera-de-bulos-9788466679466","status":"publish","type":"product","link":"https:\/\/www.claret.cat\/es\/libro\/atmosfera-de-bulos-9788466679466\/","title":{"rendered":"ATM\u00d3SFERA DE BULOS"},"content":{"rendered":"<p>\u00bfAburrid@ de leer que la crisis clim\u00e1tica es un invento o un complot ecologista?  Isabel Moreno en este libro desmonta los bulos m\u00e1s extendidos y explica did\u00e1cticamente los mitos m\u00e1s frecuentes que rodean al cambio clim\u00e1tico. \u00bfC\u00f3mo sab\u00e9is c\u00f3mo era el clima del pasado si no hab\u00eda term\u00f3metros? Si no pod\u00e9is predecir el tiempo a diez d\u00edas vista, \u00bfc\u00f3mo vais a saber c\u00f3mo ser\u00e1 el clima del pr\u00f3ximo siglo? \u00bfEn la Edad Media hac\u00eda m\u00e1s calor que ahora? \u00bfLa culpa es de los ricos? \u00bfDe las empresas? \u00bfO debemos se\u00f1alar a los gobiernos? Vivimos en una era en que las noticias falsas se difunden m\u00e1s r\u00e1pido que la verdad. En las redes sociales y el debate p\u00fablico, la narrativa de la pseudociencia y el odio se apoderan de la conversaci\u00f3n, y las pruebas pasan a un segundo plano. Atm\u00f3sfera de bulosnace de la necesidad de dar una respuesta cient\u00edfica clara en un contexto de crisis clim\u00e1tica alarmante. Isabel Moreno, f\u00edsica, meteor\u00f3loga y especialista de larga trayectoria en cambio clim\u00e1tico, ofrece en este libro un espacio seguro para responder las dudas y los mitos m\u00e1s frecuentes sobre este tema, a la vez que nos brinda herramientas para empoderar a la ciudadan\u00eda con conocimientos cient\u00edficos para que pueda debatir, contrarrestar la desinformaci\u00f3n con argumentos incontestables, y tomar decisiones fundamentadas sobre el futuro del planeta. Este es un libro para quienes quieran entender la verdad cient\u00edfica del cambio clim\u00e1tico y no dejarse arrastrar por bulos y desinformaci\u00f3n.<\/p>\n","protected":false},"excerpt":{"rendered":"<p>MORENO, ISABEL<\/p>\n","protected":false},"featured_media":1023054,"template":"","meta":{"_acf_changed":false,"om_disable_all_campaigns":false,"rs_blank_template":"","rs_page_bg_color":"","slide_template_v7":"","inline_featured_image":false,"_monsterinsights_skip_tracking":false,"_monsterinsights_sitenote_active":false,"_monsterinsights_sitenote_note":"","_monsterinsights_sitenote_category":0},"product_brand":[],"product_cat":[152,429],"product_tag":[],"class_list":{"0":"post-1022881","1":"product","2":"type-product","3":"status-publish","4":"has-post-thumbnail","6":"product_cat-el-mon-actual","7":"product_cat-el-mundo-actual","9":"first","10":"instock","11":"taxable","12":"shipping-taxable","13":"purchasable","14":"product-type-simple"},"acf":{"autor":"MORENO, ISABEL","codart":"846667946","libros-coleccion":"FORA DE COL.LECCI\u00d3","ediciones":"1","encuadernacion":"R\u00fastica","fecha_de_publicacion":"01\/05\/2025","novedad":"1","paginas":"237","subtitulo":"DESPEJANDO LAS PRINCIPALES DUDAS Y MITOS SOBRE EL CAMBIO CLIM\u00c1TICO","orden":"0","portada":"0","idioma":"spa","booktrailer":"","resenas":"","editorial":[{"ID":6200,"post_author":"3","post_date":"2022-07-28 17:47:00","post_date_gmt":"2022-07-28 15:47:00","post_content":"","post_title":"EDICIONES B","post_excerpt":"","post_status":"publish","comment_status":"closed","ping_status":"closed","post_password":"","post_name":"ediciones-b","to_ping":"","pinged":"","post_modified":"2022-07-28 17:47:00","post_modified_gmt":"2022-07-28 15:47:00","post_content_filtered":"","post_parent":0,"guid":"http:\/\/dev.claret.cat\/editorial\/ediciones-b\/","menu_order":0,"post_type":"editorial","post_mime_type":"","comment_count":"0","filter":"raw"}]},"aioseo_notices":[],"_links":{"self":[{"href":"https:\/\/www.claret.cat\/es\/wp-json\/wp\/v2\/product\/1022881","targetHints":{"allow":["GET"]}}],"collection":[{"href":"https:\/\/www.claret.cat\/es\/wp-json\/wp\/v2\/product"}],"about":[{"href":"https:\/\/www.claret.cat\/es\/wp-json\/wp\/v2\/types\/product"}],"wp:featuredmedia":[{"embeddable":true,"href":"https:\/\/www.claret.cat\/es\/wp-json\/wp\/v2\/media\/1023054"}],"wp:attachment":[{"href":"https:\/\/www.claret.cat\/es\/wp-json\/wp\/v2\/media?parent=1022881"}],"wp:term":[{"taxonomy":"product_brand","embeddable":true,"href":"https:\/\/www.claret.cat\/es\/wp-json\/wp\/v2\/product_brand?post=1022881"},{"taxonomy":"product_cat","embeddable":true,"href":"https:\/\/www.claret.cat\/es\/wp-json\/wp\/v2\/product_cat?post=1022881"},{"taxonomy":"product_tag","embeddable":true,"href":"https:\/\/www.claret.cat\/es\/wp-json\/wp\/v2\/product_tag?post=1022881"}],"curies":[{"name":"wp","href":"https:\/\/api.w.org\/{rel}","templated":true}]}}