{"id":1022884,"date":"2025-05-21T13:55:17","date_gmt":"2025-05-21T11:55:17","guid":{"rendered":"https:\/\/www.claret.cat\/llibre\/me-llamo-goa-7-en-serio-goa-9788410269750\/"},"modified":"2026-04-23T19:17:22","modified_gmt":"2026-04-23T17:17:22","slug":"me-llamo-goa-7-en-serio-goa-9788410269750","status":"publish","type":"product","link":"https:\/\/www.claret.cat\/es\/libro\/me-llamo-goa-7-en-serio-goa-9788410269750\/","title":{"rendered":"ME LLAMO GOA 7 &#8211; \u00bfEN SERIO, GOA?"},"content":{"rendered":"<p>\u00a1Llega la s\u00e9ptima entrega de \u00abMe llamo Goa\u00bb, la serie juvenil que ha cautivado a m\u00e1s de 150.000 lectores y lectoras j\u00f3venes! \u00ab\u00a1Por fin, cumplo 13 a\u00f1os! Pero \u00faltimamente todo se me hace bola. Mis padres me han dicho que me dar\u00e1n un m\u00f3vil prehist\u00f3rico, las cosas con Klaus siguen estando raras, mi madre est\u00e1 distra\u00edda, no s\u00e9 si quiero seguir en el equipo del volei y, encima, no hay quien entienda a mis amigos \u2026 \u00bfc\u00f3mo voy a hacer una celebraci\u00f3n as\u00ed? Paso de todo\u00bb. Se acerca el cumplea\u00f1os de Goa y, si ya cre\u00eda que tener 12 a\u00f1os era dif\u00edcil, parece que los 13 estar\u00e1n a\u00fan m\u00e1s llenos de cambios. En casa, con su madre que comienza una relaci\u00f3n nueva; en su coraz\u00f3n, que no sabe decidirse; en el insti, donde se mezclan viejos y nuevos amigos&#8230; \u00a1incluso en el equipo de volei! Una nueva entrega de la serie juvenil de M\u00edriam Tirado, autora de \u00e9xitos como El hilo invisible, Sensibles e Infinito. Ida y vuelta, donde explora la adolescencia con el humor y la sensibilidad que la caracterizan.<\/p>\n","protected":false},"excerpt":{"rendered":"<p>TIRADO, M\u00cdRIAM<\/p>\n","protected":false},"featured_media":1079352,"template":"","meta":{"_acf_changed":false,"om_disable_all_campaigns":false,"rs_blank_template":"","rs_page_bg_color":"","slide_template_v7":"","inline_featured_image":false,"_monsterinsights_skip_tracking":false,"_monsterinsights_sitenote_active":false,"_monsterinsights_sitenote_note":"","_monsterinsights_sitenote_category":0},"product_brand":[],"product_cat":[132,362],"product_tag":[],"class_list":{"0":"post-1022884","1":"product","2":"type-product","3":"status-publish","4":"has-post-thumbnail","6":"product_cat-lectures-per-preadolescents-6-12-anys","7":"product_cat-libros-preadolescentes-6-12-anos","9":"first","10":"instock","11":"taxable","12":"shipping-taxable","13":"purchasable","14":"product-type-simple"},"acf":{"autor":"TIRADO, M\u00cdRIAM","codart":"841026975","libros-coleccion":"FORA DE COL.LECCI\u00d3","ediciones":"1","encuadernacion":"Carton\u00e9","fecha_de_publicacion":"01\/05\/2025","novedad":"1","paginas":"227","subtitulo":"","orden":"0","portada":"0","idioma":"spa","booktrailer":"","resenas":"","editorial":[{"ID":294535,"post_author":"3","post_date":"2022-12-12 12:50:10","post_date_gmt":"2022-12-12 11:50:10","post_content":"","post_title":"B de Blok","post_excerpt":"","post_status":"publish","comment_status":"closed","ping_status":"closed","post_password":"","post_name":"b-de-blok","to_ping":"","pinged":"","post_modified":"2022-12-12 12:50:10","post_modified_gmt":"2022-12-12 11:50:10","post_content_filtered":"","post_parent":0,"guid":"http:\/\/dev.claret.cat\/editorial\/b-de-blok\/","menu_order":0,"post_type":"editorial","post_mime_type":"","comment_count":"0","filter":"raw"}]},"aioseo_notices":[],"_links":{"self":[{"href":"https:\/\/www.claret.cat\/es\/wp-json\/wp\/v2\/product\/1022884","targetHints":{"allow":["GET"]}}],"collection":[{"href":"https:\/\/www.claret.cat\/es\/wp-json\/wp\/v2\/product"}],"about":[{"href":"https:\/\/www.claret.cat\/es\/wp-json\/wp\/v2\/types\/product"}],"wp:featuredmedia":[{"embeddable":true,"href":"https:\/\/www.claret.cat\/es\/wp-json\/wp\/v2\/media\/1079352"}],"wp:attachment":[{"href":"https:\/\/www.claret.cat\/es\/wp-json\/wp\/v2\/media?parent=1022884"}],"wp:term":[{"taxonomy":"product_brand","embeddable":true,"href":"https:\/\/www.claret.cat\/es\/wp-json\/wp\/v2\/product_brand?post=1022884"},{"taxonomy":"product_cat","embeddable":true,"href":"https:\/\/www.claret.cat\/es\/wp-json\/wp\/v2\/product_cat?post=1022884"},{"taxonomy":"product_tag","embeddable":true,"href":"https:\/\/www.claret.cat\/es\/wp-json\/wp\/v2\/product_tag?post=1022884"}],"curies":[{"name":"wp","href":"https:\/\/api.w.org\/{rel}","templated":true}]}}