{"id":1022895,"date":"2025-05-21T14:00:03","date_gmt":"2025-05-21T12:00:03","guid":{"rendered":"https:\/\/www.claret.cat\/llibre\/kora-sparks-1-y-el-ultimo-dragon-9788410269651\/"},"modified":"2026-02-19T17:52:30","modified_gmt":"2026-02-19T16:52:30","slug":"kora-sparks-1-y-el-ultimo-dragon-9788410269651","status":"publish","type":"product","link":"https:\/\/www.claret.cat\/es\/libro\/kora-sparks-1-y-el-ultimo-dragon-9788410269651\/","title":{"rendered":"KORA SPARKS 1 &#8211; Y EL \u00daLTIMO DRAG\u00d3N"},"content":{"rendered":"<p>Descubre el mundo de Kora Sparks, la nueva saga de fantas\u00eda que te har\u00e1 so\u00f1ar con dragones y magia.  Una ni\u00f1a sin nada que perder. Un sue\u00f1o imposible. Una leyenda sobre un drag\u00f3n perdido. Cuenta la leyenda que hubo un tiempo en que los dragones surcaban el cielo y la tierra florec\u00eda con su magia, una \u00e9poca en la que todas las criaturas y los humanos conviv\u00edan en paz. Pero ahora el mundo agoniza, la magia escasea y nadie cree en las leyendas. Kora cumplir\u00e1 pronto trece a\u00f1os y ya sabe lo que es luchar por sobrevivir; hace mucho que dej\u00f3 de so\u00f1ar con los cuentos de su abuela. Sin embargo, cuando su hermano Sim\u00f3n enferma gravemente y todas las posibilidades se agotan, Kora emprende un viaje buscando lo \u00fanico que puede salvarlo: un drag\u00f3n perdido. \u00bfQu\u00e9 esconde la nueva saga de Kora Sparks? *Conoce un nuevo mundo de fantas\u00eda que te encantar\u00e1: lleno de magia, aventuras y \u00a1dragones! *Emoci\u00f3nate con la mezcla perfecta de acci\u00f3n, fantas\u00eda y leyendas. *Descubre la Ciudadela, donde la magia ya no existe; y huye de los habitantes de las Tierras Bald\u00edas, que esconden oscuros secretos. *Emprende un viaje a lo desconocido con Kora, una hero\u00edna dispuesta a todo; y Briar, un joven que sue\u00f1a con dragones. Un mundo de fuego y magia donde todo es posible.<\/p>\n","protected":false},"excerpt":{"rendered":"<p>CONEJO S\u00c1NCHEZ-ESCALONILLA, MARTA<\/p>\n","protected":false},"featured_media":1078696,"template":"","meta":{"_acf_changed":false,"om_disable_all_campaigns":false,"rs_blank_template":"","rs_page_bg_color":"","slide_template_v7":"","inline_featured_image":false,"_monsterinsights_skip_tracking":false,"_monsterinsights_sitenote_active":false,"_monsterinsights_sitenote_note":"","_monsterinsights_sitenote_category":0},"product_brand":[],"product_cat":[132,362],"product_tag":[],"class_list":{"0":"post-1022895","1":"product","2":"type-product","3":"status-publish","4":"has-post-thumbnail","6":"product_cat-lectures-per-preadolescents-6-12-anys","7":"product_cat-libros-preadolescentes-6-12-anos","9":"first","10":"instock","11":"taxable","12":"shipping-taxable","13":"purchasable","14":"product-type-simple"},"acf":{"autor":"CONEJO S\u00c1NCHEZ-ESCALONILLA, MARTA","codart":"841026965","libros-coleccion":"FORA DE COL.LECCI\u00d3","ediciones":"1","encuadernacion":"Carton\u00e9","fecha_de_publicacion":"01\/05\/2025","novedad":"1","paginas":"251","subtitulo":"","orden":"0","portada":"0","idioma":"spa","booktrailer":"","resenas":"","editorial":[{"ID":294535,"post_author":"3","post_date":"2022-12-12 12:50:10","post_date_gmt":"2022-12-12 11:50:10","post_content":"","post_title":"B de Blok","post_excerpt":"","post_status":"publish","comment_status":"closed","ping_status":"closed","post_password":"","post_name":"b-de-blok","to_ping":"","pinged":"","post_modified":"2022-12-12 12:50:10","post_modified_gmt":"2022-12-12 11:50:10","post_content_filtered":"","post_parent":0,"guid":"http:\/\/dev.claret.cat\/editorial\/b-de-blok\/","menu_order":0,"post_type":"editorial","post_mime_type":"","comment_count":"0","filter":"raw"}]},"aioseo_notices":[],"_links":{"self":[{"href":"https:\/\/www.claret.cat\/es\/wp-json\/wp\/v2\/product\/1022895","targetHints":{"allow":["GET"]}}],"collection":[{"href":"https:\/\/www.claret.cat\/es\/wp-json\/wp\/v2\/product"}],"about":[{"href":"https:\/\/www.claret.cat\/es\/wp-json\/wp\/v2\/types\/product"}],"wp:featuredmedia":[{"embeddable":true,"href":"https:\/\/www.claret.cat\/es\/wp-json\/wp\/v2\/media\/1078696"}],"wp:attachment":[{"href":"https:\/\/www.claret.cat\/es\/wp-json\/wp\/v2\/media?parent=1022895"}],"wp:term":[{"taxonomy":"product_brand","embeddable":true,"href":"https:\/\/www.claret.cat\/es\/wp-json\/wp\/v2\/product_brand?post=1022895"},{"taxonomy":"product_cat","embeddable":true,"href":"https:\/\/www.claret.cat\/es\/wp-json\/wp\/v2\/product_cat?post=1022895"},{"taxonomy":"product_tag","embeddable":true,"href":"https:\/\/www.claret.cat\/es\/wp-json\/wp\/v2\/product_tag?post=1022895"}],"curies":[{"name":"wp","href":"https:\/\/api.w.org\/{rel}","templated":true}]}}