{"id":1022940,"date":"2025-05-21T16:35:02","date_gmt":"2025-05-21T14:35:02","guid":{"rendered":"https:\/\/www.claret.cat\/llibre\/mansfield-park-9788484286646\/"},"modified":"2025-05-21T17:11:39","modified_gmt":"2025-05-21T15:11:39","slug":"mansfield-park-9788484286646","status":"publish","type":"product","link":"https:\/\/www.claret.cat\/es\/libro\/mansfield-park-9788484286646\/","title":{"rendered":"MANSFIELD PARK"},"content":{"rendered":"<p>Fanny Price es una ni\u00f1a todav\u00eda cuando sus t\u00edos la acogen en su gran mansi\u00f3n de Mansfield Park, rescat\u00e1ndola de una vida de premuras y necesidades. Ante sus ojos desfilar\u00e1 un mundo de ocio y refinamiento en el que los juegos y los bailes dejar\u00e1n poco a poco de ser inocentes diversiones para alimentar adultas maquinaciones y estrategias de seducci\u00f3n.<\/p>\n","protected":false},"excerpt":{"rendered":"<p>AUSTEN, JANE<\/p>\n","protected":false},"featured_media":1022941,"template":"","meta":{"_acf_changed":false,"om_disable_all_campaigns":false,"rs_blank_template":"","rs_page_bg_color":"","slide_template_v7":"","inline_featured_image":false,"_monsterinsights_skip_tracking":false,"_monsterinsights_sitenote_active":false,"_monsterinsights_sitenote_note":"","_monsterinsights_sitenote_category":0},"product_brand":[],"product_cat":[354,123],"product_tag":[],"class_list":{"0":"post-1022940","1":"product","2":"type-product","3":"status-publish","4":"has-post-thumbnail","6":"product_cat-clasica","7":"product_cat-classica","9":"first","10":"instock","11":"taxable","12":"shipping-taxable","13":"purchasable","14":"product-type-simple"},"acf":{"autor":"AUSTEN, JANE","codart":"848428664","libros-coleccion":"","ediciones":"1","encuadernacion":"Carton\u00e9","fecha_de_publicacion":"01\/11\/2011","novedad":"0","paginas":"600","subtitulo":"","orden":"999","portada":"0","idioma":"spa","booktrailer":"","resenas":"","editorial":[{"ID":261774,"post_author":"3","post_date":"2022-10-24 11:15:40","post_date_gmt":"2022-10-24 09:15:40","post_content":"","post_title":"ALBA EDICIONES, S.A.","post_excerpt":"","post_status":"publish","comment_status":"closed","ping_status":"closed","post_password":"","post_name":"alba-ediciones-s-a","to_ping":"","pinged":"","post_modified":"2022-10-24 11:15:40","post_modified_gmt":"2022-10-24 09:15:40","post_content_filtered":"","post_parent":0,"guid":"http:\/\/dev.claret.cat\/editorial\/alba-ediciones-s-a\/","menu_order":0,"post_type":"editorial","post_mime_type":"","comment_count":"0","filter":"raw"}],"autores-libros":[{"ID":158486,"post_author":"3","post_date":"2022-10-14 15:37:14","post_date_gmt":"2022-10-14 13:37:14","post_content":"","post_title":"JANE AUSTEN","post_excerpt":"","post_status":"publish","comment_status":"closed","ping_status":"closed","post_password":"","post_name":"jane-austen","to_ping":"","pinged":"","post_modified":"2022-10-14 15:37:14","post_modified_gmt":"2022-10-14 13:37:14","post_content_filtered":"","post_parent":0,"guid":"http:\/\/dev.claret.cat\/autor\/jane-austen\/","menu_order":0,"post_type":"autor","post_mime_type":"","comment_count":"0","filter":"raw"}]},"aioseo_notices":[],"_links":{"self":[{"href":"https:\/\/www.claret.cat\/es\/wp-json\/wp\/v2\/product\/1022940","targetHints":{"allow":["GET"]}}],"collection":[{"href":"https:\/\/www.claret.cat\/es\/wp-json\/wp\/v2\/product"}],"about":[{"href":"https:\/\/www.claret.cat\/es\/wp-json\/wp\/v2\/types\/product"}],"wp:featuredmedia":[{"embeddable":true,"href":"https:\/\/www.claret.cat\/es\/wp-json\/wp\/v2\/media\/1022941"}],"wp:attachment":[{"href":"https:\/\/www.claret.cat\/es\/wp-json\/wp\/v2\/media?parent=1022940"}],"wp:term":[{"taxonomy":"product_brand","embeddable":true,"href":"https:\/\/www.claret.cat\/es\/wp-json\/wp\/v2\/product_brand?post=1022940"},{"taxonomy":"product_cat","embeddable":true,"href":"https:\/\/www.claret.cat\/es\/wp-json\/wp\/v2\/product_cat?post=1022940"},{"taxonomy":"product_tag","embeddable":true,"href":"https:\/\/www.claret.cat\/es\/wp-json\/wp\/v2\/product_tag?post=1022940"}],"curies":[{"name":"wp","href":"https:\/\/api.w.org\/{rel}","templated":true}]}}