{"id":1022955,"date":"2025-05-21T16:55:16","date_gmt":"2025-05-21T14:55:16","guid":{"rendered":"https:\/\/www.claret.cat\/llibre\/las-virtudes-teologales-y-humanas-en-el-epistolario-teresiano-9788410023963\/"},"modified":"2025-05-27T12:03:05","modified_gmt":"2025-05-27T10:03:05","slug":"las-virtudes-teologales-y-humanas-en-el-epistolario-teresiano-9788410023963","status":"publish","type":"product","link":"https:\/\/www.claret.cat\/es\/libro\/las-virtudes-teologales-y-humanas-en-el-epistolario-teresiano-9788410023963\/","title":{"rendered":"LAS VIRTUDES TEOLOGALES Y HUMANAS EN EL EPISTOLARIO TERESIANO"},"content":{"rendered":"<p>\u00abEl estudio de las virtudes teol\u00f3gicas y humanas de <strong>Santa Teresa<\/strong> es una preciosa fuente de inspiraci\u00f3n y de ense\u00f1anza urgente para los cristianos de nuestro tiempo, para todos nosotros. El <strong>equilibrio humano y espiritual<\/strong>, la riqueza carism\u00e1tica de Teresa es una luz imprescindible para el camino de la b\u00fasqueda de la verdad, del discernimiento y del crecimiento humano, no solo para los creyentes, sino para todo ser humano que busca con sinceridad y humildad los caminos de la autenticidad\u2026<\/p>\n<p>Te animo, querido lector, a saborear estas p\u00e1ginas y hacerlas vida. No son un texto de informaci\u00f3n, son una escuela de crecimiento y de interpelaci\u00f3n\u00bb. P. Miguel M\u00e1rquez Calle, OCD \u2013Superior General, orden de los Carmelitas Descalzos, Roma\u2013<\/p>\n","protected":false},"excerpt":{"rendered":"<p>VARGHESE CHERIYAKADAVIL<\/p>\n","protected":false},"featured_media":1022964,"template":"","meta":{"_acf_changed":false,"om_disable_all_campaigns":false,"rs_blank_template":"","rs_page_bg_color":"","slide_template_v7":"","inline_featured_image":false,"_monsterinsights_skip_tracking":false,"_monsterinsights_sitenote_active":false,"_monsterinsights_sitenote_note":"","_monsterinsights_sitenote_category":0},"product_brand":[],"product_cat":[242,492],"product_tag":[672,674,639,673,671],"class_list":{"0":"post-1022955","1":"product","2":"type-product","3":"status-publish","4":"has-post-thumbnail","6":"product_cat-carmelitana","7":"product_cat-carmelitana-espiritualidad-1_espiritualidad","8":"product_tag-epistolario","9":"product_tag-espiritualidad","10":"product_tag-libro-catolico","11":"product_tag-santa-teresa","12":"product_tag-virtudes-teologales","14":"first","15":"instock","16":"taxable","17":"shipping-taxable","18":"purchasable","19":"product-type-simple"},"acf":{"autor":"CHERIYAKADAVIL, VARGHESE","codart":"841002396","libros-coleccion":"Karmel","ediciones":"1","encuadernacion":"R\u00fastica","fecha_de_publicacion":"21\/05\/2025","novedad":"1","paginas":"294","subtitulo":"","orden":"0","portada":"0","idioma":"spa","booktrailer":"","resenas":"","editorial":[{"ID":6309,"post_author":"3","post_date":"2022-07-28 17:49:25","post_date_gmt":"2022-07-28 15:49:25","post_content":"","post_title":"Monte Carmelo","post_excerpt":"","post_status":"publish","comment_status":"closed","ping_status":"closed","post_password":"","post_name":"monte-carmelo","to_ping":"","pinged":"","post_modified":"2022-07-28 17:49:25","post_modified_gmt":"2022-07-28 15:49:25","post_content_filtered":"","post_parent":0,"guid":"http:\/\/dev.claret.cat\/editorial\/monte-carmelo\/","menu_order":0,"post_type":"editorial","post_mime_type":"","comment_count":"0","filter":"raw"}],"autores-libros":"","traductores-libros":"","ilustradores-libros":"","formato":"","linkebook":"","precioebook":"","ebookportada":false,"ficha":"","muestra":"","presentacion":"","recomendamos":"","mas_vendido":""},"aioseo_notices":[],"_links":{"self":[{"href":"https:\/\/www.claret.cat\/es\/wp-json\/wp\/v2\/product\/1022955","targetHints":{"allow":["GET"]}}],"collection":[{"href":"https:\/\/www.claret.cat\/es\/wp-json\/wp\/v2\/product"}],"about":[{"href":"https:\/\/www.claret.cat\/es\/wp-json\/wp\/v2\/types\/product"}],"wp:featuredmedia":[{"embeddable":true,"href":"https:\/\/www.claret.cat\/es\/wp-json\/wp\/v2\/media\/1022964"}],"wp:attachment":[{"href":"https:\/\/www.claret.cat\/es\/wp-json\/wp\/v2\/media?parent=1022955"}],"wp:term":[{"taxonomy":"product_brand","embeddable":true,"href":"https:\/\/www.claret.cat\/es\/wp-json\/wp\/v2\/product_brand?post=1022955"},{"taxonomy":"product_cat","embeddable":true,"href":"https:\/\/www.claret.cat\/es\/wp-json\/wp\/v2\/product_cat?post=1022955"},{"taxonomy":"product_tag","embeddable":true,"href":"https:\/\/www.claret.cat\/es\/wp-json\/wp\/v2\/product_tag?post=1022955"}],"curies":[{"name":"wp","href":"https:\/\/api.w.org\/{rel}","templated":true}]}}