{"id":102296,"date":"2022-10-12T08:19:03","date_gmt":"2022-10-12T06:19:03","guid":{"rendered":"http:\/\/dev.claret.cat\/producte\/carta-a-los-humanos\/"},"modified":"2026-04-01T08:11:11","modified_gmt":"2026-04-01T06:11:11","slug":"carta-a-los-humanos-9788429330014","status":"publish","type":"product","link":"https:\/\/www.claret.cat\/es\/libro\/carta-a-los-humanos-9788429330014\/","title":{"rendered":"CARTA A LOS HUMANOS"},"content":{"rendered":"<p>La famosa carta de san Pablo a los Romanos es uno de esos documentos que han marcado la existencia de la Iglesia durante casi dos milenios. En aquella carta, Pablo se dirig\u00eda a una comunidad creyente muy  apasionada, pero tambi\u00e9n muy dividida que necesitaba comprender las consecuencias del mensaje de Jes\u00fas en sus vidas. <br \/>En esta nueva carta, Jos\u00e9 I. Gonz\u00e1lez Faus parodia con su habitual ingenio y sagacidad al propio Pablo de Tarso, dando una nueva forma a la antigua ep\u00edstola. Ahora los destinatarios son los seres humanos del siglo XXI, que salvando todas las distancias, tambi\u00e9n se encuentran cada vez m\u00e1s divididos unos de otros. Y tambi\u00e9n necesitan entender c\u00f3mo un mensaje como el de Cristo puede cambiar para mejor un mundo tan fracturado.<\/p>\n","protected":false},"excerpt":{"rendered":"<p>La famosa carta de san Pablo a los Romanos es uno de esos documentos que han marcado la existencia de la Iglesia durante casi dos milenios. En aquella carta, Pablo se dirig\u00eda a una comunidad creyente muy apasionada, pero tambi\u00e9n muy dividida que necesitaba comprender las consecuencias del mensaje de Jes\u00fas en sus vidas. En [&hellip;]<\/p>\n","protected":false},"featured_media":374053,"template":"","meta":{"_acf_changed":false,"om_disable_all_campaigns":false,"rs_blank_template":"","rs_page_bg_color":"","slide_template_v7":"","inline_featured_image":false,"_monsterinsights_skip_tracking":false,"_monsterinsights_sitenote_active":false,"_monsterinsights_sitenote_note":"","_monsterinsights_sitenote_category":0},"product_brand":[],"product_cat":[90,540],"product_tag":[],"class_list":{"0":"post-102296","1":"product","2":"type-product","3":"status-publish","4":"has-post-thumbnail","6":"product_cat-altres","7":"product_cat-otros","9":"first","10":"instock","11":"taxable","12":"shipping-taxable","13":"purchasable","14":"product-type-simple"},"acf":{"editorial":[{"ID":6351,"post_author":"3","post_date":"2022-07-28 17:50:19","post_date_gmt":"2022-07-28 15:50:19","post_content":"","post_title":"Sal Terrae","post_excerpt":"","post_status":"publish","comment_status":"closed","ping_status":"closed","post_password":"","post_name":"sal-terrae","to_ping":"","pinged":"","post_modified":"2022-07-28 17:50:19","post_modified_gmt":"2022-07-28 15:50:19","post_content_filtered":"","post_parent":0,"guid":"http:\/\/dev.claret.cat\/editorial\/sal-terrae\/","menu_order":0,"post_type":"editorial","post_mime_type":"","comment_count":"0","filter":"raw"}],"autor":"GONZ\u00c1LEZ FAUS, JOS\u00c9 IGNACIO","codart":"842933001","libros-coleccion":"Pozo de Siquen","ediciones":"1","encuadernacion":"R\u00fastica","fecha_de_publicacion":"09\/11\/2020","novedad":"1","paginas":"104","subtitulo":"","orden":"0","portada":"0","idioma":"spa","autores-libros":[{"ID":160278,"post_author":"3","post_date":"2022-10-14 15:51:47","post_date_gmt":"2022-10-14 13:51:47","post_content":"","post_title":"JOS\u00c9 IGNACIO GONZ\u00c1LEZ FAUS","post_excerpt":"","post_status":"publish","comment_status":"closed","ping_status":"closed","post_password":"","post_name":"jose-ignacio-gonzalez-faus","to_ping":"","pinged":"","post_modified":"2022-10-14 15:51:47","post_modified_gmt":"2022-10-14 13:51:47","post_content_filtered":"","post_parent":0,"guid":"http:\/\/dev.claret.cat\/autor\/jose-ignacio-gonzalez-faus\/","menu_order":0,"post_type":"autor","post_mime_type":"","comment_count":"0","filter":"raw"}],"booktrailer":"","resenas":""},"aioseo_notices":[],"_links":{"self":[{"href":"https:\/\/www.claret.cat\/es\/wp-json\/wp\/v2\/product\/102296","targetHints":{"allow":["GET"]}}],"collection":[{"href":"https:\/\/www.claret.cat\/es\/wp-json\/wp\/v2\/product"}],"about":[{"href":"https:\/\/www.claret.cat\/es\/wp-json\/wp\/v2\/types\/product"}],"wp:featuredmedia":[{"embeddable":true,"href":"https:\/\/www.claret.cat\/es\/wp-json\/wp\/v2\/media\/374053"}],"wp:attachment":[{"href":"https:\/\/www.claret.cat\/es\/wp-json\/wp\/v2\/media?parent=102296"}],"wp:term":[{"taxonomy":"product_brand","embeddable":true,"href":"https:\/\/www.claret.cat\/es\/wp-json\/wp\/v2\/product_brand?post=102296"},{"taxonomy":"product_cat","embeddable":true,"href":"https:\/\/www.claret.cat\/es\/wp-json\/wp\/v2\/product_cat?post=102296"},{"taxonomy":"product_tag","embeddable":true,"href":"https:\/\/www.claret.cat\/es\/wp-json\/wp\/v2\/product_tag?post=102296"}],"curies":[{"name":"wp","href":"https:\/\/api.w.org\/{rel}","templated":true}]}}