{"id":1022990,"date":"2025-05-21T17:20:35","date_gmt":"2025-05-21T15:20:35","guid":{"rendered":"https:\/\/www.claret.cat\/llibre\/nuestros-dias-seran-infinitos-9791387641054\/"},"modified":"2025-05-21T19:15:48","modified_gmt":"2025-05-21T17:15:48","slug":"nuestros-dias-seran-infinitos-9791387641054","status":"publish","type":"product","link":"https:\/\/www.claret.cat\/es\/libro\/nuestros-dias-seran-infinitos-9791387641054\/","title":{"rendered":"NUESTROS D\u00cdAS SER\u00c1N INFINITOS"},"content":{"rendered":"<p>Un padre. Una hija. Un bosque impenetrable. Una historia de supervivencia extrema, una f\u00e1bula oscura sobre el amor, la obsesi\u00f3n y el poder destructivo de la mentira. Entre la ternura y el terror, Claire Fuller<br \/> construye un thriller psicol\u00f3gico inquietante, donde la frontera entre el juego y la realidad se desdibuja hasta volverse insoportable.<br \/> Es el verano de 1976. Peggy Hillcoat tiene ocho a\u00f1os y pasa los d\u00edas con su padre, James, un hombre obsesionado con la supervivencia que ha convertido el s\u00f3tano de su casa en un refugio nuclear. Una noche, sin previo aviso, James secuestra a su hija y se la lleva a una caba\u00f1a en medio de un bosque inmenso. Alejados de toda se\u00f1al de vida humana, James convence a Peggy de que el mundo entero ha sido destruido. Juntos aprenden a subsistir: construyen trampas para cazar, se lavan en el r\u00edo, almacenan alimentos. Los inviernos son largos y crueles; los veranos, fugaces. En su aislamiento, incluso fabrican un piano de madera que no produce sonido alguno. Durante a\u00f1os, Peggy vive en esa caba\u00f1a con su padre, sin cuestionar su realidad. Hasta que, un d\u00eda, encuentra unas botas. El descubrimiento la empujar\u00e1 a una b\u00fasqueda desesperada que revelar\u00e1 los secretos de su encierro y la verdad sobre la \u00faltima noche que pas\u00f3 con James. \u00bfQu\u00e9 ocurri\u00f3 realmente en aquel bosque? \u00bfC\u00f3mo logr\u00f3 escapar? Y, sobre todo, \u00bfpor qu\u00e9 ha vuelto sin \u00e9l?<br \/> Con esta impactante primera novela, Claire Fuller (Tierra inestable, La memoria de los animales) se alz\u00f3 con el prestigioso Desmond Elliot Prize. Un relato perturbador sobre la fragilidad de la infancia, la manipulaci\u00f3n y las cicatrices de una vida marcada por el enga\u00f1o.<br \/> CR\u00cdTICA<br \/> \u00abExtraordinaria. Apasionante desde la primera frase. Fuller escribe con una sencillez cantarina que encuentra la belleza en medio del terror.\u00bb \u2014The Sunday Times<br \/> \u00abMagn\u00edfica. Impresionante la convicci\u00f3n de la mirada infantil, el clima v\u00edvido y la fuerza de la narraci\u00f3n.\u00bb \u2014Penelope Lively<br \/> \u00abTiene la combinaci\u00f3n ganadora de un narrador poco fiable y un final impactante.\u00bb \u2014Publishers Weekly<br \/> \u00abImpactante y sutil, brillante y hermosa, equilibrada y elegante. Recuerda a los primeros trabajos de Ian McEwan por la delicadeza de su prosa y la forma en que combina matices de lo m\u00e1s oscuros\u00bb \u2014Jurado del Desmond Elliot Prize<br \/> \u00abUna novela de debut que recuerda a compa\u00f1eros de cama tan improbables como el Walden de Thoreau y La habitaci\u00f3n de Emma Donoghue&#8230; apasionante\u00bb \u2014The Guardian<\/p>\n","protected":false},"excerpt":{"rendered":"<p>FULLER, CLAIRE<\/p>\n","protected":false},"featured_media":1023104,"template":"","meta":{"_acf_changed":false,"om_disable_all_campaigns":false,"rs_blank_template":"","rs_page_bg_color":"","slide_template_v7":"","inline_featured_image":false,"_monsterinsights_skip_tracking":false,"_monsterinsights_sitenote_active":false,"_monsterinsights_sitenote_note":"","_monsterinsights_sitenote_category":0},"product_brand":[],"product_cat":[127,357],"product_tag":[],"class_list":{"0":"post-1022990","1":"product","2":"type-product","3":"status-publish","4":"has-post-thumbnail","6":"product_cat-novella-contemporania","7":"product_cat-novela-contemporanea","9":"first","10":"instock","11":"taxable","12":"shipping-taxable","13":"purchasable","14":"product-type-simple"},"acf":{"autor":"FULLER, CLAIRE","codart":"138764105","libros-coleccion":"Impedimenta","ediciones":"1","encuadernacion":"R\u00fastica","fecha_de_publicacion":"01\/05\/2025","novedad":"1","paginas":"312","subtitulo":"","orden":"0","portada":"0","idioma":"spa","booktrailer":"","resenas":"","editorial":[{"ID":148284,"post_author":"3","post_date":"2022-10-14 11:57:03","post_date_gmt":"2022-10-14 09:57:03","post_content":"","post_title":"IMPEDIMENTA","post_excerpt":"","post_status":"publish","comment_status":"closed","ping_status":"closed","post_password":"","post_name":"impedimenta","to_ping":"","pinged":"","post_modified":"2022-10-14 11:57:03","post_modified_gmt":"2022-10-14 09:57:03","post_content_filtered":"","post_parent":0,"guid":"http:\/\/dev.claret.cat\/editorial\/impedimenta\/","menu_order":0,"post_type":"editorial","post_mime_type":"","comment_count":"0","filter":"raw"}]},"aioseo_notices":[],"_links":{"self":[{"href":"https:\/\/www.claret.cat\/es\/wp-json\/wp\/v2\/product\/1022990","targetHints":{"allow":["GET"]}}],"collection":[{"href":"https:\/\/www.claret.cat\/es\/wp-json\/wp\/v2\/product"}],"about":[{"href":"https:\/\/www.claret.cat\/es\/wp-json\/wp\/v2\/types\/product"}],"wp:featuredmedia":[{"embeddable":true,"href":"https:\/\/www.claret.cat\/es\/wp-json\/wp\/v2\/media\/1023104"}],"wp:attachment":[{"href":"https:\/\/www.claret.cat\/es\/wp-json\/wp\/v2\/media?parent=1022990"}],"wp:term":[{"taxonomy":"product_brand","embeddable":true,"href":"https:\/\/www.claret.cat\/es\/wp-json\/wp\/v2\/product_brand?post=1022990"},{"taxonomy":"product_cat","embeddable":true,"href":"https:\/\/www.claret.cat\/es\/wp-json\/wp\/v2\/product_cat?post=1022990"},{"taxonomy":"product_tag","embeddable":true,"href":"https:\/\/www.claret.cat\/es\/wp-json\/wp\/v2\/product_tag?post=1022990"}],"curies":[{"name":"wp","href":"https:\/\/api.w.org\/{rel}","templated":true}]}}