{"id":1023037,"date":"2025-05-21T17:50:04","date_gmt":"2025-05-21T15:50:04","guid":{"rendered":"https:\/\/www.claret.cat\/llibre\/per-que-alguns-homes-odien-les-dones-9791387672195\/"},"modified":"2025-09-08T19:20:09","modified_gmt":"2025-09-08T17:20:09","slug":"per-que-alguns-homes-odien-les-dones-9791387672195","status":"publish","type":"product","link":"https:\/\/www.claret.cat\/es\/libro\/per-que-alguns-homes-odien-les-dones-9791387672195\/","title":{"rendered":"\u00bfPER QU\u00c8 ALGUNS HOMES ODIEN LES DONES?"},"content":{"rendered":"<p>Durant m\u00e9s de cinquanta anys, els assajos de Vivian Gornick, escrits amb la seva percepci\u00f3 il\u00b7luminadora i el seu estil prec\u00eds i directe, han explorat el feminisme i l\u2019escriptura, la literatura i la cultura, la pol\u00edtica i l\u2019experi\u00e8ncia personal. En aquesta tria de textos escrits al llarg de la seva carrera, Gornick explora amb ull cr\u00edtic i una prosa alhora l\u00facida i vibrant les vides i la literatura d\u2019escriptors com Philip Roth, Henry Miller<br \/> o Norman Mailer; d\u2019escriptores com Joan Didion, Paula Fox o Margaret Drabble; l\u2019impacte social del feminisme, i dels grups de presa de consci\u00e8ncia feminista, i la import\u00e0ncia d\u2019explicar i compartir hist\u00f2ries, ja sigui amb les clientes d\u2019una perruqueria de Manhattan o amb els membres del seu grup de lectura, amb qui fa anys que es reuneixen. Per\u00f2, per sobre de tot, Gornick explora el tema que vertebra tota la seva obra, i la seva manera de viure: que el proc\u00e9s d\u2019autoconeixement, dolor\u00f3s, \u00e9s el que ens lliga de deb\u00f2 a la vida, i al m\u00f3n que ens envolta.<\/p>\n<p> \u201cLlegir Vivian Gornick \u00e9s una experi\u00e8ncia apassionant, tonificant i provocadora\u201d, The Boston Sunday Globe<\/p>\n","protected":false},"excerpt":{"rendered":"<p>GORNICK, VIVIAN<\/p>\n","protected":false},"featured_media":1035651,"template":"","meta":{"_acf_changed":false,"om_disable_all_campaigns":false,"rs_blank_template":"","rs_page_bg_color":"","slide_template_v7":"","inline_featured_image":false,"_monsterinsights_skip_tracking":false,"_monsterinsights_sitenote_active":false,"_monsterinsights_sitenote_note":"","_monsterinsights_sitenote_category":0},"product_brand":[],"product_cat":[127,357],"product_tag":[],"class_list":{"0":"post-1023037","1":"product","2":"type-product","3":"status-publish","4":"has-post-thumbnail","6":"product_cat-novella-contemporania","7":"product_cat-novela-contemporanea","9":"first","10":"instock","11":"taxable","12":"shipping-taxable","13":"purchasable","14":"product-type-simple"},"acf":{"autor":"GORNICK, VIVIAN","codart":"138767219","libros-coleccion":"FORA DE COL.LECCI\u00d3","ediciones":"1","encuadernacion":"R\u00fastica","fecha_de_publicacion":"01\/05\/2025","novedad":"1","paginas":"136","subtitulo":"","orden":"0","portada":"0","idioma":"cat","booktrailer":"","resenas":"","editorial":[{"ID":8251,"post_author":"3","post_date":"2022-09-30 09:21:29","post_date_gmt":"2022-09-30 07:21:29","post_content":"","post_title":"L'ALTRA EDITORIAL","post_excerpt":"","post_status":"publish","comment_status":"closed","ping_status":"closed","post_password":"","post_name":"laltra-editorial-3","to_ping":"","pinged":"","post_modified":"2022-09-30 09:21:29","post_modified_gmt":"2022-09-30 07:21:29","post_content_filtered":"","post_parent":0,"guid":"http:\/\/dev.claret.cat\/editorial\/laltra-editorial-3\/","menu_order":0,"post_type":"editorial","post_mime_type":"","comment_count":"0","filter":"raw"}]},"aioseo_notices":[],"_links":{"self":[{"href":"https:\/\/www.claret.cat\/es\/wp-json\/wp\/v2\/product\/1023037","targetHints":{"allow":["GET"]}}],"collection":[{"href":"https:\/\/www.claret.cat\/es\/wp-json\/wp\/v2\/product"}],"about":[{"href":"https:\/\/www.claret.cat\/es\/wp-json\/wp\/v2\/types\/product"}],"wp:featuredmedia":[{"embeddable":true,"href":"https:\/\/www.claret.cat\/es\/wp-json\/wp\/v2\/media\/1035651"}],"wp:attachment":[{"href":"https:\/\/www.claret.cat\/es\/wp-json\/wp\/v2\/media?parent=1023037"}],"wp:term":[{"taxonomy":"product_brand","embeddable":true,"href":"https:\/\/www.claret.cat\/es\/wp-json\/wp\/v2\/product_brand?post=1023037"},{"taxonomy":"product_cat","embeddable":true,"href":"https:\/\/www.claret.cat\/es\/wp-json\/wp\/v2\/product_cat?post=1023037"},{"taxonomy":"product_tag","embeddable":true,"href":"https:\/\/www.claret.cat\/es\/wp-json\/wp\/v2\/product_tag?post=1023037"}],"curies":[{"name":"wp","href":"https:\/\/api.w.org\/{rel}","templated":true}]}}