{"id":102311,"date":"2022-10-12T08:19:15","date_gmt":"2022-10-12T06:19:15","guid":{"rendered":"http:\/\/dev.claret.cat\/producte\/una-manera-de-estar-en-el-mundo\/"},"modified":"2026-04-01T02:39:03","modified_gmt":"2026-04-01T00:39:03","slug":"una-manera-de-estar-en-el-mundo-9788427145580","status":"publish","type":"product","link":"https:\/\/www.claret.cat\/es\/libro\/una-manera-de-estar-en-el-mundo-9788427145580\/","title":{"rendered":"UNA MANERA DE ESTAR EN EL MUNDO"},"content":{"rendered":"<p>Los Ejercicios Espirituales de san Ignacio pueden ayudar mucho a la transformaci\u00f3n personal, asimilando las actitudes de Cristo, para descubrir la propia vocaci\u00f3n y empezar a vivir la vida al estilo de Jes\u00fas. <\/p>\n<p> Un comentario al libro de los Ejercicios, en estricta fidelidad a la mente de Ignacio de Loyola, pero desde la perspectiva del mundo y de la sociedad de hoy. Una relectura actual de los Ejercicios Espirituales muy necesaria.<\/p>\n","protected":false},"excerpt":{"rendered":"<p>RAMBLA BLANCH, JOSEP M.; SJ<\/p>\n","protected":false},"featured_media":332811,"template":"","meta":{"_acf_changed":false,"om_disable_all_campaigns":false,"rs_blank_template":"","rs_page_bg_color":"","slide_template_v7":"","inline_featured_image":false,"_monsterinsights_skip_tracking":false,"_monsterinsights_sitenote_active":false,"_monsterinsights_sitenote_note":"","_monsterinsights_sitenote_category":0},"product_brand":[],"product_cat":[244,494],"product_tag":[],"class_list":{"0":"post-102311","1":"product","2":"type-product","3":"status-publish","4":"has-post-thumbnail","6":"product_cat-ignaciana","7":"product_cat-ignaciana-espiritualidad-1_espiritualidad","9":"first","10":"instock","11":"taxable","12":"shipping-taxable","13":"purchasable","14":"product-type-simple"},"acf":{"editorial":[{"ID":8258,"post_author":"3","post_date":"2022-09-30 09:21:32","post_date_gmt":"2022-09-30 07:21:32","post_content":"","post_title":"MENSAJERO","post_excerpt":"","post_status":"publish","comment_status":"closed","ping_status":"closed","post_password":"","post_name":"mensajero","to_ping":"","pinged":"","post_modified":"2022-09-30 09:21:32","post_modified_gmt":"2022-09-30 07:21:32","post_content_filtered":"","post_parent":0,"guid":"http:\/\/dev.claret.cat\/editorial\/mensajero\/","menu_order":0,"post_type":"editorial","post_mime_type":"","comment_count":"0","filter":"raw"}],"autor":"RAMBLA BLANCH, JOSEP M.; SJ","codart":"842714558","libros-coleccion":"Espiritualidad","ediciones":"1","encuadernacion":"R\u00fastica","fecha_de_publicacion":"09\/11\/2020","novedad":"1","paginas":"400","subtitulo":"RELECTURA DE LOS EJERCICIOS ESPIRITUALES DE SAN IGNACIO DE LOYOLA","orden":"0","portada":"0","idioma":"spa","autores-libros":[{"ID":160721,"post_author":"3","post_date":"2022-10-14 15:55:21","post_date_gmt":"2022-10-14 13:55:21","post_content":"","post_title":"JOSEP M. RAMBLA BLANCH","post_excerpt":"","post_status":"publish","comment_status":"closed","ping_status":"closed","post_password":"","post_name":"josep-m-rambla-blanch","to_ping":"","pinged":"","post_modified":"2022-10-14 15:55:21","post_modified_gmt":"2022-10-14 13:55:21","post_content_filtered":"","post_parent":0,"guid":"http:\/\/dev.claret.cat\/autor\/josep-m-rambla-blanch\/","menu_order":0,"post_type":"autor","post_mime_type":"","comment_count":"0","filter":"raw"},{"ID":169599,"post_author":"3","post_date":"2022-10-14 22:28:31","post_date_gmt":"2022-10-14 20:28:31","post_content":"","post_title":"SJ","post_excerpt":"","post_status":"publish","comment_status":"closed","ping_status":"closed","post_password":"","post_name":"sj","to_ping":"","pinged":"","post_modified":"2022-10-14 22:28:31","post_modified_gmt":"2022-10-14 20:28:31","post_content_filtered":"","post_parent":0,"guid":"http:\/\/dev.claret.cat\/autor\/sj\/","menu_order":0,"post_type":"autor","post_mime_type":"","comment_count":"0","filter":"raw"}],"booktrailer":"","resenas":""},"aioseo_notices":[],"_links":{"self":[{"href":"https:\/\/www.claret.cat\/es\/wp-json\/wp\/v2\/product\/102311","targetHints":{"allow":["GET"]}}],"collection":[{"href":"https:\/\/www.claret.cat\/es\/wp-json\/wp\/v2\/product"}],"about":[{"href":"https:\/\/www.claret.cat\/es\/wp-json\/wp\/v2\/types\/product"}],"wp:featuredmedia":[{"embeddable":true,"href":"https:\/\/www.claret.cat\/es\/wp-json\/wp\/v2\/media\/332811"}],"wp:attachment":[{"href":"https:\/\/www.claret.cat\/es\/wp-json\/wp\/v2\/media?parent=102311"}],"wp:term":[{"taxonomy":"product_brand","embeddable":true,"href":"https:\/\/www.claret.cat\/es\/wp-json\/wp\/v2\/product_brand?post=102311"},{"taxonomy":"product_cat","embeddable":true,"href":"https:\/\/www.claret.cat\/es\/wp-json\/wp\/v2\/product_cat?post=102311"},{"taxonomy":"product_tag","embeddable":true,"href":"https:\/\/www.claret.cat\/es\/wp-json\/wp\/v2\/product_tag?post=102311"}],"curies":[{"name":"wp","href":"https:\/\/api.w.org\/{rel}","templated":true}]}}