{"id":1023486,"date":"2025-05-23T13:25:01","date_gmt":"2025-05-23T11:25:01","guid":{"rendered":"https:\/\/www.claret.cat\/llibre\/casa-de-munecas-9788410840812\/"},"modified":"2025-05-31T11:55:07","modified_gmt":"2025-05-31T09:55:07","slug":"casa-de-munecas-9788410840812","status":"publish","type":"product","link":"https:\/\/www.claret.cat\/es\/libro\/casa-de-munecas-9788410840812\/","title":{"rendered":"CASA DE MU\u00d1ECAS"},"content":{"rendered":"<p>Luc\u00eda es una mu\u00f1eca que vive en una preciosa casa con su familia. Como todas las mu\u00f1ecas, ella tambi\u00e9n cobra vida cuando los humanos no miran&#8230;Este precioso libro pop-up, con solapas para levantar, te revelar\u00e1 la vida secreta de las mu\u00f1ecas. \u00a1No es muy diferente de la tuya!<\/p>\n","protected":false},"excerpt":{"rendered":"<p>SUSAETA EDICIONES<\/p>\n","protected":false},"featured_media":1023619,"template":"","meta":{"_acf_changed":false,"om_disable_all_campaigns":false,"rs_blank_template":"","rs_page_bg_color":"","slide_template_v7":"","inline_featured_image":false,"_monsterinsights_skip_tracking":false,"_monsterinsights_sitenote_active":false,"_monsterinsights_sitenote_note":"","_monsterinsights_sitenote_category":0},"product_brand":[],"product_cat":[131,361,137,425],"product_tag":[],"class_list":{"0":"post-1023486","1":"product","2":"type-product","3":"status-publish","4":"has-post-thumbnail","6":"product_cat-contes-per-infants-0-6-anys","7":"product_cat-cuentos-para-ninos-0-6-anos","8":"product_cat-escola-de-pares-infantil","9":"product_cat-escuela-de-padres","11":"first","12":"instock","13":"taxable","14":"shipping-taxable","15":"purchasable","16":"product-type-simple"},"acf":{"autor":"SUSAETA EDICIONES","codart":"841084081","libros-coleccion":"FORA DE COL.LECCI\u00d3","ediciones":"1","encuadernacion":"Carton\u00e9","fecha_de_publicacion":"01\/05\/2025","novedad":"1","paginas":"45","subtitulo":"","orden":"0","portada":"0","idioma":"spa","booktrailer":"","resenas":"","editorial":[{"ID":148846,"post_author":"3","post_date":"2022-10-14 12:01:27","post_date_gmt":"2022-10-14 10:01:27","post_content":"","post_title":"SUSAETA EDICIONES","post_excerpt":"","post_status":"publish","comment_status":"closed","ping_status":"closed","post_password":"","post_name":"susaeta-ediciones","to_ping":"","pinged":"","post_modified":"2022-10-14 12:01:27","post_modified_gmt":"2022-10-14 10:01:27","post_content_filtered":"","post_parent":0,"guid":"http:\/\/dev.claret.cat\/editorial\/susaeta-ediciones\/","menu_order":0,"post_type":"editorial","post_mime_type":"","comment_count":"0","filter":"raw"}]},"aioseo_notices":[],"_links":{"self":[{"href":"https:\/\/www.claret.cat\/es\/wp-json\/wp\/v2\/product\/1023486","targetHints":{"allow":["GET"]}}],"collection":[{"href":"https:\/\/www.claret.cat\/es\/wp-json\/wp\/v2\/product"}],"about":[{"href":"https:\/\/www.claret.cat\/es\/wp-json\/wp\/v2\/types\/product"}],"wp:featuredmedia":[{"embeddable":true,"href":"https:\/\/www.claret.cat\/es\/wp-json\/wp\/v2\/media\/1023619"}],"wp:attachment":[{"href":"https:\/\/www.claret.cat\/es\/wp-json\/wp\/v2\/media?parent=1023486"}],"wp:term":[{"taxonomy":"product_brand","embeddable":true,"href":"https:\/\/www.claret.cat\/es\/wp-json\/wp\/v2\/product_brand?post=1023486"},{"taxonomy":"product_cat","embeddable":true,"href":"https:\/\/www.claret.cat\/es\/wp-json\/wp\/v2\/product_cat?post=1023486"},{"taxonomy":"product_tag","embeddable":true,"href":"https:\/\/www.claret.cat\/es\/wp-json\/wp\/v2\/product_tag?post=1023486"}],"curies":[{"name":"wp","href":"https:\/\/api.w.org\/{rel}","templated":true}]}}