{"id":1023511,"date":"2025-05-23T16:05:01","date_gmt":"2025-05-23T14:05:01","guid":{"rendered":"https:\/\/www.claret.cat\/llibre\/por-que-dios-permite-esto-9788410411319\/"},"modified":"2025-05-27T11:55:38","modified_gmt":"2025-05-27T09:55:38","slug":"por-que-dios-permite-esto-9788410411319","status":"publish","type":"product","link":"https:\/\/www.claret.cat\/es\/libro\/por-que-dios-permite-esto-9788410411319\/","title":{"rendered":"\u00bfPOR QU\u00c9 DIOS PERMITE ESTO?"},"content":{"rendered":"<p><em><strong>\u00bfPorqu\u00e9 Dios permite esto?<\/strong> <\/em>Todos hemos recurrido a la pregunta. Ya sea ante situaciones de enfermedad, pobreza, fracaso o injusticia, en alg\u00fan momento de la vida de toda persona el misterio del mal se hace patente, inquiriendo e incomodando, exigiendo una respuesta imposible para la raz\u00f3n.<\/p>\n<p>Tal fue el caso del padre <strong>Matthieu Dauchez<\/strong>, un sacerdote franc\u00e9s que, como seminarista, fue enviado a la Fundaci\u00f3n ANAK-Tnk, ubicada en Manila. En esta ciudad, muchos ni\u00f1os son abandonados en las calles, expuestos a la pobreza extrema y vulnerables a todo tipo de violencia. La misi\u00f3n de la fundaci\u00f3n es acogerles y ser un apoyo en las necesidades esenciales, que no son, o no s\u00f3lo, comida y algo de ropa, sino una familia, y lo que toda persona necesita por encima de todo: amar, y ser amado.<\/p>\n<p>El padre Matthieu nos comparte <strong>su mirada sobre los ni\u00f1os de la calle<\/strong>, y nos muestra lo mucho que sus vidas y su pobreza expl\u00edcita tienen que decir sobre la nuestra, quiz\u00e1s m\u00e1s discreta. Los que m\u00e1s sometidos est\u00e1n al mal nos ense\u00f1an, humildemente, con la sencillez de su alegr\u00eda, como \u00e9ste no<\/p>\n<p>puede ser explicado ni entendido, pero s\u00ed que debe ser respondido.<\/p>\n","protected":false},"excerpt":{"rendered":"<p>DAUCHEZ, MATTHIEU<\/p>\n","protected":false},"featured_media":1023524,"template":"","meta":{"_acf_changed":false,"om_disable_all_campaigns":false,"rs_blank_template":"","rs_page_bg_color":"","slide_template_v7":"","inline_featured_image":false,"_monsterinsights_skip_tracking":false,"_monsterinsights_sitenote_active":false,"_monsterinsights_sitenote_note":"","_monsterinsights_sitenote_category":0},"product_brand":[],"product_cat":[495,245],"product_tag":[],"class_list":{"0":"post-1023511","1":"product","2":"type-product","3":"status-publish","4":"has-post-thumbnail","6":"product_cat-diversa-espiritualidad-1_espiritualidad","7":"product_cat-diversa","9":"first","10":"instock","11":"taxable","12":"shipping-taxable","13":"purchasable","14":"product-type-simple"},"acf":{"autor":"DAUCHEZ, MATTHIEU","codart":"841041131","libros-coleccion":"","ediciones":"1","encuadernacion":"R\u00fastica","fecha_de_publicacion":"23\/05\/2025","novedad":"1","paginas":"192","subtitulo":"LOS NI\u00d1OS DE LA CALLE FRENTE A LA CUESTI\u00d3N DEL MAL","orden":"0","portada":"0","idioma":"spa","booktrailer":"","resenas":"","editorial":[{"ID":147681,"post_author":"3","post_date":"2022-10-14 11:52:26","post_date_gmt":"2022-10-14 09:52:26","post_content":"","post_title":"CTEA - CON TODA EL ALMA","post_excerpt":"","post_status":"publish","comment_status":"closed","ping_status":"closed","post_password":"","post_name":"ctea-con-toda-el-alma","to_ping":"","pinged":"","post_modified":"2022-10-14 11:52:26","post_modified_gmt":"2022-10-14 09:52:26","post_content_filtered":"","post_parent":0,"guid":"http:\/\/dev.claret.cat\/editorial\/ctea-con-toda-el-alma\/","menu_order":0,"post_type":"editorial","post_mime_type":"","comment_count":"0","filter":"raw"}],"autores-libros":"","traductores-libros":"","ilustradores-libros":"","formato":"","linkebook":"","precioebook":"","ebookportada":false,"ficha":"","muestra":"","presentacion":"","recomendamos":"","mas_vendido":""},"aioseo_notices":[],"_links":{"self":[{"href":"https:\/\/www.claret.cat\/es\/wp-json\/wp\/v2\/product\/1023511","targetHints":{"allow":["GET"]}}],"collection":[{"href":"https:\/\/www.claret.cat\/es\/wp-json\/wp\/v2\/product"}],"about":[{"href":"https:\/\/www.claret.cat\/es\/wp-json\/wp\/v2\/types\/product"}],"wp:featuredmedia":[{"embeddable":true,"href":"https:\/\/www.claret.cat\/es\/wp-json\/wp\/v2\/media\/1023524"}],"wp:attachment":[{"href":"https:\/\/www.claret.cat\/es\/wp-json\/wp\/v2\/media?parent=1023511"}],"wp:term":[{"taxonomy":"product_brand","embeddable":true,"href":"https:\/\/www.claret.cat\/es\/wp-json\/wp\/v2\/product_brand?post=1023511"},{"taxonomy":"product_cat","embeddable":true,"href":"https:\/\/www.claret.cat\/es\/wp-json\/wp\/v2\/product_cat?post=1023511"},{"taxonomy":"product_tag","embeddable":true,"href":"https:\/\/www.claret.cat\/es\/wp-json\/wp\/v2\/product_tag?post=1023511"}],"curies":[{"name":"wp","href":"https:\/\/api.w.org\/{rel}","templated":true}]}}