{"id":1023534,"date":"2025-05-23T19:20:01","date_gmt":"2025-05-23T17:20:01","guid":{"rendered":"https:\/\/www.claret.cat\/llibre\/sobre-la-conversion-cristiana-9788410023772\/"},"modified":"2026-03-20T16:15:20","modified_gmt":"2026-03-20T15:15:20","slug":"sobre-la-conversion-cristiana-9788410023772","status":"publish","type":"product","link":"https:\/\/www.claret.cat\/es\/libro\/sobre-la-conversion-cristiana-9788410023772\/","title":{"rendered":"SOBRE LA CONVERSI\u00d3N CRISTIANA"},"content":{"rendered":"<p>\u00abNo hay vida que no est\u00e9 atravesada por el dolor.<br \/> No hay vida que no est\u00e9 iluminada por el gozo\u00bb.<\/p>\n<p> Este doble misterio nos vuelve vulnerables. Podemos intentar mantenerlo alejado. Si, en cambio, entramos en \u00e9l para vivir en su interior, de la aparente contradicci\u00f3n puede surgir la armon\u00eda. Este es el argumento de este libro, escrito por un monje a partir de su propia experiencia.<br \/> Ser monje es buscar \u00abconvertirse, es decir, reorientarse, volver con determinaci\u00f3n, de la oscuridad a la luz, de la falsedad a la verdad, de los espejismos en la arena del desierto del oeste al Sol de Justicia que nace en Oriente con la salud en sus rayos\u00bb.<br \/> La vida del monje no es rara o extra\u00f1a. Es la b\u00fasqueda humana del sentido de la vida en su m\u00e1xima expresi\u00f3n, perseguida con determinaci\u00f3n.<br \/> El monje puede decir, con el antiguo adagio, \u00abnada de lo humano me es ajeno\u00bb. Persigue lo divino al tiempo que permanece arraigado en lo m\u00e1s profundo de su humanidad, buscando la plenitud.<br \/> Este libro ofrece un relato de esa b\u00fasqueda, y nos invita a unirnos a ella. Es a la vez exigente y gozoso. Es un testimonio del deleite del autor en la belleza y la verdad, que encuentra en lugares inesperados, con la vista hacia lo alto, hacia lo \u00fanico necesario.<\/p>\n","protected":false},"excerpt":{"rendered":"<p>VARDEN, ERIK<\/p>\n","protected":false},"featured_media":1091479,"template":"","meta":{"_acf_changed":false,"om_disable_all_campaigns":false,"rs_blank_template":"","rs_page_bg_color":"","slide_template_v7":"","inline_featured_image":false,"_monsterinsights_skip_tracking":false,"_monsterinsights_sitenote_active":false,"_monsterinsights_sitenote_note":"","_monsterinsights_sitenote_category":0},"product_brand":[],"product_cat":[92,542],"product_tag":[],"class_list":{"0":"post-1023534","1":"product","2":"type-product","3":"status-publish","4":"has-post-thumbnail","6":"product_cat-vida-religiosa","7":"product_cat-vida-religiosa-1_espiritualidad-spa","9":"first","10":"outofstock","11":"taxable","12":"shipping-taxable","13":"purchasable","14":"product-type-simple"},"acf":{"autor":"VARDEN, ERIK","codart":"841002377","libros-coleccion":"Biblioteca Cisterciense","ediciones":"1","encuadernacion":"R\u00fastica","fecha_de_publicacion":"01\/01\/2025","novedad":"1","paginas":"318","subtitulo":"ENTRAR EN EL DOBLE MISTERIO","orden":"0","portada":"0","idioma":"spa","booktrailer":"","resenas":"","editorial":[{"ID":6309,"post_author":"3","post_date":"2022-07-28 17:49:25","post_date_gmt":"2022-07-28 15:49:25","post_content":"","post_title":"Monte Carmelo","post_excerpt":"","post_status":"publish","comment_status":"closed","ping_status":"closed","post_password":"","post_name":"monte-carmelo","to_ping":"","pinged":"","post_modified":"2022-07-28 17:49:25","post_modified_gmt":"2022-07-28 15:49:25","post_content_filtered":"","post_parent":0,"guid":"http:\/\/dev.claret.cat\/editorial\/monte-carmelo\/","menu_order":0,"post_type":"editorial","post_mime_type":"","comment_count":"0","filter":"raw"}],"autores-libros":"","traductores-libros":"","ilustradores-libros":"","formato":"","linkebook":"","precioebook":"","ebookportada":false,"ficha":"","muestra":"","presentacion":"","recomendamos":"","mas_vendido":""},"aioseo_notices":[],"_links":{"self":[{"href":"https:\/\/www.claret.cat\/es\/wp-json\/wp\/v2\/product\/1023534","targetHints":{"allow":["GET"]}}],"collection":[{"href":"https:\/\/www.claret.cat\/es\/wp-json\/wp\/v2\/product"}],"about":[{"href":"https:\/\/www.claret.cat\/es\/wp-json\/wp\/v2\/types\/product"}],"wp:featuredmedia":[{"embeddable":true,"href":"https:\/\/www.claret.cat\/es\/wp-json\/wp\/v2\/media\/1091479"}],"wp:attachment":[{"href":"https:\/\/www.claret.cat\/es\/wp-json\/wp\/v2\/media?parent=1023534"}],"wp:term":[{"taxonomy":"product_brand","embeddable":true,"href":"https:\/\/www.claret.cat\/es\/wp-json\/wp\/v2\/product_brand?post=1023534"},{"taxonomy":"product_cat","embeddable":true,"href":"https:\/\/www.claret.cat\/es\/wp-json\/wp\/v2\/product_cat?post=1023534"},{"taxonomy":"product_tag","embeddable":true,"href":"https:\/\/www.claret.cat\/es\/wp-json\/wp\/v2\/product_tag?post=1023534"}],"curies":[{"name":"wp","href":"https:\/\/api.w.org\/{rel}","templated":true}]}}