{"id":1023806,"date":"2025-05-27T13:21:00","date_gmt":"2025-05-27T11:21:00","guid":{"rendered":"https:\/\/www.claret.cat\/llibre\/rumbo-a-3o-9788469869109\/"},"modified":"2025-07-14T20:00:17","modified_gmt":"2025-07-14T18:00:17","slug":"rumbo-a-3o-9788469869109","status":"publish","type":"product","link":"https:\/\/www.claret.cat\/es\/libro\/rumbo-a-3o-9788469869109\/","title":{"rendered":"RUMBO A&#8230; 3\u00ba."},"content":{"rendered":"<p>Refresca lo que has aprendido en 2.\u00ba y acompa\u00f1a a Alba y a Lucas en su viaje por el norte de \u00c1frica, a trav\u00e9s de pa\u00edses como Marruecos y Egipto, descubriendo c\u00f3mo es la vida en el desierto, mientras te preparas para 3.\u00ba de Primaria con este cuaderno organizado por materias que, adem\u00e1s, incluye un c\u00f3digo para acceder gratuitamente a una aplicaci\u00f3n educativa para aprender matem\u00e1ticas, lengua o l\u00f3gica de una manera divertida.<\/p>\n","protected":false},"excerpt":{"rendered":"<p>MONTERO DOM\u00cdNGUEZ, DIEGO \/ VILA ROSAS, JAUME \/ ORT\u00cd CLIMENT, MERC\u00c8<\/p>\n","protected":false},"featured_media":1024040,"template":"","meta":{"_acf_changed":false,"om_disable_all_campaigns":false,"rs_blank_template":"","rs_page_bg_color":"","slide_template_v7":"","inline_featured_image":false,"_monsterinsights_skip_tracking":false,"_monsterinsights_sitenote_active":false,"_monsterinsights_sitenote_note":"","_monsterinsights_sitenote_category":0},"product_brand":[],"product_cat":[132,333,362,122],"product_tag":[],"class_list":{"0":"post-1023806","1":"product","2":"type-product","3":"status-publish","4":"has-post-thumbnail","6":"product_cat-lectures-per-preadolescents-6-12-anys","7":"product_cat-cuadernos-de-vacaciones","8":"product_cat-libros-preadolescentes-6-12-anos","9":"product_cat-quaderns-de-vacances","11":"first","12":"instock","13":"taxable","14":"shipping-taxable","15":"purchasable","16":"product-type-simple"},"acf":{"autor":"MONTERO DOM\u00cdNGUEZ, DIEGO \/ VILA ROSAS, JAUME \/ ORT\u00cd CLIMENT, MERC\u00c8","codart":"846986910","libros-coleccion":"FORA DE COL.LECCI\u00d3","ediciones":"1","encuadernacion":"R\u00fastica","fecha_de_publicacion":"01\/04\/2020","novedad":"1","paginas":"0","subtitulo":"","orden":"0","portada":"0","idioma":"spa","booktrailer":"","resenas":"","editorial":[{"ID":147432,"post_author":"3","post_date":"2022-10-14 11:50:32","post_date_gmt":"2022-10-14 09:50:32","post_content":"","post_title":"ANAYA EDUCACI\u00d3N","post_excerpt":"","post_status":"publish","comment_status":"closed","ping_status":"closed","post_password":"","post_name":"anaya-educacion","to_ping":"","pinged":"","post_modified":"2022-10-14 11:50:32","post_modified_gmt":"2022-10-14 09:50:32","post_content_filtered":"","post_parent":0,"guid":"http:\/\/dev.claret.cat\/editorial\/anaya-educacion\/","menu_order":0,"post_type":"editorial","post_mime_type":"","comment_count":"0","filter":"raw"}]},"aioseo_notices":[],"_links":{"self":[{"href":"https:\/\/www.claret.cat\/es\/wp-json\/wp\/v2\/product\/1023806","targetHints":{"allow":["GET"]}}],"collection":[{"href":"https:\/\/www.claret.cat\/es\/wp-json\/wp\/v2\/product"}],"about":[{"href":"https:\/\/www.claret.cat\/es\/wp-json\/wp\/v2\/types\/product"}],"wp:featuredmedia":[{"embeddable":true,"href":"https:\/\/www.claret.cat\/es\/wp-json\/wp\/v2\/media\/1024040"}],"wp:attachment":[{"href":"https:\/\/www.claret.cat\/es\/wp-json\/wp\/v2\/media?parent=1023806"}],"wp:term":[{"taxonomy":"product_brand","embeddable":true,"href":"https:\/\/www.claret.cat\/es\/wp-json\/wp\/v2\/product_brand?post=1023806"},{"taxonomy":"product_cat","embeddable":true,"href":"https:\/\/www.claret.cat\/es\/wp-json\/wp\/v2\/product_cat?post=1023806"},{"taxonomy":"product_tag","embeddable":true,"href":"https:\/\/www.claret.cat\/es\/wp-json\/wp\/v2\/product_tag?post=1023806"}],"curies":[{"name":"wp","href":"https:\/\/api.w.org\/{rel}","templated":true}]}}