{"id":1023827,"date":"2025-05-27T13:30:02","date_gmt":"2025-05-27T11:30:02","guid":{"rendered":"https:\/\/www.claret.cat\/llibre\/cacamisteris-de-llegendes-1-el-monstre-del-llac-ness-9788410190818\/"},"modified":"2026-04-07T18:50:06","modified_gmt":"2026-04-07T16:50:06","slug":"cacamisteris-de-llegendes-1-el-monstre-del-llac-ness-9788410190818","status":"publish","type":"product","link":"https:\/\/www.claret.cat\/es\/libro\/cacamisteris-de-llegendes-1-el-monstre-del-llac-ness-9788410190818\/","title":{"rendered":"CA\u00c7AMISTERIS DE LLEGENDES 1 &#8211; EL MONSTRE DEL LLAC NESS"},"content":{"rendered":"<p>El club de detectius m\u00e9s fam\u00f3s del m\u00f3n et necessita\u2026 L Ulisses, la Nora i el Bruno s\u00f3n els Ca\u00e7amisteris: tres germans experts a resoldre casos. Quan un dia reben la carta d un alcalde d&#8221;Esc\u00f2cia comen\u00e7a una nova investigaci\u00f3! Pista 1: Fa una setmana va desapar\u00e8ixer un vaixell de turistes al llac Ness.<br \/>Pista 2: A la riba del llac hi ha una empremta estrany\u00edssima.<br \/>Pista 3: Els periodistes creuen que hi podria haver un monstre. Per\u00f2 aix\u00f2 voldria dir que existeix el monstre del llac Ness?! Per sort, aquesta vegada tenen un nou membre a l&#8221;equip per ajudar-los a resoldre el misteri sobre aquesta llegenda incre\u00efble: tu! Amb enigmes a cada cap\u00edtol!  Una s\u00e8rie ideal per a nens i nenes que comencen a llegir sols, amb cap\u00edtols curts, moltes il\u00b7lustracions i trames senzilles.  Interiors a tot color amb il\u00b7lustracions i vinyetes de c\u00f2mic molt expressives i vistoses perqu\u00e8 llegir sigui m\u00e9s f\u00e0cil que mai.  Cada hist\u00f2ria planteja un nou cas per resoldre; es poden llegir de manera independent.  Amb enigmes al final de cada cap\u00edtol que els petits lectors hauran de resoldre per fer avan\u00e7ar la hist\u00f2ria.<\/p>\n","protected":false},"excerpt":{"rendered":"<p>GARC\u00cdA-ROJO, PATRICIA<\/p>\n","protected":false},"featured_media":1024157,"template":"","meta":{"_acf_changed":false,"om_disable_all_campaigns":false,"rs_blank_template":"","rs_page_bg_color":"","slide_template_v7":"","inline_featured_image":false,"_monsterinsights_skip_tracking":false,"_monsterinsights_sitenote_active":false,"_monsterinsights_sitenote_note":"","_monsterinsights_sitenote_category":0},"product_brand":[],"product_cat":[132,362],"product_tag":[],"class_list":{"0":"post-1023827","1":"product","2":"type-product","3":"status-publish","4":"has-post-thumbnail","6":"product_cat-lectures-per-preadolescents-6-12-anys","7":"product_cat-libros-preadolescentes-6-12-anos","9":"first","10":"instock","11":"taxable","12":"shipping-taxable","13":"purchasable","14":"product-type-simple"},"acf":{"autor":"GARC\u00cdA-ROJO, PATRICIA","codart":"841019081","libros-coleccion":"","ediciones":"1","encuadernacion":"Carton\u00e9","fecha_de_publicacion":"01\/05\/2025","novedad":"1","paginas":"123","subtitulo":"","orden":"0","portada":"0","idioma":"cat","booktrailer":"","resenas":"","editorial":[{"ID":6118,"post_author":"3","post_date":"2022-07-28 17:45:17","post_date_gmt":"2022-07-28 15:45:17","post_content":"","post_title":"ALFAGUARA","post_excerpt":"","post_status":"publish","comment_status":"closed","ping_status":"closed","post_password":"","post_name":"alfaguara","to_ping":"","pinged":"","post_modified":"2022-07-28 17:45:17","post_modified_gmt":"2022-07-28 15:45:17","post_content_filtered":"","post_parent":0,"guid":"http:\/\/dev.claret.cat\/editorial\/alfaguara\/","menu_order":0,"post_type":"editorial","post_mime_type":"","comment_count":"0","filter":"raw"}]},"aioseo_notices":[],"_links":{"self":[{"href":"https:\/\/www.claret.cat\/es\/wp-json\/wp\/v2\/product\/1023827","targetHints":{"allow":["GET"]}}],"collection":[{"href":"https:\/\/www.claret.cat\/es\/wp-json\/wp\/v2\/product"}],"about":[{"href":"https:\/\/www.claret.cat\/es\/wp-json\/wp\/v2\/types\/product"}],"wp:featuredmedia":[{"embeddable":true,"href":"https:\/\/www.claret.cat\/es\/wp-json\/wp\/v2\/media\/1024157"}],"wp:attachment":[{"href":"https:\/\/www.claret.cat\/es\/wp-json\/wp\/v2\/media?parent=1023827"}],"wp:term":[{"taxonomy":"product_brand","embeddable":true,"href":"https:\/\/www.claret.cat\/es\/wp-json\/wp\/v2\/product_brand?post=1023827"},{"taxonomy":"product_cat","embeddable":true,"href":"https:\/\/www.claret.cat\/es\/wp-json\/wp\/v2\/product_cat?post=1023827"},{"taxonomy":"product_tag","embeddable":true,"href":"https:\/\/www.claret.cat\/es\/wp-json\/wp\/v2\/product_tag?post=1023827"}],"curies":[{"name":"wp","href":"https:\/\/api.w.org\/{rel}","templated":true}]}}